{"id":28241,"date":"2019-11-12T14:28:22","date_gmt":"2019-11-12T14:28:22","guid":{"rendered":"https:\/\/modrastijena.com\/hr\/proizvod\/bengal-black\/"},"modified":"2024-05-19T10:18:36","modified_gmt":"2024-05-19T10:18:36","slug":"bengal-black","status":"publish","type":"product","link":"https:\/\/modrastijena.com\/hr\/proizvod\/bengal-black\/","title":{"rendered":"Bengal Black"},"content":{"rendered":"<p>Bengal Black je crni granit koji po sebi ima sitne svjetlucave bijele granule ili srebrnaste minerale. Jedan je od ja\u010dih granita zbog \u010dega se \u010desto i koristi. Podrijetlom je iz Indije.<\/p>\n<p><strong>Va\u017eno je znati<\/strong><\/p>\n<p>Nijedan materijal nije potpuno otporan na ogrebotine ili upijanje pa se kod granita kao i kod svih ostalih materijala preporu\u010duje oprezno rukovanje.<\/p>\n<p><b>Napomena:<\/b><br \/>\nKamen je prirodan materijal i svaka kamena plo\u010da je unikatna, stoga preporu\u010dujemo da vidite uzorak kamena u jednoj od na\u0161ih poslovnica. Fotografije ne moraju nu\u017eno u potpunosti odgovarati stvarnom izgledu proizvoda. Provjerite dostupnost u prodajnim salonima Modre Stijene.<\/p>\n","protected":false},"excerpt":{"rendered":"<p>Bengal Black je crni granit koji po sebi ima sitne svjetlucave bijele granule ili srebrnaste minerale. Jedan je od ja\u010dih granita zbog \u010dega se \u010desto i koristi. Podrijetlom je iz Indije. Va\u017eno je znati Nijedan materijal nije potpuno otporan na ogrebotine ili upijanje pa se kod granita kao i kod svih ostalih materijala preporu\u010duje oprezno [&hellip;]<\/p>\n","protected":false},"featured_media":1000000972,"template":"","meta":{"_acf_changed":false},"product_brand":[722],"product_oblik":[],"product_cat":[22,23],"product_tag":[229,25,26,29,31,32,33,34,35,36,40],"class_list":{"0":"post-28241","1":"product","2":"type-product","3":"status-publish","4":"has-post-thumbnail","6":"product_brand-eu-proizvodnja","7":"product_cat-kamen","8":"product_cat-graniti","9":"product_tag-crni-granit","10":"product_tag-granit","11":"product_tag-grobnica","12":"product_tag-klupice","13":"product_tag-pod","14":"product_tag-pragovi","15":"product_tag-prirodni-kamen","16":"product_tag-radna-ploca","17":"product_tag-sank","18":"product_tag-stepenice","19":"product_tag-zid","21":"first","22":"instock","23":"shipping-taxable","24":"product-type-simple"},"acf":[],"_links":{"self":[{"href":"https:\/\/modrastijena.com\/hr\/wp-json\/wp\/v2\/product\/28241","targetHints":{"allow":["GET"]}}],"collection":[{"href":"https:\/\/modrastijena.com\/hr\/wp-json\/wp\/v2\/product"}],"about":[{"href":"https:\/\/modrastijena.com\/hr\/wp-json\/wp\/v2\/types\/product"}],"wp:featuredmedia":[{"embeddable":true,"href":"https:\/\/modrastijena.com\/hr\/wp-json\/"}],"wp:attachment":[{"href":"https:\/\/modrastijena.com\/hr\/wp-json\/wp\/v2\/media?parent=28241"}],"wp:term":[{"taxonomy":"product_brand","embeddable":true,"href":"https:\/\/modrastijena.com\/hr\/wp-json\/wp\/v2\/product_brand?post=28241"},{"taxonomy":"product_oblik","embeddable":true,"href":"https:\/\/modrastijena.com\/hr\/wp-json\/wp\/v2\/product_oblik?post=28241"},{"taxonomy":"product_cat","embeddable":true,"href":"https:\/\/modrastijena.com\/hr\/wp-json\/wp\/v2\/product_cat?post=28241"},{"taxonomy":"product_tag","embeddable":true,"href":"https:\/\/modrastijena.com\/hr\/wp-json\/wp\/v2\/product_tag?post=28241"}],"curies":[{"name":"wp","href":"https:\/\/api.w.org\/{rel}","templated":true}]}}