{"id":28203,"date":"2019-11-14T12:53:45","date_gmt":"2019-11-14T12:53:45","guid":{"rendered":"https:\/\/modrastijena.com\/hr\/proizvod\/stain-repellent-w\/"},"modified":"2026-04-16T08:11:37","modified_gmt":"2026-04-16T08:11:37","slug":"stain-repellent-w","status":"publish","type":"product","link":"https:\/\/modrastijena.com\/hr\/proizvod\/stain-repellent-w\/","title":{"rendered":"Stain Repellent W &#8211; za\u0161tita za kamen"},"content":{"rendered":"<p>Impregnacija na bazi otopine u vodi, sigurna u kontaktu s hranom (certifikat vanjskog Njema\u010dkog test instituta). Zapo\u010dinje sa za\u0161titnim efektom (20\u02daC) ve\u0107 nakon 1-2 h.<\/p>\n<p><strong>UPOTREBA:<\/strong> Specijalna impregnacija koja odbija vodu, ulja i masti. Koristi se za za\u0161titu podova, kuhinjskih plo\u010da i radnih povr\u0161ina od prirodnih i umjetnih apsorbiraju\u0107ih materijala. Za unutra i vani. Sprje\u010dava kamen da upija mrlje ili \u010dini te mrlje lako uklonjivima, a istodobno omogu\u0107avaju\u0107i kamenu da di\u0161e. Proizvod je bez otapala te ima blag miris pa se mo\u017ee koristiti i unutra u sobama koje su ve\u0107 u upotrebi. Odli\u010dan za povr\u0161ine koje su pomalo vla\u017ene, nisu potpuno suhe jer je i proizvod na bazi vode.<\/p>\n<p><strong>NA\u010cIN KORI\u0160TENJA<\/strong>: Proizvod nanijeti na materijal koji se \u017eeli za\u0161tititi (povr\u0161ina treba biti suha i \u010dista). Nakon 20-30 minuta ukloniti vi\u0161ak proizvoda s kamena. Ako je materijal veoma porozan, ponoviti postupak. Ostaviti 24 h da se su\u0161i a da se pritom ne hoda po povr\u0161ini.<\/p>\n<p><strong>DOSTATNOST <\/strong>:\u00a0 1 L = 10-20 m2<\/p>\n","protected":false},"excerpt":{"rendered":"<p>Impregnacija na bazi otopine u vodi, sigurna u kontaktu s hranom (certifikat vanjskog Njema\u010dkog test instituta). Zapo\u010dinje sa za\u0161titnim efektom (20\u02daC) ve\u0107 nakon 1-2 h. UPOTREBA: Specijalna impregnacija koja odbija vodu, ulja i masti. Koristi se za za\u0161titu podova, kuhinjskih plo\u010da i radnih povr\u0161ina od prirodnih i umjetnih apsorbiraju\u0107ih materijala. Za unutra i vani. Sprje\u010dava [&hellip;]<\/p>\n","protected":false},"featured_media":1000000982,"template":"","meta":{"_acf_changed":false},"product_brand":[725],"product_oblik":[],"product_cat":[62,88],"product_tag":[],"class_list":{"0":"post-28203","1":"product","2":"type-product","3":"status-publish","4":"has-post-thumbnail","6":"product_brand-akemi","7":"product_cat-ostalo","8":"product_cat-sredstva-za-odrzavanje","10":"first","11":"outofstock","12":"shipping-taxable","13":"purchasable","14":"product-type-simple"},"acf":[],"_links":{"self":[{"href":"https:\/\/modrastijena.com\/hr\/wp-json\/wp\/v2\/product\/28203","targetHints":{"allow":["GET"]}}],"collection":[{"href":"https:\/\/modrastijena.com\/hr\/wp-json\/wp\/v2\/product"}],"about":[{"href":"https:\/\/modrastijena.com\/hr\/wp-json\/wp\/v2\/types\/product"}],"wp:featuredmedia":[{"embeddable":true,"href":"https:\/\/modrastijena.com\/hr\/wp-json\/"}],"wp:attachment":[{"href":"https:\/\/modrastijena.com\/hr\/wp-json\/wp\/v2\/media?parent=28203"}],"wp:term":[{"taxonomy":"product_brand","embeddable":true,"href":"https:\/\/modrastijena.com\/hr\/wp-json\/wp\/v2\/product_brand?post=28203"},{"taxonomy":"product_oblik","embeddable":true,"href":"https:\/\/modrastijena.com\/hr\/wp-json\/wp\/v2\/product_oblik?post=28203"},{"taxonomy":"product_cat","embeddable":true,"href":"https:\/\/modrastijena.com\/hr\/wp-json\/wp\/v2\/product_cat?post=28203"},{"taxonomy":"product_tag","embeddable":true,"href":"https:\/\/modrastijena.com\/hr\/wp-json\/wp\/v2\/product_tag?post=28203"}],"curies":[{"name":"wp","href":"https:\/\/api.w.org\/{rel}","templated":true}]}}