{"id":28198,"date":"2019-11-14T13:33:13","date_gmt":"2019-11-14T13:33:13","guid":{"rendered":"https:\/\/modrastijena.com\/hr\/proizvod\/darkener-super\/"},"modified":"2025-01-24T12:32:59","modified_gmt":"2025-01-24T12:32:59","slug":"darkener-super","status":"publish","type":"product","link":"https:\/\/modrastijena.com\/hr\/proizvod\/darkener-super\/","title":{"rendered":"Darkener Super &#8211; za\u0161tita za kamen"},"content":{"rendered":"<p>Impregnacija koja poja\u010dava boju izuzetno dobro. Zapo\u010dinje sa za\u0161titnim efektom (20\u02daC) nakon 24-48 h.<\/p>\n<p><strong>UPOTREBA<\/strong>: Proizvod otporan na vrijeme s dugotrajnom za\u0161titom za unutra i vani. Posebno pogodan za\u00a0 poja\u010davanje i osvje\u017eavanje boje tamnih i crnih materijala, polirane povr\u0161ine. Daje povr\u0161ini homogen i ujedna\u010den izgled.<\/p>\n<p><strong>NA\u010cIN KORI\u0160TENJA<\/strong>:\u00a0 Proizvod nanijeti na materijal koji se \u017eeli za\u0161tititi (povr\u0161ina treba biti suha i \u010dista). Nakon 20-30 minuta ukloniti vi\u0161ak proizvoda s kamena. Ako je materijal veoma porozan, ponoviti postupak. Ostaviti 24 h da se su\u0161i a da se pritom ne hoda po povr\u0161ini.<\/p>\n<p><strong>DOSTATNOST<\/strong> :\u00a0 1 l = 10-20 m2 ovisno o strukturi povr\u0161ine<\/p>\n<p>0,25 l = 3-4 m2 ovisno o strukturi povr\u0161ine<\/p>\n","protected":false},"excerpt":{"rendered":"<p>Impregnacija koja poja\u010dava boju izuzetno dobro. Zapo\u010dinje sa za\u0161titnim efektom (20\u02daC) nakon 24-48 h. UPOTREBA: Proizvod otporan na vrijeme s dugotrajnom za\u0161titom za unutra i vani. Posebno pogodan za\u00a0 poja\u010davanje i osvje\u017eavanje boje tamnih i crnih materijala, polirane povr\u0161ine. Daje povr\u0161ini homogen i ujedna\u010den izgled. NA\u010cIN KORI\u0160TENJA:\u00a0 Proizvod nanijeti na materijal koji se \u017eeli za\u0161tititi [&hellip;]<\/p>\n","protected":false},"featured_media":1000000988,"template":"","meta":{"_acf_changed":false},"product_brand":[725],"product_oblik":[],"product_cat":[62,88],"product_tag":[245,246],"class_list":{"0":"post-28198","1":"product","2":"type-product","3":"status-publish","4":"has-post-thumbnail","6":"product_brand-akemi","7":"product_cat-ostalo","8":"product_cat-sredstva-za-odrzavanje","9":"product_tag-potamnjivanje-kamena","10":"product_tag-sredstvo-za-kamen","12":"first","13":"instock","14":"shipping-taxable","15":"purchasable","16":"product-type-variable","17":"wvs-archive-product-wrapper"},"acf":[],"_links":{"self":[{"href":"https:\/\/modrastijena.com\/hr\/wp-json\/wp\/v2\/product\/28198","targetHints":{"allow":["GET"]}}],"collection":[{"href":"https:\/\/modrastijena.com\/hr\/wp-json\/wp\/v2\/product"}],"about":[{"href":"https:\/\/modrastijena.com\/hr\/wp-json\/wp\/v2\/types\/product"}],"wp:featuredmedia":[{"embeddable":true,"href":"https:\/\/modrastijena.com\/hr\/wp-json\/"}],"wp:attachment":[{"href":"https:\/\/modrastijena.com\/hr\/wp-json\/wp\/v2\/media?parent=28198"}],"wp:term":[{"taxonomy":"product_brand","embeddable":true,"href":"https:\/\/modrastijena.com\/hr\/wp-json\/wp\/v2\/product_brand?post=28198"},{"taxonomy":"product_oblik","embeddable":true,"href":"https:\/\/modrastijena.com\/hr\/wp-json\/wp\/v2\/product_oblik?post=28198"},{"taxonomy":"product_cat","embeddable":true,"href":"https:\/\/modrastijena.com\/hr\/wp-json\/wp\/v2\/product_cat?post=28198"},{"taxonomy":"product_tag","embeddable":true,"href":"https:\/\/modrastijena.com\/hr\/wp-json\/wp\/v2\/product_tag?post=28198"}],"curies":[{"name":"wp","href":"https:\/\/api.w.org\/{rel}","templated":true}]}}