{"id":28194,"date":"2019-11-14T13:40:56","date_gmt":"2019-11-14T13:40:56","guid":{"rendered":"https:\/\/modrastijena.com\/hr\/proizvod\/transformer\/"},"modified":"2026-04-16T07:38:31","modified_gmt":"2026-04-16T07:38:31","slug":"transformer","status":"publish","type":"product","link":"https:\/\/modrastijena.com\/hr\/proizvod\/transformer\/","title":{"rendered":"Transformer &#8211; za\u0161tita za kamen, brzo potamnjivanje kamena"},"content":{"rendered":"<p>Impregnacija s ekstremno jakim i brzim u\u010dinkom poja\u010davanja i osvje\u017eavanja boje. Zapo\u010dinje sa za\u0161titnim efektom (20\u02daC) ve\u0107 nakon 5-10 min.<\/p>\n<p><strong>UPOTREBA:<\/strong> Proizvod otporan na vrijeme s dugotrajnom za\u0161titom za unutra i vani. Posebno pogodan za tamne i crne materijale te za uskla\u0111ivanje boje tretiranih rubnih dijelova s povr\u0161inom. Za \u010detkane, paljene i polirane povr\u0161ine prirodnih i umjetnih materijala.<\/p>\n<p><strong>NA\u010cIN KORI\u0160TENJA<\/strong>: Proizvod nanijeti na materijal koji se \u017eeli za\u0161tititi (povr\u0161ina treba biti suha i \u010dista). Nakon 20-30 minuta ukloniti vi\u0161ak proizvoda s kamena. Ako je materijal veoma porozan, ponoviti postupak. Ostaviti 24 h da se su\u0161i a da se pritom ne hoda po povr\u0161ini.<\/p>\n<p><strong>DOSTATNOST <\/strong>:\u00a0 1 L = 20-25 m2 ovisno o strukturi povr\u0161ine.<\/p>\n","protected":false},"excerpt":{"rendered":"<p>Impregnacija s ekstremno jakim i brzim u\u010dinkom poja\u010davanja i osvje\u017eavanja boje. Zapo\u010dinje sa za\u0161titnim efektom (20\u02daC) ve\u0107 nakon 5-10 min. UPOTREBA: Proizvod otporan na vrijeme s dugotrajnom za\u0161titom za unutra i vani. Posebno pogodan za tamne i crne materijale te za uskla\u0111ivanje boje tretiranih rubnih dijelova s povr\u0161inom. Za \u010detkane, paljene i polirane povr\u0161ine prirodnih [&hellip;]<\/p>\n","protected":false},"featured_media":1000000990,"template":"","meta":{"_acf_changed":false},"product_brand":[725],"product_oblik":[],"product_cat":[62,88],"product_tag":[91],"class_list":{"0":"post-28194","1":"product","2":"type-product","3":"status-publish","4":"has-post-thumbnail","6":"product_brand-akemi","7":"product_cat-ostalo","8":"product_cat-sredstva-za-odrzavanje","9":"product_tag-zastita-za-kamen","11":"first","12":"instock","13":"shipping-taxable","14":"purchasable","15":"product-type-variable","16":"wvs-archive-product-wrapper"},"acf":[],"_links":{"self":[{"href":"https:\/\/modrastijena.com\/hr\/wp-json\/wp\/v2\/product\/28194","targetHints":{"allow":["GET"]}}],"collection":[{"href":"https:\/\/modrastijena.com\/hr\/wp-json\/wp\/v2\/product"}],"about":[{"href":"https:\/\/modrastijena.com\/hr\/wp-json\/wp\/v2\/types\/product"}],"wp:featuredmedia":[{"embeddable":true,"href":"https:\/\/modrastijena.com\/hr\/wp-json\/"}],"wp:attachment":[{"href":"https:\/\/modrastijena.com\/hr\/wp-json\/wp\/v2\/media?parent=28194"}],"wp:term":[{"taxonomy":"product_brand","embeddable":true,"href":"https:\/\/modrastijena.com\/hr\/wp-json\/wp\/v2\/product_brand?post=28194"},{"taxonomy":"product_oblik","embeddable":true,"href":"https:\/\/modrastijena.com\/hr\/wp-json\/wp\/v2\/product_oblik?post=28194"},{"taxonomy":"product_cat","embeddable":true,"href":"https:\/\/modrastijena.com\/hr\/wp-json\/wp\/v2\/product_cat?post=28194"},{"taxonomy":"product_tag","embeddable":true,"href":"https:\/\/modrastijena.com\/hr\/wp-json\/wp\/v2\/product_tag?post=28194"}],"curies":[{"name":"wp","href":"https:\/\/api.w.org\/{rel}","templated":true}]}}