{"id":28193,"date":"2019-11-14T13:54:27","date_gmt":"2019-11-14T13:54:27","guid":{"rendered":"https:\/\/modrastijena.com\/hr\/proizvod\/rust-remover\/"},"modified":"2025-01-24T12:56:54","modified_gmt":"2025-01-24T12:56:54","slug":"rust-remover","status":"publish","type":"product","link":"https:\/\/modrastijena.com\/hr\/proizvod\/rust-remover\/","title":{"rendered":"Rust Remover, 1L &#8211; sredstvo za \u010di\u0161\u0107enje"},"content":{"rendered":"<p>Koncentrirano sredstvo za \u010di\u0161\u0107enje, kiselo, bez klorovodi\u010dne kiseline, tenzidi lako biorazgradivi.<br \/>\nOmogu\u0107uje jednostavno uklanjanje hr\u0111e i mrlja od hr\u0111e s prirodnog i umjetnog kamena otpornog na kiseline. Osim toga, hr\u0111avi metalni segmenti u prirodnom kamenu (granitu) automatski se transformiraju s dugotrajnim za\u0161titnim u\u010dinkom. Nije prikladan za vapnenac i drugi prirodni kamen koji nije otporan na kiseline!<\/p>\n","protected":false},"excerpt":{"rendered":"<p>Koncentrirano sredstvo za \u010di\u0161\u0107enje, kiselo, bez klorovodi\u010dne kiseline, tenzidi lako biorazgradivi. Omogu\u0107uje jednostavno uklanjanje hr\u0111e i mrlja od hr\u0111e s prirodnog i umjetnog kamena otpornog na kiseline. Osim toga, hr\u0111avi metalni segmenti u prirodnom kamenu (granitu) automatski se transformiraju s dugotrajnim za\u0161titnim u\u010dinkom. Nije prikladan za vapnenac i drugi prirodni kamen koji nije otporan na [&hellip;]<\/p>\n","protected":false},"featured_media":1000000992,"template":"","meta":{"_acf_changed":false},"product_brand":[725],"product_oblik":[],"product_cat":[62,88],"product_tag":[],"class_list":{"0":"post-28193","1":"product","2":"type-product","3":"status-publish","4":"has-post-thumbnail","6":"product_brand-akemi","7":"product_cat-ostalo","8":"product_cat-sredstva-za-odrzavanje","10":"first","11":"instock","12":"shipping-taxable","13":"purchasable","14":"product-type-simple"},"acf":[],"_links":{"self":[{"href":"https:\/\/modrastijena.com\/hr\/wp-json\/wp\/v2\/product\/28193","targetHints":{"allow":["GET"]}}],"collection":[{"href":"https:\/\/modrastijena.com\/hr\/wp-json\/wp\/v2\/product"}],"about":[{"href":"https:\/\/modrastijena.com\/hr\/wp-json\/wp\/v2\/types\/product"}],"wp:featuredmedia":[{"embeddable":true,"href":"https:\/\/modrastijena.com\/hr\/wp-json\/"}],"wp:attachment":[{"href":"https:\/\/modrastijena.com\/hr\/wp-json\/wp\/v2\/media?parent=28193"}],"wp:term":[{"taxonomy":"product_brand","embeddable":true,"href":"https:\/\/modrastijena.com\/hr\/wp-json\/wp\/v2\/product_brand?post=28193"},{"taxonomy":"product_oblik","embeddable":true,"href":"https:\/\/modrastijena.com\/hr\/wp-json\/wp\/v2\/product_oblik?post=28193"},{"taxonomy":"product_cat","embeddable":true,"href":"https:\/\/modrastijena.com\/hr\/wp-json\/wp\/v2\/product_cat?post=28193"},{"taxonomy":"product_tag","embeddable":true,"href":"https:\/\/modrastijena.com\/hr\/wp-json\/wp\/v2\/product_tag?post=28193"}],"curies":[{"name":"wp","href":"https:\/\/api.w.org\/{rel}","templated":true}]}}