{"id":28190,"date":"2019-11-15T08:47:33","date_gmt":"2019-11-15T08:47:33","guid":{"rendered":"https:\/\/modrastijena.com\/hr\/proizvod\/2317\/"},"modified":"2026-04-15T05:41:51","modified_gmt":"2026-04-15T05:41:51","slug":"2317","status":"publish","type":"product","link":"https:\/\/modrastijena.com\/hr\/proizvod\/2317\/","title":{"rendered":"Idea XC &#8211; za\u0161tita za kamen, mokar izgled"},"content":{"rendered":"<p>\u010cista impregnacijska za\u0161tita od prodora vode, ulja, masno\u0107a i vlage za zgrade i ostale kamene gra\u0111evine.<\/p>\n<p>Optimalan u\u010dinak na poliranim materijalima, omogu\u0107uje kamenu prozra\u010dnost, ne dozvoljava isparavanje minerala, prodire duboko u kamen, ne mijenja originalnu boju kamena te mu daje \u201emokri\u201c izgled, ne stvara povr\u0161inski sloj, ali se upija u kamen i daje mu vrlo dobru za\u0161titu.<\/p>\n<p>Testiranja u laboratoriju dokazuju otpornost na UV zra\u010denja. Kamen tretiran ovim sredstvom ne mijenja boju nakon dugotrajnog izlaganja UV zra\u010denjima. Tako\u0111er sprje\u010dava formiranje gljivica.<\/p>\n<p>&nbsp;<\/p>\n<p><strong>Upotreba:<\/strong><br \/>\nPovr\u0161ina mora biti \u010dista, mrlje, gljivice i ostale ne\u010disto\u0107e moraju se odstraniti jer \u0107e ih nakon tretiranja biti znatno te\u017ee odstraniti. Sredstvo se mo\u017ee nanijeti kistom, valjkom ili sprej-pi\u0161toljem. Preporu\u010dljivo je, kada je mogu\u0107e, nanositi sredstvo kistom zbog boljeg prodiranja u kamen. Primjenjuju\u0107i IDEA XC kistom, s malim pritiskom posti\u017ee se prodiranje u fuge i pukotine kamena. Tako\u0111er je mogu\u0107e primijeniti sredstvo sprej-pi\u0161toljem, u tom slu\u010daju napunite spremi\u0161te sredstvom i prskajte s udaljenosti od 20 do 25 cm. Pustite da se sredstvo osu\u0161i i povr\u0161ina \u0107e biti za\u0161ti\u0107ena. U slu\u010daju prolijevanja sredstva, ukloniti ga krpom impregniranom sa IDEA XC.<\/p>\n<p><strong>Savjeti za upotrebu:<\/strong><br \/>\n\u2022 preporu\u010dljivo je primjenjivati sredstvo sve dok se povr\u0161ina ne natopi<br \/>\n\u2022 s materijalima koji vi\u0161e upijaju, postupak primjene se mora ponoviti nakon sat vremena<br \/>\n\u2022 nije potrebno razrje\u0111ivati sredstvo<br \/>\n\u2022 povr\u0161ina primjene mora prije upotrebe biti potpuno suha<br \/>\n\u2022 za male povr\u0161ine mogu\u0107e je primijeniti sredstvo natopljivanjem, tako\u0111er je mogu\u0107e upotrijebiti spu\u017evu namo\u010denu sa sredstvom<br \/>\n\u2022 jednom kada je zavr\u0161ena primjena sredstva IDEA XC, potrebno je \u010dekati 24 sata za kompletnu polimerizaciju<br \/>\n\u2022 u slu\u010daju primjene na neravnim povr\u0161inama (statuama, dekoracijama i sl.) obratite pa\u017enju na utore i kuteve<br \/>\n\u2022 pa\u017eljivo pro\u010ditajte uputstva prije upotrebe<\/p>\n<p>Jedan litar pokriva cca 12m\u00b2 povr\u0161ine.<\/p>\n<p>&nbsp;<\/p>\n","protected":false},"excerpt":{"rendered":"<p>\u010cista impregnacijska za\u0161tita od prodora vode, ulja, masno\u0107a i vlage za zgrade i ostale kamene gra\u0111evine. Optimalan u\u010dinak na poliranim materijalima, omogu\u0107uje kamenu prozra\u010dnost, ne dozvoljava isparavanje minerala, prodire duboko u kamen, ne mijenja originalnu boju kamena te mu daje \u201emokri\u201c izgled, ne stvara povr\u0161inski sloj, ali se upija u kamen i daje mu vrlo [&hellip;]<\/p>\n","protected":false},"featured_media":1000000998,"template":"","meta":{"_acf_changed":false},"product_brand":[735],"product_oblik":[],"product_cat":[62,88],"product_tag":[248,91],"class_list":{"0":"post-28190","1":"product","2":"type-product","3":"status-publish","4":"has-post-thumbnail","6":"product_brand-abrasivi-adria","7":"product_cat-ostalo","8":"product_cat-sredstva-za-odrzavanje","9":"product_tag-mokar-izgled","10":"product_tag-zastita-za-kamen","12":"first","13":"outofstock","14":"shipping-taxable","15":"purchasable","16":"product-type-simple"},"acf":[],"_links":{"self":[{"href":"https:\/\/modrastijena.com\/hr\/wp-json\/wp\/v2\/product\/28190","targetHints":{"allow":["GET"]}}],"collection":[{"href":"https:\/\/modrastijena.com\/hr\/wp-json\/wp\/v2\/product"}],"about":[{"href":"https:\/\/modrastijena.com\/hr\/wp-json\/wp\/v2\/types\/product"}],"wp:featuredmedia":[{"embeddable":true,"href":"https:\/\/modrastijena.com\/hr\/wp-json\/"}],"wp:attachment":[{"href":"https:\/\/modrastijena.com\/hr\/wp-json\/wp\/v2\/media?parent=28190"}],"wp:term":[{"taxonomy":"product_brand","embeddable":true,"href":"https:\/\/modrastijena.com\/hr\/wp-json\/wp\/v2\/product_brand?post=28190"},{"taxonomy":"product_oblik","embeddable":true,"href":"https:\/\/modrastijena.com\/hr\/wp-json\/wp\/v2\/product_oblik?post=28190"},{"taxonomy":"product_cat","embeddable":true,"href":"https:\/\/modrastijena.com\/hr\/wp-json\/wp\/v2\/product_cat?post=28190"},{"taxonomy":"product_tag","embeddable":true,"href":"https:\/\/modrastijena.com\/hr\/wp-json\/wp\/v2\/product_tag?post=28190"}],"curies":[{"name":"wp","href":"https:\/\/api.w.org\/{rel}","templated":true}]}}