{"id":28189,"date":"2019-11-15T09:01:32","date_gmt":"2019-11-15T09:01:32","guid":{"rendered":"https:\/\/modrastijena.com\/hr\/proizvod\/epoque-zastita-za-kamen\/"},"modified":"2026-04-16T07:20:12","modified_gmt":"2026-04-16T07:20:12","slug":"epoque-zastita-za-kamen","status":"publish","type":"product","link":"https:\/\/modrastijena.com\/hr\/proizvod\/epoque-zastita-za-kamen\/","title":{"rendered":"Epoque &#8211; za\u0161tita za kamen, o\u017eivljava boju"},"content":{"rendered":"<p>Vodo odbojna, neupojna za ulje i masno\u0107e za\u0161titna impregnacija sa efektom o\u017eivljavanja strukture i boje kamena, maramora i granita.<br \/>\nPosebno se preporu\u010duje za obrade: \u0161tokovano, paljeno, antika, \u010detkano, pa sve do fino obra\u0111enih sjajnih povr\u0161ina.<\/p>\n<p>Visoko otporan premaz za vanjske atmosferske utjecaje (UV)<\/p>\n<p><strong>Upotreba:<\/strong><br \/>\nNanosi se kistom ili mekom krpom u nekoliko bogatih i dobro raspore\u0111enih slojeva na \u010distu i potpuno suhu povr\u0161inu. Nakon prvog premaza sa\u010dekati nekoliko minuta te krpom oduzeti vi\u0161ak sa povr\u0161ine zahvata do potpunog su\u0161enja. Nakon toga premazati sljede\u0107i za\u0161titni sloj.<\/p>\n<p>EPOQUE je proizvod na osnovi razrje\u0111iva\u010da. Primjenjuje se na vanjskim i unutarnjim povr\u0161inama.<br \/>\nPotro\u0161nja 8-20 m\u00b2\/lit.<\/p>\n","protected":false},"excerpt":{"rendered":"<p>Vodo odbojna, neupojna za ulje i masno\u0107e za\u0161titna impregnacija sa efektom o\u017eivljavanja strukture i boje kamena, maramora i granita. Posebno se preporu\u010duje za obrade: \u0161tokovano, paljeno, antika, \u010detkano, pa sve do fino obra\u0111enih sjajnih povr\u0161ina. Visoko otporan premaz za vanjske atmosferske utjecaje (UV) Upotreba: Nanosi se kistom ili mekom krpom u nekoliko bogatih i dobro [&hellip;]<\/p>\n","protected":false},"featured_media":10000001001,"template":"","meta":{"_acf_changed":false},"product_brand":[735],"product_oblik":[],"product_cat":[62,88],"product_tag":[],"class_list":{"0":"post-28189","1":"product","2":"type-product","3":"status-publish","4":"has-post-thumbnail","6":"product_brand-abrasivi-adria","7":"product_cat-ostalo","8":"product_cat-sredstva-za-odrzavanje","10":"first","11":"instock","12":"shipping-taxable","13":"purchasable","14":"product-type-simple"},"acf":[],"_links":{"self":[{"href":"https:\/\/modrastijena.com\/hr\/wp-json\/wp\/v2\/product\/28189","targetHints":{"allow":["GET"]}}],"collection":[{"href":"https:\/\/modrastijena.com\/hr\/wp-json\/wp\/v2\/product"}],"about":[{"href":"https:\/\/modrastijena.com\/hr\/wp-json\/wp\/v2\/types\/product"}],"wp:featuredmedia":[{"embeddable":true,"href":"https:\/\/modrastijena.com\/hr\/wp-json\/"}],"wp:attachment":[{"href":"https:\/\/modrastijena.com\/hr\/wp-json\/wp\/v2\/media?parent=28189"}],"wp:term":[{"taxonomy":"product_brand","embeddable":true,"href":"https:\/\/modrastijena.com\/hr\/wp-json\/wp\/v2\/product_brand?post=28189"},{"taxonomy":"product_oblik","embeddable":true,"href":"https:\/\/modrastijena.com\/hr\/wp-json\/wp\/v2\/product_oblik?post=28189"},{"taxonomy":"product_cat","embeddable":true,"href":"https:\/\/modrastijena.com\/hr\/wp-json\/wp\/v2\/product_cat?post=28189"},{"taxonomy":"product_tag","embeddable":true,"href":"https:\/\/modrastijena.com\/hr\/wp-json\/wp\/v2\/product_tag?post=28189"}],"curies":[{"name":"wp","href":"https:\/\/api.w.org\/{rel}","templated":true}]}}