{"id":28186,"date":"2019-11-15T12:50:05","date_gmt":"2019-11-15T12:50:05","guid":{"rendered":"https:\/\/modrastijena.com\/hr\/proizvod\/fikert-magnezit\/"},"modified":"2024-05-19T10:18:23","modified_gmt":"2024-05-19T10:18:23","slug":"fikert-magnezit","status":"publish","type":"product","link":"https:\/\/modrastijena.com\/hr\/proizvod\/fikert-magnezit\/","title":{"rendered":"Fikert Magnezit"},"content":{"rendered":"<p>Pogodno za bru\u0161enje i poliranje granita i kvarcnog aglomerata<\/p>\n<p>Dostupno u razli\u010ditim granulacijama<\/p>\n<p>&nbsp;<\/p>\n<p>Ovo je samo dio na\u0161e ponude. Za sve informacije kontakt telefon 063\/355-251<\/p>\n","protected":false},"excerpt":{"rendered":"<p>Pogodno za bru\u0161enje i poliranje granita i kvarcnog aglomerata Dostupno u razli\u010ditim granulacijama &nbsp; Ovo je samo dio na\u0161e ponude. Za sve informacije kontakt telefon 063\/355-251<\/p>\n","protected":false},"featured_media":10000001008,"template":"","meta":{"_acf_changed":false},"product_brand":[735],"product_oblik":[],"product_cat":[62,249],"product_tag":[],"class_list":{"0":"post-28186","1":"product","2":"type-product","3":"status-publish","4":"has-post-thumbnail","6":"product_brand-abrasivi-adria","7":"product_cat-ostalo","8":"product_cat-alati-za-kamen","10":"first","11":"instock","12":"shipping-taxable","13":"product-type-simple"},"acf":[],"_links":{"self":[{"href":"https:\/\/modrastijena.com\/hr\/wp-json\/wp\/v2\/product\/28186","targetHints":{"allow":["GET"]}}],"collection":[{"href":"https:\/\/modrastijena.com\/hr\/wp-json\/wp\/v2\/product"}],"about":[{"href":"https:\/\/modrastijena.com\/hr\/wp-json\/wp\/v2\/types\/product"}],"wp:featuredmedia":[{"embeddable":true,"href":"https:\/\/modrastijena.com\/hr\/wp-json\/"}],"wp:attachment":[{"href":"https:\/\/modrastijena.com\/hr\/wp-json\/wp\/v2\/media?parent=28186"}],"wp:term":[{"taxonomy":"product_brand","embeddable":true,"href":"https:\/\/modrastijena.com\/hr\/wp-json\/wp\/v2\/product_brand?post=28186"},{"taxonomy":"product_oblik","embeddable":true,"href":"https:\/\/modrastijena.com\/hr\/wp-json\/wp\/v2\/product_oblik?post=28186"},{"taxonomy":"product_cat","embeddable":true,"href":"https:\/\/modrastijena.com\/hr\/wp-json\/wp\/v2\/product_cat?post=28186"},{"taxonomy":"product_tag","embeddable":true,"href":"https:\/\/modrastijena.com\/hr\/wp-json\/wp\/v2\/product_tag?post=28186"}],"curies":[{"name":"wp","href":"https:\/\/api.w.org\/{rel}","templated":true}]}}