{"id":28179,"date":"2019-11-18T08:53:30","date_gmt":"2019-11-18T08:53:30","guid":{"rendered":"https:\/\/modrastijena.com\/hr\/proizvod\/sprej-za-ciscenje-stakla-kamina-peci\/"},"modified":"2025-05-29T12:06:56","modified_gmt":"2025-05-29T12:06:56","slug":"sprej-za-ciscenje-stakla-kamina-peci","status":"publish","type":"product","link":"https:\/\/modrastijena.com\/hr\/proizvod\/sprej-za-ciscenje-stakla-kamina-peci\/","title":{"rendered":"Sprej za \u010di\u0161\u0107enje stakla kamina\/pe\u0107i 500"},"content":{"rendered":"","protected":false},"excerpt":{"rendered":"","protected":false},"featured_media":10000001022,"template":"","meta":{"_acf_changed":false},"product_brand":[743],"product_oblik":[],"product_cat":[95,210],"product_tag":[250,216,251,252,253],"class_list":{"0":"post-28179","1":"product","2":"type-product","3":"status-publish","4":"has-post-thumbnail","6":"product_brand-lienbacher","7":"product_cat-kamini-i-peci","8":"product_cat-ostalo-kamini-i-peci","9":"product_tag-ciscenje-stakla","10":"product_tag-kamini","11":"product_tag-peci","12":"product_tag-sprej-za-ciscenje-stakla-kamina","13":"product_tag-staklo","15":"first","16":"instock","17":"shipping-taxable","18":"purchasable","19":"product-type-simple"},"acf":[],"_links":{"self":[{"href":"https:\/\/modrastijena.com\/hr\/wp-json\/wp\/v2\/product\/28179","targetHints":{"allow":["GET"]}}],"collection":[{"href":"https:\/\/modrastijena.com\/hr\/wp-json\/wp\/v2\/product"}],"about":[{"href":"https:\/\/modrastijena.com\/hr\/wp-json\/wp\/v2\/types\/product"}],"wp:featuredmedia":[{"embeddable":true,"href":"https:\/\/modrastijena.com\/hr\/wp-json\/"}],"wp:attachment":[{"href":"https:\/\/modrastijena.com\/hr\/wp-json\/wp\/v2\/media?parent=28179"}],"wp:term":[{"taxonomy":"product_brand","embeddable":true,"href":"https:\/\/modrastijena.com\/hr\/wp-json\/wp\/v2\/product_brand?post=28179"},{"taxonomy":"product_oblik","embeddable":true,"href":"https:\/\/modrastijena.com\/hr\/wp-json\/wp\/v2\/product_oblik?post=28179"},{"taxonomy":"product_cat","embeddable":true,"href":"https:\/\/modrastijena.com\/hr\/wp-json\/wp\/v2\/product_cat?post=28179"},{"taxonomy":"product_tag","embeddable":true,"href":"https:\/\/modrastijena.com\/hr\/wp-json\/wp\/v2\/product_tag?post=28179"}],"curies":[{"name":"wp","href":"https:\/\/api.w.org\/{rel}","templated":true}]}}