{"id":28169,"date":"2019-12-17T14:56:31","date_gmt":"2019-12-17T14:56:31","guid":{"rendered":"https:\/\/modrastijena.com\/hr\/proizvod\/quartz-nero-marquina\/"},"modified":"2024-05-19T10:18:08","modified_gmt":"2024-05-19T10:18:08","slug":"quartz-nero-marquina","status":"publish","type":"product","link":"https:\/\/modrastijena.com\/hr\/proizvod\/quartz-nero-marquina\/","title":{"rendered":"Quartz Nero Marquina"},"content":{"rendered":"<p>Od sada dizajn mramora Nero Marquinia prona\u0111ite i u obliku quartza<\/p>\n<p>Umjetno dobiveni kamen quartz je zbog visokog udjela prirodnog quartza u svom sastavu (95%) vrlo otporan na ogrebotine, te se stoga preporu\u010duje kao dugotrajno rje\u0161enje za radnu plo\u010du u kuhinji, \u0161ank, plo\u010du ispod umivaonika u kupaonici, kao plo\u010da za stol u blagovaonici ili dnevnom boravku.<\/p>\n<p>Polimerne smole koje povezuju quartzne kristale daju ovom materijalu odre\u0111enu razinu elasti\u010dnosti, \u0161to u kombinaciji sa tvrdo\u0107om quartza pridonosi otpornosti na razli\u010dite udarce do kojih mo\u017ee do\u0107i u svakodnevnoj uporabi.<\/p>\n<p>Nije porozan i zbog toga ne upija razli\u010dite teku\u0107ine s kojima mo\u017ee do\u0107i u kontakt u kuhinji kao \u0161to su kava, \u010daj, ocat, ulje, mlijeko, vino, gazirana pi\u0107a itd.<\/p>\n<p>Materijal je otporan i na vrlo visoke temperature (do 150\u00b0C).<\/p>\n<p>&nbsp;<\/p>\n<p><strong>Va\u017eno je znati:<\/strong><\/p>\n<p>Nijedan materijal nije potpuno otporan na ogrebotine ili upijanje pa se kod quartza kao i kod svih ostalih materijala preporu\u010duje oprezno rukovanje.<\/p>\n<p>Iako je otporan na visoke temperature nije po\u017eeljno nano\u0161enje vru\u0107ih predmeta direktno na njegovu povr\u0161inu, nego je potrebno podmetnuti ne\u0161to ispod vru\u0107eg predmeta pa onda polo\u017eiti na quartz.<\/p>\n<p><b>Napomena:<\/b><br \/>\nKamen je prirodan materijal i svaka kamena plo\u010da je unikatna, stoga preporu\u010dujemo da vidite uzorak kamena u jednoj od na\u0161ih poslovnica. Fotografije ne moraju nu\u017eno u potpunosti odgovarati stvarnom izgledu proizvoda. Provjerite dostupnost u prodajnim salonima Modre Stijene.<\/p>\n<p>&nbsp;<\/p>\n<p>Vi\u0161e o kamenu quartzu pro\u010ditajte na sljede\u0107im linkovima:<\/p>\n<p>http:\/\/www.modrastijena.com\/2020\/01\/31\/kamen-quartz-vladar-kuhinja\/<\/p>\n<p>http:\/\/www.modrastijena.com\/2020\/05\/12\/kako-odrzavati-kamen-quartz\/<\/p>\n","protected":false},"excerpt":{"rendered":"<p>Od sada dizajn mramora Nero Marquinia prona\u0111ite i u obliku quartza Umjetno dobiveni kamen quartz je zbog visokog udjela prirodnog quartza u svom sastavu (95%) vrlo otporan na ogrebotine, te se stoga preporu\u010duje kao dugotrajno rje\u0161enje za radnu plo\u010du u kuhinji, \u0161ank, plo\u010du ispod umivaonika u kupaonici, kao plo\u010da za stol u blagovaonici ili dnevnom [&hellip;]<\/p>\n","protected":false},"featured_media":10000001057,"template":"","meta":{"_acf_changed":false},"product_brand":[722],"product_oblik":[],"product_cat":[22,152],"product_tag":[159,46,162,161,156,34,35,36,37,48,49],"class_list":{"0":"post-28169","1":"product","2":"type-product","3":"status-publish","4":"has-post-thumbnail","6":"product_brand-eu-proizvodnja","7":"product_cat-kamen","8":"product_cat-quartz","9":"product_tag-crni-quartz","10":"product_tag-kamen","11":"product_tag-kamene-stepenice","12":"product_tag-prag","13":"product_tag-quartz","14":"product_tag-radna-ploca","15":"product_tag-sank","16":"product_tag-stepenice","17":"product_tag-stol","18":"product_tag-stubiste","19":"product_tag-unutarnje-klupice","21":"first","22":"instock","23":"shipping-taxable","24":"product-type-simple"},"acf":[],"_links":{"self":[{"href":"https:\/\/modrastijena.com\/hr\/wp-json\/wp\/v2\/product\/28169","targetHints":{"allow":["GET"]}}],"collection":[{"href":"https:\/\/modrastijena.com\/hr\/wp-json\/wp\/v2\/product"}],"about":[{"href":"https:\/\/modrastijena.com\/hr\/wp-json\/wp\/v2\/types\/product"}],"wp:featuredmedia":[{"embeddable":true,"href":"https:\/\/modrastijena.com\/hr\/wp-json\/"}],"wp:attachment":[{"href":"https:\/\/modrastijena.com\/hr\/wp-json\/wp\/v2\/media?parent=28169"}],"wp:term":[{"taxonomy":"product_brand","embeddable":true,"href":"https:\/\/modrastijena.com\/hr\/wp-json\/wp\/v2\/product_brand?post=28169"},{"taxonomy":"product_oblik","embeddable":true,"href":"https:\/\/modrastijena.com\/hr\/wp-json\/wp\/v2\/product_oblik?post=28169"},{"taxonomy":"product_cat","embeddable":true,"href":"https:\/\/modrastijena.com\/hr\/wp-json\/wp\/v2\/product_cat?post=28169"},{"taxonomy":"product_tag","embeddable":true,"href":"https:\/\/modrastijena.com\/hr\/wp-json\/wp\/v2\/product_tag?post=28169"}],"curies":[{"name":"wp","href":"https:\/\/api.w.org\/{rel}","templated":true}]}}