{"id":27929,"date":"2020-07-16T08:55:40","date_gmt":"2020-07-16T08:55:40","guid":{"rendered":"https:\/\/modrastijena.com\/hr\/proizvod\/ljepilo-keraflex-bianco-mapei\/"},"modified":"2025-09-26T18:24:04","modified_gmt":"2025-09-26T18:24:04","slug":"ljepilo-keraflex-bianco-mapei","status":"publish","type":"product","link":"https:\/\/modrastijena.com\/hr\/proizvod\/ljepilo-keraflex-bianco-mapei\/","title":{"rendered":"Ljepilo Keraflex Extra S1 Bianco 23 kg (Mapei)"},"content":{"rendered":"<p>&nbsp;<\/p>\n<p style=\"font-weight: 400\">Visokokvalitetno deformabilno pobolj\u0161ano cementno ljepilo promjenjive reologije, bez klizanja na vertikalnim povr\u0161inama, visoke sposobnosti mo\u010denja i produljenog otvorenog vremena, za polaganje kerami\u010dkih plo\u010dica i materijala od kamena, uklju\u010duju\u0107i i velike formate.<\/p>\n<p style=\"font-weight: 400\">TEHNI\u010cKI PODACI:<\/p>\n<p style=\"font-weight: 400\">Vrijeme primjene mje\u0161avine: vi\u0161e od 8 sati<\/p>\n<p style=\"font-weight: 400\">Otvoreno vrijeme: &gt;30 minuta<\/p>\n<p style=\"font-weight: 400\">\u010cekanje prije fugiranja:<\/p>\n<p style=\"font-weight: 400\">\u2013 na zidovima: 4 \u2013\u00a08 sati<\/p>\n<p style=\"font-weight: 400\">\u2013 na podovima: 24 sata<\/p>\n<p style=\"font-weight: 400\">Spremno za lagani pje\u0161a\u010dki promet: nakon 24 sata<\/p>\n<p style=\"font-weight: 400\">Spremno za upotrebu: nakon 14 dana<\/p>\n<p style=\"font-weight: 400\">Boje: siva i bijela<\/p>\n<p style=\"font-weight: 400\">Nano\u0161enje: nazubljenim gleterom br 4, 5, 6 ili 10<\/p>\n<p style=\"font-weight: 400\">EMICODE: EC1 Plus \u2013 vrlo niska emisija<\/p>\n<p style=\"font-weight: 400\">Skladi\u0161tenje: 12 mjeseci<\/p>\n<p style=\"font-weight: 400\">Potro\u0161nja: 1,2 kg\/m\u00b2 po mm debljine<\/p>\n<p style=\"font-weight: 400\">Pakiranje: vre\u0107a od 23 kg<\/p>\n","protected":false},"excerpt":{"rendered":"<p>&nbsp; Visokokvalitetno deformabilno pobolj\u0161ano cementno ljepilo promjenjive reologije, bez klizanja na vertikalnim povr\u0161inama, visoke sposobnosti mo\u010denja i produljenog otvorenog vremena, za polaganje kerami\u010dkih plo\u010dica i materijala od kamena, uklju\u010duju\u0107i i velike formate. TEHNI\u010cKI PODACI: Vrijeme primjene mje\u0161avine: vi\u0161e od 8 sati Otvoreno vrijeme: &gt;30 minuta \u010cekanje prije fugiranja: \u2013 na zidovima: 4 \u2013\u00a08 sati \u2013 [&hellip;]<\/p>\n","protected":false},"featured_media":10000001444,"template":"","meta":{"_acf_changed":false},"product_brand":[727],"product_oblik":[],"product_cat":[62,63],"product_tag":[64,65,66,67,68,69],"class_list":{"0":"post-27929","1":"product","2":"type-product","3":"status-publish","4":"has-post-thumbnail","6":"product_brand-mapei","7":"product_cat-ostalo","8":"product_cat-materijali-za-polaganje","9":"product_tag-fleksibilno-ljepilo","10":"product_tag-ljepilo","11":"product_tag-ljepilo-za-kamen","12":"product_tag-ljepilo-za-keramiku","13":"product_tag-mapei","14":"product_tag-proizvedeno","16":"first","17":"instock","18":"shipping-taxable","19":"purchasable","20":"product-type-simple"},"acf":[],"_links":{"self":[{"href":"https:\/\/modrastijena.com\/hr\/wp-json\/wp\/v2\/product\/27929","targetHints":{"allow":["GET"]}}],"collection":[{"href":"https:\/\/modrastijena.com\/hr\/wp-json\/wp\/v2\/product"}],"about":[{"href":"https:\/\/modrastijena.com\/hr\/wp-json\/wp\/v2\/types\/product"}],"wp:featuredmedia":[{"embeddable":true,"href":"https:\/\/modrastijena.com\/hr\/wp-json\/"}],"wp:attachment":[{"href":"https:\/\/modrastijena.com\/hr\/wp-json\/wp\/v2\/media?parent=27929"}],"wp:term":[{"taxonomy":"product_brand","embeddable":true,"href":"https:\/\/modrastijena.com\/hr\/wp-json\/wp\/v2\/product_brand?post=27929"},{"taxonomy":"product_oblik","embeddable":true,"href":"https:\/\/modrastijena.com\/hr\/wp-json\/wp\/v2\/product_oblik?post=27929"},{"taxonomy":"product_cat","embeddable":true,"href":"https:\/\/modrastijena.com\/hr\/wp-json\/wp\/v2\/product_cat?post=27929"},{"taxonomy":"product_tag","embeddable":true,"href":"https:\/\/modrastijena.com\/hr\/wp-json\/wp\/v2\/product_tag?post=27929"}],"curies":[{"name":"wp","href":"https:\/\/api.w.org\/{rel}","templated":true}]}}