{"id":27902,"date":"2020-07-16T10:07:07","date_gmt":"2020-07-16T10:07:07","guid":{"rendered":"https:\/\/modrastijena.com\/hr\/proizvod\/fuga-unutarnja-keracolor-ff-mapei\/"},"modified":"2025-08-28T09:18:51","modified_gmt":"2025-08-28T09:18:51","slug":"fuga-unutarnja-keracolor-ff-mapei","status":"publish","type":"product","link":"https:\/\/modrastijena.com\/hr\/proizvod\/fuga-unutarnja-keracolor-ff-mapei\/","title":{"rendered":"Fuga unutarnja Keracolor FF 5 kg (Mapei)"},"content":{"rendered":"<p>Vodoodbojna fugirna masa na cementnoj osnovi, pobolj\u0161ana polimerima za fuge \u0161irine do 6 mm<br \/>\nPodru\u010dje primjene: Fugiranje vanjskih i unutarnjih, normalno optere\u0107enih podnih i zidnih obloga napravljenih od svih vrsta mozaika, kerami\u010dkih plo\u010dica, porculaniziranoga gresa, oplo\u010dnika i proizvoda od kamena.<\/p>\n<p>Uz pravilnu pripremu i ugradnju omogu\u0107uje:<br \/>\n\u2022 dobre mehani\u010dke i fizikalne otpornosti, a s tim i trajnost;<br \/>\n\u2022 glatku povr\u0161inu fuge s vrlo niskom upojno\u0161\u0107u vode;<br \/>\n\u2022 vrlo dobru abrazijsku otpornost;<br \/>\n\u2022 kontrolirano skupljanje koje omogu\u0107uje stvrdnjavanje bez pukotina;<br \/>\n\u2022 dobru otpornost na kiseline s pH &gt; 3.<\/p>\n<p>Ako Keracolor FF umjesto s vodom izmije\u0161ate s Fugolastic-om, pobolj\u0161avaju se kona\u010dna svojstva fugirne mase te se tako posti\u017ee visoka otpornost i u zahtjevnijim uvjetima kori\u0161tenja, kao \u0161to su fugiranje fasada, bazena, kupaonica i prostora s visokim mehani\u010dkim optere\u0107enjima.<\/p>\n<p>TEHNI\u010cKI PODACI:<br \/>\nVrijeme upotrebe mje\u0161avine: pribli\u017eno 2 sata.<br \/>\nVrijeme \u010dekanja prije \u010di\u0161\u0107enja fuga: 10 &#8211; 20 minuta.<br \/>\nSpremno za lagani pje\u0161a\u010dki promet: nakon pribli\u017eno 24 sata.<br \/>\nSpremno za upotrebu: za 7 &#8211; 10 dana.<br \/>\nRaspolo\u017eive boje: 14.<br \/>\nPrimjena: gumenim MAPEI gleterom ili gumenim brisa\u010dem.<br \/>\nZavr\u0161na obrada: MAPEI spu\u017evom ili Scotch-Brite<sup>\u00ae<\/sup>\u00a0filcom.<br \/>\nEMICODE: EC1 Plus &#8211; vrlo niska emisija.<br \/>\nSkladi\u0161tenje: 12 mjeseci (vre\u0107e od 25 kg), 24 mjeseca (vre\u0107e od 5 kg).<br \/>\nPotro\u0161nja: ovisno o veli\u010dini fuga.<br \/>\nPakiranje: vre\u0107a od 5 kg<br \/>\nDostupno pakiranje i od 25 kg.<\/p>\n","protected":false},"excerpt":{"rendered":"<p>Vodoodbojna fugirna masa na cementnoj osnovi, pobolj\u0161ana polimerima za fuge \u0161irine do 6 mm Podru\u010dje primjene: Fugiranje vanjskih i unutarnjih, normalno optere\u0107enih podnih i zidnih obloga napravljenih od svih vrsta mozaika, kerami\u010dkih plo\u010dica, porculaniziranoga gresa, oplo\u010dnika i proizvoda od kamena. Uz pravilnu pripremu i ugradnju omogu\u0107uje: \u2022 dobre mehani\u010dke i fizikalne otpornosti, a s tim [&hellip;]<\/p>\n","protected":false},"featured_media":10000001463,"template":"","meta":{"_acf_changed":false},"product_brand":[727],"product_oblik":[],"product_cat":[62,63],"product_tag":[342,346],"class_list":{"0":"post-27902","1":"product","2":"type-product","3":"status-publish","4":"has-post-thumbnail","6":"product_brand-mapei","7":"product_cat-ostalo","8":"product_cat-materijali-za-polaganje","9":"product_tag-fuga","10":"product_tag-unutarnja-fuga","12":"first","13":"instock","14":"shipping-taxable","15":"purchasable","16":"product-type-variable","17":"wvs-archive-product-wrapper"},"acf":[],"_links":{"self":[{"href":"https:\/\/modrastijena.com\/hr\/wp-json\/wp\/v2\/product\/27902","targetHints":{"allow":["GET"]}}],"collection":[{"href":"https:\/\/modrastijena.com\/hr\/wp-json\/wp\/v2\/product"}],"about":[{"href":"https:\/\/modrastijena.com\/hr\/wp-json\/wp\/v2\/types\/product"}],"wp:featuredmedia":[{"embeddable":true,"href":"https:\/\/modrastijena.com\/hr\/wp-json\/"}],"wp:attachment":[{"href":"https:\/\/modrastijena.com\/hr\/wp-json\/wp\/v2\/media?parent=27902"}],"wp:term":[{"taxonomy":"product_brand","embeddable":true,"href":"https:\/\/modrastijena.com\/hr\/wp-json\/wp\/v2\/product_brand?post=27902"},{"taxonomy":"product_oblik","embeddable":true,"href":"https:\/\/modrastijena.com\/hr\/wp-json\/wp\/v2\/product_oblik?post=27902"},{"taxonomy":"product_cat","embeddable":true,"href":"https:\/\/modrastijena.com\/hr\/wp-json\/wp\/v2\/product_cat?post=27902"},{"taxonomy":"product_tag","embeddable":true,"href":"https:\/\/modrastijena.com\/hr\/wp-json\/wp\/v2\/product_tag?post=27902"}],"curies":[{"name":"wp","href":"https:\/\/api.w.org\/{rel}","templated":true}]}}