{"id":27891,"date":"2020-07-16T11:45:08","date_gmt":"2020-07-16T11:45:08","guid":{"rendered":"https:\/\/modrastijena.com\/hr\/proizvod\/mrezica-mapenet-mapei\/"},"modified":"2025-02-04T08:11:12","modified_gmt":"2025-02-04T08:11:12","slug":"mrezica-mapenet-mapei","status":"publish","type":"product","link":"https:\/\/modrastijena.com\/hr\/proizvod\/mrezica-mapenet-mapei\/","title":{"rendered":"Mre\u017eica Mapenet (Mapei)"},"content":{"rendered":"<p>Cijena ovog proizvoda je izra\u017eena po m&#8217;.\u00a0 4,30KM\/m&#8217;<\/p>\n<p>Alkalno-otporna mre\u017eica od staklenih vlakana.<br \/>\nZa oja\u010danje hidroizolacija izvedenih sustavima Mapelastic, Mapelastic Smart, Monolastic, Monolastic Ultra, Mapegum WPS, Aquaflex.<br \/>\nTehni\u010dki podaci:<br \/>\nveli\u010dina okna: 4 x 4,5 mm<br \/>\nte\u017eina: 157 g\/m2<br \/>\nAmbala\u017ea: role 50 m x 1 m<\/p>\n","protected":false},"excerpt":{"rendered":"<p>Cijena ovog proizvoda je izra\u017eena po m&#8217;.\u00a0 4,30KM\/m&#8217; Alkalno-otporna mre\u017eica od staklenih vlakana. Za oja\u010danje hidroizolacija izvedenih sustavima Mapelastic, Mapelastic Smart, Monolastic, Monolastic Ultra, Mapegum WPS, Aquaflex. Tehni\u010dki podaci: veli\u010dina okna: 4 x 4,5 mm te\u017eina: 157 g\/m2 Ambala\u017ea: role 50 m x 1 m<\/p>\n","protected":false},"featured_media":10000001485,"template":"","meta":{"_acf_changed":false},"product_brand":[727],"product_oblik":[],"product_cat":[62,63],"product_tag":[],"class_list":{"0":"post-27891","1":"product","2":"type-product","3":"status-publish","4":"has-post-thumbnail","6":"product_brand-mapei","7":"product_cat-ostalo","8":"product_cat-materijali-za-polaganje","10":"first","11":"instock","12":"shipping-taxable","13":"purchasable","14":"product-type-simple"},"acf":[],"_links":{"self":[{"href":"https:\/\/modrastijena.com\/hr\/wp-json\/wp\/v2\/product\/27891","targetHints":{"allow":["GET"]}}],"collection":[{"href":"https:\/\/modrastijena.com\/hr\/wp-json\/wp\/v2\/product"}],"about":[{"href":"https:\/\/modrastijena.com\/hr\/wp-json\/wp\/v2\/types\/product"}],"wp:featuredmedia":[{"embeddable":true,"href":"https:\/\/modrastijena.com\/hr\/wp-json\/"}],"wp:attachment":[{"href":"https:\/\/modrastijena.com\/hr\/wp-json\/wp\/v2\/media?parent=27891"}],"wp:term":[{"taxonomy":"product_brand","embeddable":true,"href":"https:\/\/modrastijena.com\/hr\/wp-json\/wp\/v2\/product_brand?post=27891"},{"taxonomy":"product_oblik","embeddable":true,"href":"https:\/\/modrastijena.com\/hr\/wp-json\/wp\/v2\/product_oblik?post=27891"},{"taxonomy":"product_cat","embeddable":true,"href":"https:\/\/modrastijena.com\/hr\/wp-json\/wp\/v2\/product_cat?post=27891"},{"taxonomy":"product_tag","embeddable":true,"href":"https:\/\/modrastijena.com\/hr\/wp-json\/wp\/v2\/product_tag?post=27891"}],"curies":[{"name":"wp","href":"https:\/\/api.w.org\/{rel}","templated":true}]}}