{"id":27890,"date":"2020-07-16T12:57:36","date_gmt":"2020-07-16T12:57:36","guid":{"rendered":"https:\/\/modrastijena.com\/hr\/proizvod\/elastorapid-mapei\/"},"modified":"2025-08-26T12:10:06","modified_gmt":"2025-08-26T12:10:06","slug":"elastorapid-mapei","status":"publish","type":"product","link":"https:\/\/modrastijena.com\/hr\/proizvod\/elastorapid-mapei\/","title":{"rendered":"Elastorapid Comp. A + Comp. B &#8211; brzovezuju\u0107e dvokomponentno ljepilo (Mapei)"},"content":{"rendered":"<p>Dvokomponentno, pobolj\u0161ano, fleksibilno, cementno ljepilo s brzim vezanjem i hidratacijom s produ\u017eenim otvorenim vremenom, bez klizanja na vertikalnim povr\u0161inama za polaganje kerami\u010dkih plo\u010dica i proizvoda od kamena (za nanose do 10 mm).<\/p>\n<p>Podru\u010dje primjene: Lijepljenje svih vrsta mozaika, kerami\u010dkih plo\u010dica, porculaniziranog gresa, klinkera, rubnika i na vlagu ograni\u010deno dimenzijski stabilnih proizvoda od kamena na vanjskim i unutarnjim podnim, zidnim i stropnim povr\u0161inama uobi\u010dajenih podloga (pod uvjetom da su suhe, \u010dvrste, \u010diste i stabilne) u slu\u010dajevima kada je predvi\u0111eno brzo kori\u0161tenje\/optere\u0107enje, kao \u0161to su:<br \/>\n&#8211; podloge izlo\u017eene visokim mehani\u010dkim optere\u0107enjima,<br \/>\n&#8211; podloge izlo\u017eene visokim fizikalnim optere\u0107enjima,<br \/>\n&#8211; \u0161koljke bazena i spremnika za teku\u0107ine,<br \/>\n&#8211; vezane plo\u010de, iverne plo\u010de, drveni nosa\u010di, itd.,<br \/>\n&#8211; balkoni, terase, fasade, plo\u010dnici, itd.,<br \/>\n&#8211; postoje\u0107e, s podlogom \u010dvrsto vezane, obloge od plo\u010dica, kamena i teraca, a posebno ako se obla\u017eu s neupojnim plo\u010dicama ve\u0107ih formata,<br \/>\n&#8211; hidroizolacijski sistemi Mapelastic i Mapegum.<br \/>\nZbog du\u017eeg otvorenog vremena, kao \u0161to je uobi\u010dajeno za brzovezuju\u0107a ljepila, posebno je primjeren za brze izvedbe u ljetnom vremenu.<\/p>\n<p>POTRO\u0160NJA: 3-8 kg\/m2.<\/p>\n<p>AMBALA\u017dA: Komponenta A= vre\u0107e od 25kg; Komponenta B= posude od 6,25 kg.<\/p>\n","protected":false},"excerpt":{"rendered":"<p>Dvokomponentno, pobolj\u0161ano, fleksibilno, cementno ljepilo s brzim vezanjem i hidratacijom s produ\u017eenim otvorenim vremenom, bez klizanja na vertikalnim povr\u0161inama za polaganje kerami\u010dkih plo\u010dica i proizvoda od kamena (za nanose do 10 mm). Podru\u010dje primjene: Lijepljenje svih vrsta mozaika, kerami\u010dkih plo\u010dica, porculaniziranog gresa, klinkera, rubnika i na vlagu ograni\u010deno dimenzijski stabilnih proizvoda od kamena na vanjskim [&hellip;]<\/p>\n","protected":false},"featured_media":10000001487,"template":"","meta":{"_acf_changed":false},"product_brand":[727],"product_oblik":[],"product_cat":[62,63],"product_tag":[348,349],"class_list":{"0":"post-27890","1":"product","2":"type-product","3":"status-publish","4":"has-post-thumbnail","6":"product_brand-mapei","7":"product_cat-ostalo","8":"product_cat-materijali-za-polaganje","9":"product_tag-brzovezujuce-ljepilo","10":"product_tag-dvokomponentno-ljepilo","12":"first","13":"instock","14":"shipping-taxable","15":"purchasable","16":"product-type-simple"},"acf":[],"_links":{"self":[{"href":"https:\/\/modrastijena.com\/hr\/wp-json\/wp\/v2\/product\/27890","targetHints":{"allow":["GET"]}}],"collection":[{"href":"https:\/\/modrastijena.com\/hr\/wp-json\/wp\/v2\/product"}],"about":[{"href":"https:\/\/modrastijena.com\/hr\/wp-json\/wp\/v2\/types\/product"}],"wp:featuredmedia":[{"embeddable":true,"href":"https:\/\/modrastijena.com\/hr\/wp-json\/"}],"wp:attachment":[{"href":"https:\/\/modrastijena.com\/hr\/wp-json\/wp\/v2\/media?parent=27890"}],"wp:term":[{"taxonomy":"product_brand","embeddable":true,"href":"https:\/\/modrastijena.com\/hr\/wp-json\/wp\/v2\/product_brand?post=27890"},{"taxonomy":"product_oblik","embeddable":true,"href":"https:\/\/modrastijena.com\/hr\/wp-json\/wp\/v2\/product_oblik?post=27890"},{"taxonomy":"product_cat","embeddable":true,"href":"https:\/\/modrastijena.com\/hr\/wp-json\/wp\/v2\/product_cat?post=27890"},{"taxonomy":"product_tag","embeddable":true,"href":"https:\/\/modrastijena.com\/hr\/wp-json\/wp\/v2\/product_tag?post=27890"}],"curies":[{"name":"wp","href":"https:\/\/api.w.org\/{rel}","templated":true}]}}