{"id":27888,"date":"2020-07-16T14:08:07","date_gmt":"2020-07-16T14:08:07","guid":{"rendered":"https:\/\/modrastijena.com\/hr\/proizvod\/planiseal-88-mapei\/"},"modified":"2024-05-19T10:16:25","modified_gmt":"2024-05-19T10:16:25","slug":"planiseal-88-mapei","status":"publish","type":"product","link":"https:\/\/modrastijena.com\/hr\/proizvod\/planiseal-88-mapei\/","title":{"rendered":"Planiseal 88 (Mapei)"},"content":{"rendered":"<p>Osmotski cementni mort za hidroizolaciju zidanih i betonskih konstrukcija koje dolaze u dodir s pitkom vodom.<\/p>\n<p><strong>PODRU\u010cJE PRIMJENE<\/strong><br \/>\n\u2022 Sanacija podzemnog zida izlo\u017eenog prodoru vode i kapilarnom dizanju vlage, kod tlaka vode do 1 bara.<br \/>\n\u2022 Hidroizolacija spremnika, rezervoara te betonskih ili zidanih tankova koji sadr\u017ee pitku vodu.<br \/>\n\u2022 Hidroizolacija i zagla\u0111ivanje zida i betonskih spremnika koji sadr\u017ee otpadnu vodu.<\/p>\n<p><strong>Koristi se za hidroizolaciju<\/strong>:<br \/>\n&#8211; rezervoara za pitku vodu<br \/>\n&#8211; vanjskih i unutarnjih zidova u podrumskim prostorima<br \/>\n&#8211; vla\u017enih prostora<br \/>\n&#8211; pliva\u010dkih bazena i vodosprema<br \/>\n&#8211; \u0161ahtova dizala<br \/>\n&#8211; podzemnih kanala<br \/>\n&#8211; temeljnih zidova<br \/>\n&#8211; kanala za navodnjavanje.<br \/>\nKad Planiseal 88 pomije\u0161amo s odgovaraju\u0107om koli\u010dinom vode, dobijemo teku\u0107u mje\u0161avinu koja se nanosi \u010detkom, gleterom ili \u0161pricanjem, stvaraju\u0107i hidroizolacijski sloj koji odli\u010dno prianja na podlogu \u010dak i pri negativnom tlaku.<\/p>\n<p><strong>POTRO\u0160NJA:\u00a0<\/strong>1,5 kg\/m2 za sloj debljine 1 mm.<\/p>\n<p><strong>AMBALA\u017dA:\u00a0<\/strong>Vre\u0107e od 25 kg.<\/p>\n<p><strong>SKLADI\u0160TENJE:\u00a0<\/strong>12 mjeseci u originalno zatvorenoj ambala\u017ei u suhom prostoru.<\/p>\n","protected":false},"excerpt":{"rendered":"<p>Osmotski cementni mort za hidroizolaciju zidanih i betonskih konstrukcija koje dolaze u dodir s pitkom vodom. PODRU\u010cJE PRIMJENE \u2022 Sanacija podzemnog zida izlo\u017eenog prodoru vode i kapilarnom dizanju vlage, kod tlaka vode do 1 bara. \u2022 Hidroizolacija spremnika, rezervoara te betonskih ili zidanih tankova koji sadr\u017ee pitku vodu. \u2022 Hidroizolacija i zagla\u0111ivanje zida i betonskih [&hellip;]<\/p>\n","protected":false},"featured_media":10000001491,"template":"","meta":{"_acf_changed":false},"product_brand":[727],"product_oblik":[],"product_cat":[62,83],"product_tag":[86],"class_list":{"0":"post-27888","1":"product","2":"type-product","3":"status-publish","4":"has-post-thumbnail","6":"product_brand-mapei","7":"product_cat-ostalo","8":"product_cat-materijali-za-pripremu","9":"product_tag-hidroizolacija","11":"first","12":"instock","13":"shipping-taxable","14":"purchasable","15":"product-type-simple"},"acf":[],"_links":{"self":[{"href":"https:\/\/modrastijena.com\/hr\/wp-json\/wp\/v2\/product\/27888","targetHints":{"allow":["GET"]}}],"collection":[{"href":"https:\/\/modrastijena.com\/hr\/wp-json\/wp\/v2\/product"}],"about":[{"href":"https:\/\/modrastijena.com\/hr\/wp-json\/wp\/v2\/types\/product"}],"wp:featuredmedia":[{"embeddable":true,"href":"https:\/\/modrastijena.com\/hr\/wp-json\/"}],"wp:attachment":[{"href":"https:\/\/modrastijena.com\/hr\/wp-json\/wp\/v2\/media?parent=27888"}],"wp:term":[{"taxonomy":"product_brand","embeddable":true,"href":"https:\/\/modrastijena.com\/hr\/wp-json\/wp\/v2\/product_brand?post=27888"},{"taxonomy":"product_oblik","embeddable":true,"href":"https:\/\/modrastijena.com\/hr\/wp-json\/wp\/v2\/product_oblik?post=27888"},{"taxonomy":"product_cat","embeddable":true,"href":"https:\/\/modrastijena.com\/hr\/wp-json\/wp\/v2\/product_cat?post=27888"},{"taxonomy":"product_tag","embeddable":true,"href":"https:\/\/modrastijena.com\/hr\/wp-json\/wp\/v2\/product_tag?post=27888"}],"curies":[{"name":"wp","href":"https:\/\/api.w.org\/{rel}","templated":true}]}}