{"id":27885,"date":"2020-07-20T07:16:33","date_gmt":"2020-07-20T07:16:33","guid":{"rendered":"https:\/\/modrastijena.com\/hr\/proizvod\/ceresit-cm-11-plus\/"},"modified":"2025-02-04T08:03:56","modified_gmt":"2025-02-04T08:03:56","slug":"ceresit-cm-11-plus","status":"publish","type":"product","link":"https:\/\/modrastijena.com\/hr\/proizvod\/ceresit-cm-11-plus\/","title":{"rendered":"Ljepilo Ceresit CM 11 Plus"},"content":{"rendered":"<div class=\"product__featureText\">\n<p>Lepilo za keramiku\/unutra i vani<\/p>\n<p>Za polaganje kerami\u010dkih i gres plo\u010dica, na upijaju\u0107im unutra\u0161njim i vanjskim povr\u0161inama. Za neupijaju\u0107e podloge koristiti fleksibilno ljepilo Ceresit CM 16.<\/p>\n<p>Pogodan za gres plo\u010dice unutra.<\/p>\n<\/div>\n<div class=\"product__benefits\">\n<h2 id=\"karakteristike-1\" class=\"product__benefitsTitle\">KARAKTERISTIKE<\/h2>\n<div class=\"product__benefitsList\">\n<ul>\n<li>otporan na smrzavanje<\/li>\n<li>za vla\u017ene prostorije<\/li>\n<li>za debljine sloja do 10 mm<\/li>\n<li>za upijaju\u0107u keramiku<\/li>\n<li>visoka \u010dvrsto\u0107a<\/li>\n<li>ekonomi\u010dan<\/li>\n<li>jednostavna ugradnja<\/li>\n<li>potro\u0161nja: 5 &#8211; 6 kg\/m2<\/li>\n<li>pakovanje 25kg<\/li>\n<li>skladi\u0161tenje: 12 mjeseci na suhom i hladnom mjestu<\/li>\n<\/ul>\n<\/div>\n<\/div>\n<h2 id=\"pro-itajte-vi-e-2\" class=\"product__read-more-title\">PRO\u010cITAJTE VI\u0160E<\/h2>\n<div class=\"product__descriptionText\">\n<p>Ceresit CM11 Plus je lepilo za plo\u010dice certicifiran kao C1T u skladu sa EN 12004 i kao nisko-emisijski EC1 PLUS.<\/p>\n<p>Namijenjen je za postavljanje gres plo\u010dica, kerami\u010dkih plo\u010dica (glaziranih, terakota) i plo\u010dica od prirodnog kamena (nije namijenjen za granit).<\/p>\n<p>Namijenjen je za unutra\u0161nju i vanjski upotrebu, horizontalne i vertikalne povr\u0161ine, na cementne maltere i maltere na bazi cementa i kre\u010da (produ\u017ene maltere), cementne ko\u0161uljice, samoniveliraju\u0107e mase i beton, vla\u017ene prostorije kao \u0161to su kupatila, toaleti, kuhinje, pomo\u0107ne prostorije kao \u0161to su podrumi, ostave, sobe za su\u0161enje, hodnici, stepenice, dnevne sobe.<\/p>\n<p>Za polaganje plo\u010dica od prirodnog kamena osjetljivog na promjenu boje, predla\u017ee se kori\u0161tenje Ceresit bijelog lepila.<\/p>\n<\/div>\n","protected":false},"excerpt":{"rendered":"<p>Lepilo za keramiku\/unutra i vani Za polaganje kerami\u010dkih i gres plo\u010dica, na upijaju\u0107im unutra\u0161njim i vanjskim povr\u0161inama. Za neupijaju\u0107e podloge koristiti fleksibilno ljepilo Ceresit CM 16. Pogodan za gres plo\u010dice unutra. KARAKTERISTIKE otporan na smrzavanje za vla\u017ene prostorije za debljine sloja do 10 mm za upijaju\u0107u keramiku visoka \u010dvrsto\u0107a ekonomi\u010dan jednostavna ugradnja potro\u0161nja: 5 &#8211; [&hellip;]<\/p>\n","protected":false},"featured_media":10000001498,"template":"","meta":{"_acf_changed":false},"product_brand":[726],"product_oblik":[],"product_cat":[62,63],"product_tag":[313,145,64,262,342,184,56,189,192,264,57,314,155,169,284,65,31,350,351,316,40],"class_list":{"0":"post-27885","1":"product","2":"type-product","3":"status-publish","4":"has-post-thumbnail","6":"product_brand-ceresit","7":"product_cat-ostalo","8":"product_cat-materijali-za-polaganje","9":"product_tag-bathroom","10":"product_tag-dnevni-boravak","11":"product_tag-fleksibilno-ljepilo","12":"product_tag-flooring","13":"product_tag-fuga","14":"product_tag-gres","15":"product_tag-gres-keramika","16":"product_tag-gres-plocice","17":"product_tag-hodnik","18":"product_tag-keramicke-plocice","19":"product_tag-keramika","20":"product_tag-kitchen","21":"product_tag-kuhinja","22":"product_tag-kupaonica","23":"product_tag-living-room","24":"product_tag-ljepilo","25":"product_tag-pod","26":"product_tag-tile","27":"product_tag-tiling-adhesives","28":"product_tag-wall","29":"product_tag-zid","31":"first","32":"outofstock","33":"shipping-taxable","34":"purchasable","35":"product-type-simple"},"acf":[],"_links":{"self":[{"href":"https:\/\/modrastijena.com\/hr\/wp-json\/wp\/v2\/product\/27885","targetHints":{"allow":["GET"]}}],"collection":[{"href":"https:\/\/modrastijena.com\/hr\/wp-json\/wp\/v2\/product"}],"about":[{"href":"https:\/\/modrastijena.com\/hr\/wp-json\/wp\/v2\/types\/product"}],"wp:featuredmedia":[{"embeddable":true,"href":"https:\/\/modrastijena.com\/hr\/wp-json\/"}],"wp:attachment":[{"href":"https:\/\/modrastijena.com\/hr\/wp-json\/wp\/v2\/media?parent=27885"}],"wp:term":[{"taxonomy":"product_brand","embeddable":true,"href":"https:\/\/modrastijena.com\/hr\/wp-json\/wp\/v2\/product_brand?post=27885"},{"taxonomy":"product_oblik","embeddable":true,"href":"https:\/\/modrastijena.com\/hr\/wp-json\/wp\/v2\/product_oblik?post=27885"},{"taxonomy":"product_cat","embeddable":true,"href":"https:\/\/modrastijena.com\/hr\/wp-json\/wp\/v2\/product_cat?post=27885"},{"taxonomy":"product_tag","embeddable":true,"href":"https:\/\/modrastijena.com\/hr\/wp-json\/wp\/v2\/product_tag?post=27885"}],"curies":[{"name":"wp","href":"https:\/\/api.w.org\/{rel}","templated":true}]}}