{"id":27869,"date":"2020-07-20T10:02:17","date_gmt":"2020-07-20T10:02:17","guid":{"rendered":"https:\/\/modrastijena.com\/hr\/proizvod\/fuga-ceresit-ce\/"},"modified":"2025-10-20T09:25:21","modified_gmt":"2025-10-20T09:25:21","slug":"fuga-ceresit-ce","status":"publish","type":"product","link":"https:\/\/modrastijena.com\/hr\/proizvod\/fuga-ceresit-ce\/","title":{"rendered":"Fuga Ceresit CE 40 2kg"},"content":{"rendered":"<div class=\"product__featureText\">\n<p>Vodonepropusna i fleksibilna masa za fugiranje za fuge do 8 mm \u0161irine, sada sa novom\u00a0<b>Color Perfect<\/b>\u00a0formulom!<b><br \/>\n<\/b><\/p>\n<\/div>\n<div class=\"product__benefits\">\n<h2 id=\"karakteristike-1\" class=\"product__benefitsTitle\">KARAKTERISTIKE<\/h2>\n<div class=\"product__benefitsList\">\n<ul>\n<li><b>Color Perfect\u00a0<\/b>formulacija koja omogu\u0107ava:\n<ol>\n<li>Dugotrajne i prelijepe boje<\/li>\n<li>Idealno glatku povr\u0161inu<\/li>\n<li>Otpronost na eflorescenciju i diskoloraciju<\/li>\n<\/ol>\n<\/li>\n<li><b>Silica Active<\/b>\u00a0tehnologija za dugotrajne rezultate:\n<ol>\n<li>Savr\u0161ene postojane i jedinstvene boje<\/li>\n<li>Pove\u0107ana otpornost na pucanje i ogrebotine<\/li>\n<li>Optimizirano vrijeme \u010di\u0161\u0107enja i su\u0161enja za kerami\u010dke plo\u010dice<\/li>\n<\/ol>\n<\/li>\n<li><b>Aquastatic efekt<\/b>\u00a0i<b>\u00a0Trostruka za\u0161tita<\/b>\u00a0&#8211; otpornost na vodu, plijesan i ne\u010disto\u0107u<\/li>\n<li>Za porculanske plo\u010dice, keramiku, staklo, prirodan kamen i mramor<\/li>\n<li>Za unutra\u0161nju i vanjsku primjenu, za balkone i terase<\/li>\n<li>Prostor izme\u0111u plo\u010dica je prostor za dizajn &#8211; inspirisan 4 elementa prirode<\/li>\n<\/ul>\n<\/div>\n<p>Pakovanje: plasti\u010dni kontejner 2 kg<\/p>\n<p>Skladi\u0161tenje: do 24 mjeseca od dana proizvodnje ako je pohranjeno na paletama, u originalnom neo\u0161te\u0107enom pakiranju i na suhom mjestu.<\/p>\n<\/div>\n<h2 id=\"opis-2\" class=\"product__read-more-title\">OPIS<\/h2>\n<div class=\"product__descriptionText\">\n<p>Idealna za fugiranje porculana kao i drugih oblika keramike, stakla, mozaika, prirodnog kamena i mramora (neosjetljivi na promjene boje). Otpornost na pucanje i ogrebotine \u010dine je dugotrajnom, te u kombinaciji sa TrioProtect formulom u\u010dinkovito je za\u0161ti\u0107ena od algi i plijesni. Zahvaljuju\u0107i aquastatic efektu, kapljice vode ne prodiru u masu za fugiranje &#8211; zbog toga je idealna za primjenu u vla\u017enim prostorijama kao \u0161to su kupatila i kuhinje. CE40 je fleksibilna masa za fugiranje i pogodna je za primjenu na kriti\u010dnim podlogama: balkoni\/terase, grijani podovi, iverica, sl.<\/p>\n<p>&nbsp;<\/p>\n<p><a href=\"https:\/\/modrastijena.com\/wp-content\/uploads\/Ceresit_Fuga_primjena.jpg\"><img fetchpriority=\"high\" decoding=\"async\" class=\"alignnone size-full wp-image-4030\" src=\"https:\/\/modrastijena.com\/wp-content\/uploads\/Ceresit_Fuga_primjena.jpg\" alt=\"\" width=\"596\" height=\"310\" \/><\/a><\/p>\n<\/div>\n","protected":false},"excerpt":{"rendered":"<p>Vodonepropusna i fleksibilna masa za fugiranje za fuge do 8 mm \u0161irine, sada sa novom\u00a0Color Perfect\u00a0formulom! KARAKTERISTIKE Color Perfect\u00a0formulacija koja omogu\u0107ava: Dugotrajne i prelijepe boje Idealno glatku povr\u0161inu Otpronost na eflorescenciju i diskoloraciju Silica Active\u00a0tehnologija za dugotrajne rezultate: Savr\u0161ene postojane i jedinstvene boje Pove\u0107ana otpornost na pucanje i ogrebotine Optimizirano vrijeme \u010di\u0161\u0107enja i su\u0161enja za [&hellip;]<\/p>\n","protected":false},"featured_media":100000028401,"template":"","meta":{"_acf_changed":false},"product_brand":[726],"product_oblik":[],"product_cat":[62,63],"product_tag":[145,342,184,56,189,192,264,57,155,169,31,40],"class_list":{"0":"post-27869","1":"product","2":"type-product","3":"status-publish","4":"has-post-thumbnail","6":"product_brand-ceresit","7":"product_cat-ostalo","8":"product_cat-materijali-za-polaganje","9":"product_tag-dnevni-boravak","10":"product_tag-fuga","11":"product_tag-gres","12":"product_tag-gres-keramika","13":"product_tag-gres-plocice","14":"product_tag-hodnik","15":"product_tag-keramicke-plocice","16":"product_tag-keramika","17":"product_tag-kuhinja","18":"product_tag-kupaonica","19":"product_tag-pod","20":"product_tag-zid","22":"first","23":"instock","24":"shipping-taxable","25":"purchasable","26":"product-type-variable","27":"wvs-archive-product-wrapper"},"acf":[],"_links":{"self":[{"href":"https:\/\/modrastijena.com\/hr\/wp-json\/wp\/v2\/product\/27869","targetHints":{"allow":["GET"]}}],"collection":[{"href":"https:\/\/modrastijena.com\/hr\/wp-json\/wp\/v2\/product"}],"about":[{"href":"https:\/\/modrastijena.com\/hr\/wp-json\/wp\/v2\/types\/product"}],"wp:featuredmedia":[{"embeddable":true,"href":"https:\/\/modrastijena.com\/hr\/wp-json\/"}],"wp:attachment":[{"href":"https:\/\/modrastijena.com\/hr\/wp-json\/wp\/v2\/media?parent=27869"}],"wp:term":[{"taxonomy":"product_brand","embeddable":true,"href":"https:\/\/modrastijena.com\/hr\/wp-json\/wp\/v2\/product_brand?post=27869"},{"taxonomy":"product_oblik","embeddable":true,"href":"https:\/\/modrastijena.com\/hr\/wp-json\/wp\/v2\/product_oblik?post=27869"},{"taxonomy":"product_cat","embeddable":true,"href":"https:\/\/modrastijena.com\/hr\/wp-json\/wp\/v2\/product_cat?post=27869"},{"taxonomy":"product_tag","embeddable":true,"href":"https:\/\/modrastijena.com\/hr\/wp-json\/wp\/v2\/product_tag?post=27869"}],"curies":[{"name":"wp","href":"https:\/\/api.w.org\/{rel}","templated":true}]}}