{"id":27865,"date":"2020-08-05T12:05:01","date_gmt":"2020-08-05T12:05:01","guid":{"rendered":"https:\/\/modrastijena.com\/hr\/proizvod\/hmn-201-spess-hard-rett-40x120-cm\/"},"modified":"2024-05-19T10:16:15","modified_gmt":"2024-05-19T10:16:15","slug":"hmn-201-spess-hard-rett-40x120-cm","status":"publish","type":"product","link":"https:\/\/modrastijena.com\/hr\/proizvod\/hmn-201-spess-hard-rett-40x120-cm\/?paket_m2=0.48","title":{"rendered":"HMN 201 Spess Hard Rett 40&#215;120 cm"},"content":{"rendered":"<p style=\"margin: 0cm;margin-bottom: .0001pt\">Komada u paketu: 1<\/p>\n<p style=\"margin: 0cm;margin-bottom: .0001pt\">Paket m\u00b2: 0,48<\/p>\n<p style=\"margin: 0cm;margin-bottom: .0001pt\">Te\u017eina paketa kg: 21,54<\/p>\n<p>&nbsp;<\/p>\n<p>Cijene su izra\u017eene u konvertibilnim markama po m\u00b2. Kona\u010dna cijena se obra\u010dunava po koli\u010dini\/broju paketa koje naru\u010dujete.<\/p>\n","protected":false},"excerpt":{"rendered":"<p>retificirana, gres plo\u010dica, komercijalna klasa, talijanski proizvo\u0111a\u010d Del Conca<\/p>\n","protected":false},"featured_media":10000001525,"template":"","meta":{"_acf_changed":false},"product_brand":[749],"product_oblik":[],"product_cat":[54],"product_tag":[145,184,56,189,192,57,155,169,31,209,40],"class_list":{"0":"post-27865","1":"product","2":"type-product","3":"status-publish","4":"has-post-thumbnail","6":"product_brand-del-conca","7":"product_cat-keramika","8":"product_tag-dnevni-boravak","9":"product_tag-gres","10":"product_tag-gres-keramika","11":"product_tag-gres-plocice","12":"product_tag-hodnik","13":"product_tag-keramika","14":"product_tag-kuhinja","15":"product_tag-kupaonica","16":"product_tag-pod","17":"product_tag-soba","18":"product_tag-zid","20":"first","21":"instock","22":"shipping-taxable","23":"purchasable","24":"product-type-simple"},"acf":[],"_links":{"self":[{"href":"https:\/\/modrastijena.com\/hr\/wp-json\/wp\/v2\/product\/27865","targetHints":{"allow":["GET"]}}],"collection":[{"href":"https:\/\/modrastijena.com\/hr\/wp-json\/wp\/v2\/product"}],"about":[{"href":"https:\/\/modrastijena.com\/hr\/wp-json\/wp\/v2\/types\/product"}],"wp:featuredmedia":[{"embeddable":true,"href":"https:\/\/modrastijena.com\/hr\/wp-json\/"}],"wp:attachment":[{"href":"https:\/\/modrastijena.com\/hr\/wp-json\/wp\/v2\/media?parent=27865"}],"wp:term":[{"taxonomy":"product_brand","embeddable":true,"href":"https:\/\/modrastijena.com\/hr\/wp-json\/wp\/v2\/product_brand?post=27865"},{"taxonomy":"product_oblik","embeddable":true,"href":"https:\/\/modrastijena.com\/hr\/wp-json\/wp\/v2\/product_oblik?post=27865"},{"taxonomy":"product_cat","embeddable":true,"href":"https:\/\/modrastijena.com\/hr\/wp-json\/wp\/v2\/product_cat?post=27865"},{"taxonomy":"product_tag","embeddable":true,"href":"https:\/\/modrastijena.com\/hr\/wp-json\/wp\/v2\/product_tag?post=27865"}],"curies":[{"name":"wp","href":"https:\/\/api.w.org\/{rel}","templated":true}]}}