{"id":27862,"date":"2020-08-20T07:00:20","date_gmt":"2020-08-20T07:00:20","guid":{"rendered":"https:\/\/modrastijena.com\/hr\/proizvod\/bert-27-sredstvo-za-ciscenje-kamena\/"},"modified":"2026-01-16T07:50:53","modified_gmt":"2026-01-16T07:50:53","slug":"bert-27-sredstvo-za-ciscenje-kamena","status":"publish","type":"product","link":"https:\/\/modrastijena.com\/hr\/proizvod\/bert-27-sredstvo-za-ciscenje-kamena\/","title":{"rendered":"Bert 27 &#8211; sredstvo za \u010di\u0161\u0107enje kamena"},"content":{"rendered":"<p>Ovo je izuzetno koncentrirano sredstvo za pranje granita, keramike ili gres-a na bazi kiselina.<\/p>\n<p>Koristite ga samo za jako otporno zaprljanje tla ili za uklanjanje hr\u0111e ili kalijevog nitrata. Jedna od njegovih velikih prednosti je \u0161to stvara sloj pjene koji ne kaplje kada se koristi na okomitim povr\u0161inama, pa je posebno koristan za dubinsko \u010di\u0161\u0107enje zidnih plo\u010dica odmah nakon pri\u010dvr\u0161\u0107ivanja.<\/p>\n","protected":false},"excerpt":{"rendered":"<p>Ovo je izuzetno koncentrirano sredstvo za pranje granita, keramike ili gres-a na bazi kiselina. Koristite ga samo za jako otporno zaprljanje tla ili za uklanjanje hr\u0111e ili kalijevog nitrata. Jedna od njegovih velikih prednosti je \u0161to stvara sloj pjene koji ne kaplje kada se koristi na okomitim povr\u0161inama, pa je posebno koristan za dubinsko \u010di\u0161\u0107enje [&hellip;]<\/p>\n","protected":false},"featured_media":10000001537,"template":"","meta":{"_acf_changed":false},"product_brand":[735],"product_oblik":[],"product_cat":[62,88],"product_tag":[],"class_list":{"0":"post-27862","1":"product","2":"type-product","3":"status-publish","4":"has-post-thumbnail","6":"product_brand-abrasivi-adria","7":"product_cat-ostalo","8":"product_cat-sredstva-za-odrzavanje","10":"first","11":"instock","12":"shipping-taxable","13":"purchasable","14":"product-type-simple"},"acf":[],"_links":{"self":[{"href":"https:\/\/modrastijena.com\/hr\/wp-json\/wp\/v2\/product\/27862","targetHints":{"allow":["GET"]}}],"collection":[{"href":"https:\/\/modrastijena.com\/hr\/wp-json\/wp\/v2\/product"}],"about":[{"href":"https:\/\/modrastijena.com\/hr\/wp-json\/wp\/v2\/types\/product"}],"wp:featuredmedia":[{"embeddable":true,"href":"https:\/\/modrastijena.com\/hr\/wp-json\/"}],"wp:attachment":[{"href":"https:\/\/modrastijena.com\/hr\/wp-json\/wp\/v2\/media?parent=27862"}],"wp:term":[{"taxonomy":"product_brand","embeddable":true,"href":"https:\/\/modrastijena.com\/hr\/wp-json\/wp\/v2\/product_brand?post=27862"},{"taxonomy":"product_oblik","embeddable":true,"href":"https:\/\/modrastijena.com\/hr\/wp-json\/wp\/v2\/product_oblik?post=27862"},{"taxonomy":"product_cat","embeddable":true,"href":"https:\/\/modrastijena.com\/hr\/wp-json\/wp\/v2\/product_cat?post=27862"},{"taxonomy":"product_tag","embeddable":true,"href":"https:\/\/modrastijena.com\/hr\/wp-json\/wp\/v2\/product_tag?post=27862"}],"curies":[{"name":"wp","href":"https:\/\/api.w.org\/{rel}","templated":true}]}}