{"id":27854,"date":"2020-10-14T14:18:42","date_gmt":"2020-10-14T14:18:42","guid":{"rendered":"https:\/\/modrastijena.com\/hr\/proizvod\/comfort-maxi-kamin-na-pelet-s-ventilatorom-la-nordica\/"},"modified":"2025-01-14T12:53:35","modified_gmt":"2025-01-14T12:53:35","slug":"comfort-maxi-kamin-na-pelet-s-ventilatorom-la-nordica","status":"publish","type":"product","link":"https:\/\/modrastijena.com\/hr\/proizvod\/comfort-maxi-kamin-na-pelet-s-ventilatorom-la-nordica\/","title":{"rendered":"Comfort Maxi &#8211; kamin na pelet s ventilatorom (La Nordica)"},"content":{"rendered":"<p>Kamin na pelet izra\u0111en u cijelosti od lijevanog \u017eeljeza sa ventilatorom.<\/p>\n<p>&nbsp;<\/p>\n<p>Tehni\u010dki podaci:<\/p>\n<ul>\n<li>Dimenzija cm: 64&#215;61,6&#215;71,6x<\/li>\n<li>Nominalna snaga-toplina kW: 3,4 do 8,9<\/li>\n<li>Maksimalna snaga kW: 3,8 do 10<\/li>\n<li>Ukupna te\u017eina kg: 132<\/li>\n<li>Zagrijava m\u00b3: 255<\/li>\n<li>Iskoristivost %: 88<\/li>\n<li>Potro\u0161nja kg\/h: 0,8 &#8211; 2,0<\/li>\n<li>Promjer dimnjaka cm: 8<\/li>\n<li>Daljinski upravlja\u010d: da<\/li>\n<li>Unutarnji termostat: da<\/li>\n<li>Sigurnosni termostat: da<\/li>\n<li>Promjer cijevi za vanjski zrak cm: 5<\/li>\n<li>Tjedni termostat: da<\/li>\n<\/ul>\n<p>&nbsp;<\/p>\n<p>&nbsp;<\/p>\n","protected":false},"excerpt":{"rendered":"<p>Kamin na pelet izra\u0111en u cijelosti od lijevanog \u017eeljeza sa ventilatorom. &nbsp; Tehni\u010dki podaci: Dimenzija cm: 64&#215;61,6&#215;71,6x Nominalna snaga-toplina kW: 3,4 do 8,9 Maksimalna snaga kW: 3,8 do 10 Ukupna te\u017eina kg: 132 Zagrijava m\u00b3: 255 Iskoristivost %: 88 Potro\u0161nja kg\/h: 0,8 &#8211; 2,0 Promjer dimnjaka cm: 8 Daljinski upravlja\u010d: da Unutarnji termostat: da Sigurnosni [&hellip;]<\/p>\n","protected":false},"featured_media":10000001561,"template":"","meta":{"_acf_changed":false},"product_brand":[708],"product_oblik":[],"product_cat":[95,96],"product_tag":[100,102,118,107,108],"class_list":{"0":"post-27854","1":"product","2":"type-product","3":"status-publish","4":"has-post-thumbnail","6":"product_brand-la-nordica","7":"product_cat-kamini-i-peci","8":"product_cat-kamini","9":"product_tag-grijanje","10":"product_tag-kamin","11":"product_tag-pelet","12":"product_tag-ugradbeni-kamin","13":"product_tag-vatra","15":"first","16":"instock","17":"sale","18":"shipping-taxable","19":"purchasable","20":"product-type-simple"},"acf":[],"_links":{"self":[{"href":"https:\/\/modrastijena.com\/hr\/wp-json\/wp\/v2\/product\/27854","targetHints":{"allow":["GET"]}}],"collection":[{"href":"https:\/\/modrastijena.com\/hr\/wp-json\/wp\/v2\/product"}],"about":[{"href":"https:\/\/modrastijena.com\/hr\/wp-json\/wp\/v2\/types\/product"}],"wp:featuredmedia":[{"embeddable":true,"href":"https:\/\/modrastijena.com\/hr\/wp-json\/"}],"wp:attachment":[{"href":"https:\/\/modrastijena.com\/hr\/wp-json\/wp\/v2\/media?parent=27854"}],"wp:term":[{"taxonomy":"product_brand","embeddable":true,"href":"https:\/\/modrastijena.com\/hr\/wp-json\/wp\/v2\/product_brand?post=27854"},{"taxonomy":"product_oblik","embeddable":true,"href":"https:\/\/modrastijena.com\/hr\/wp-json\/wp\/v2\/product_oblik?post=27854"},{"taxonomy":"product_cat","embeddable":true,"href":"https:\/\/modrastijena.com\/hr\/wp-json\/wp\/v2\/product_cat?post=27854"},{"taxonomy":"product_tag","embeddable":true,"href":"https:\/\/modrastijena.com\/hr\/wp-json\/wp\/v2\/product_tag?post=27854"}],"curies":[{"name":"wp","href":"https:\/\/api.w.org\/{rel}","templated":true}]}}