{"id":27827,"date":"2019-04-03T14:54:08","date_gmt":"2019-04-03T14:54:08","guid":{"rendered":"https:\/\/modrastijena.com\/hr\/proizvod\/ljepilo-za-spagu\/"},"modified":"2026-02-17T13:50:21","modified_gmt":"2026-02-17T13:50:21","slug":"ljepilo-za-spagu","status":"publish","type":"product","link":"https:\/\/modrastijena.com\/hr\/proizvod\/ljepilo-za-spagu\/","title":{"rendered":"Ljepilo za \u0161pagu"},"content":{"rendered":"<p>Posebno ljepilo za staklo i mineralna vlakna koje slu\u017ei za ljepljenje \u0161page unutar kamina ili pe\u0107i.<\/p>\n<p>Visoko otporno na toplinu i do 1000 \u00b0 C.<\/p>\n","protected":false},"excerpt":{"rendered":"<p>Posebno ljepilo za staklo i mineralna vlakna koje slu\u017ei za ljepljenje \u0161page unutar kamina ili pe\u0107i. Visoko otporno na toplinu i do 1000 \u00b0 C.<\/p>\n","protected":false},"featured_media":10000001648,"template":"","meta":{"_acf_changed":false},"product_brand":[743],"product_oblik":[],"product_cat":[95,210],"product_tag":[216,65,251,369],"class_list":{"0":"post-27827","1":"product","2":"type-product","3":"status-publish","4":"has-post-thumbnail","6":"product_brand-lienbacher","7":"product_cat-kamini-i-peci","8":"product_cat-ostalo-kamini-i-peci","9":"product_tag-kamini","10":"product_tag-ljepilo","11":"product_tag-peci","12":"product_tag-spaga","14":"first","15":"outofstock","16":"shipping-taxable","17":"purchasable","18":"product-type-simple"},"acf":[],"_links":{"self":[{"href":"https:\/\/modrastijena.com\/hr\/wp-json\/wp\/v2\/product\/27827","targetHints":{"allow":["GET"]}}],"collection":[{"href":"https:\/\/modrastijena.com\/hr\/wp-json\/wp\/v2\/product"}],"about":[{"href":"https:\/\/modrastijena.com\/hr\/wp-json\/wp\/v2\/types\/product"}],"wp:featuredmedia":[{"embeddable":true,"href":"https:\/\/modrastijena.com\/hr\/wp-json\/"}],"wp:attachment":[{"href":"https:\/\/modrastijena.com\/hr\/wp-json\/wp\/v2\/media?parent=27827"}],"wp:term":[{"taxonomy":"product_brand","embeddable":true,"href":"https:\/\/modrastijena.com\/hr\/wp-json\/wp\/v2\/product_brand?post=27827"},{"taxonomy":"product_oblik","embeddable":true,"href":"https:\/\/modrastijena.com\/hr\/wp-json\/wp\/v2\/product_oblik?post=27827"},{"taxonomy":"product_cat","embeddable":true,"href":"https:\/\/modrastijena.com\/hr\/wp-json\/wp\/v2\/product_cat?post=27827"},{"taxonomy":"product_tag","embeddable":true,"href":"https:\/\/modrastijena.com\/hr\/wp-json\/wp\/v2\/product_tag?post=27827"}],"curies":[{"name":"wp","href":"https:\/\/api.w.org\/{rel}","templated":true}]}}