{"id":27824,"date":"2019-01-12T14:56:23","date_gmt":"2019-01-12T14:56:23","guid":{"rendered":"https:\/\/modrastijena.com\/hr\/proizvod\/samot-30x20x2-cm\/"},"modified":"2026-03-23T16:22:44","modified_gmt":"2026-03-23T16:22:44","slug":"samot-30x20x2-cm","status":"publish","type":"product","link":"https:\/\/modrastijena.com\/hr\/proizvod\/samot-30x20x2-cm\/","title":{"rendered":"\u0160amotna opeka 30x20x2 cm"},"content":{"rendered":"<p>\u0160amot je vatrootporni materijal koji se koristi za oblaganje unutra\u0161njosti kamina i pe\u0107i.<\/p>\n<p>\u0160amot akulumira toplinu i prenosi je u va\u0161 dom.<\/p>\n","protected":false},"excerpt":{"rendered":"<p>\u0160amot je vatrootporni materijal koji se koristi za oblaganje unutra\u0161njosti kamina i pe\u0107i. \u0160amot akulumira toplinu i prenosi je u va\u0161 dom.<\/p>\n","protected":false},"featured_media":100000027900,"template":"","meta":{"_acf_changed":false},"product_brand":[722],"product_oblik":[],"product_cat":[95,210],"product_tag":[360,361],"class_list":{"0":"post-27824","1":"product","2":"type-product","3":"status-publish","4":"has-post-thumbnail","6":"product_brand-eu-proizvodnja","7":"product_cat-kamini-i-peci","8":"product_cat-ostalo-kamini-i-peci","9":"product_tag-samot","10":"product_tag-samotna-cigla","12":"first","13":"instock","14":"shipping-taxable","15":"purchasable","16":"product-type-simple"},"acf":[],"_links":{"self":[{"href":"https:\/\/modrastijena.com\/hr\/wp-json\/wp\/v2\/product\/27824","targetHints":{"allow":["GET"]}}],"collection":[{"href":"https:\/\/modrastijena.com\/hr\/wp-json\/wp\/v2\/product"}],"about":[{"href":"https:\/\/modrastijena.com\/hr\/wp-json\/wp\/v2\/types\/product"}],"wp:featuredmedia":[{"embeddable":true,"href":"https:\/\/modrastijena.com\/hr\/wp-json\/"}],"wp:attachment":[{"href":"https:\/\/modrastijena.com\/hr\/wp-json\/wp\/v2\/media?parent=27824"}],"wp:term":[{"taxonomy":"product_brand","embeddable":true,"href":"https:\/\/modrastijena.com\/hr\/wp-json\/wp\/v2\/product_brand?post=27824"},{"taxonomy":"product_oblik","embeddable":true,"href":"https:\/\/modrastijena.com\/hr\/wp-json\/wp\/v2\/product_oblik?post=27824"},{"taxonomy":"product_cat","embeddable":true,"href":"https:\/\/modrastijena.com\/hr\/wp-json\/wp\/v2\/product_cat?post=27824"},{"taxonomy":"product_tag","embeddable":true,"href":"https:\/\/modrastijena.com\/hr\/wp-json\/wp\/v2\/product_tag?post=27824"}],"curies":[{"name":"wp","href":"https:\/\/api.w.org\/{rel}","templated":true}]}}