{"id":27783,"date":"2021-11-25T09:03:07","date_gmt":"2021-11-25T09:03:07","guid":{"rendered":"https:\/\/modrastijena.com\/hr\/proizvod\/vodoodbojni-zavrsni-premaz-antipluviol-w\/"},"modified":"2026-02-25T10:58:18","modified_gmt":"2026-02-25T10:58:18","slug":"vodoodbojni-zavrsni-premaz-antipluviol-w","status":"publish","type":"product","link":"https:\/\/modrastijena.com\/hr\/proizvod\/vodoodbojni-zavrsni-premaz-antipluviol-w\/","title":{"rendered":"Vodoodbojni zavrsni premaz Antipluviol W"},"content":{"rendered":"<p>Bezbojni, vodoodbojni zavr\u0161ni premaz na osnovi silanskih i siloksanskih smola u vodenoj otopini.<\/p>\n<p>TEHNI\u010cKI PODACI:<br \/>\nKonzistencija: teku\u0107a.<br \/>\nBoja: mlije\u010dna.<br \/>\nGusto\u0107a (EN ISO 2811-1) (g\/cm\u00b3): pribli\u017eno 1,01.<br \/>\nSadr\u017eaj suhe tvari (%): 8.<br \/>\nRazrje\u0111ivanje: isporu\u010duje se pripremljen za upotrebu.<br \/>\nVrijeme su\u0161enja povr\u0161ine: 1 &#8211; 2 sata.<br \/>\nTemperatura primjene: od +5\u00b0C do +35\u00b0C.<br \/>\n\u010ci\u0161\u0107enje: vodom.<br \/>\nSkladi\u0161tenje: 24 mjeseci.<br \/>\nPrimjena: valjkom, \u010detkom ili \u0161pricanjem.<br \/>\nPotro\u0161nja: 0,2 &#8211; 1 kg\/m\u00b2 (ovisno o upojnosti podloge).<\/p>\n<p><span lang=\"HR\" style=\"font-size: 11.0pt;color: #535353\">AMBALA\u017dA: 10 kg<\/span><\/p>\n","protected":false},"excerpt":{"rendered":"<p>Bezbojni, vodoodbojni zavr\u0161ni premaz na osnovi silanskih i siloksanskih smola u vodenoj otopini. TEHNI\u010cKI PODACI: Konzistencija: teku\u0107a. Boja: mlije\u010dna. Gusto\u0107a (EN ISO 2811-1) (g\/cm\u00b3): pribli\u017eno 1,01. Sadr\u017eaj suhe tvari (%): 8. Razrje\u0111ivanje: isporu\u010duje se pripremljen za upotrebu. Vrijeme su\u0161enja povr\u0161ine: 1 &#8211; 2 sata. Temperatura primjene: od +5\u00b0C do +35\u00b0C. \u010ci\u0161\u0107enje: vodom. Skladi\u0161tenje: 24 mjeseci. [&hellip;]<\/p>\n","protected":false},"featured_media":10000001811,"template":"","meta":{"_acf_changed":false},"product_brand":[727],"product_oblik":[],"product_cat":[62,83],"product_tag":[388,389],"class_list":{"0":"post-27783","1":"product","2":"type-product","3":"status-publish","4":"has-post-thumbnail","6":"product_brand-mapei","7":"product_cat-ostalo","8":"product_cat-materijali-za-pripremu","9":"product_tag-vodoodbojno","10":"product_tag-zavrsni-premaz","12":"first","13":"instock","14":"shipping-taxable","15":"purchasable","16":"product-type-simple"},"acf":[],"_links":{"self":[{"href":"https:\/\/modrastijena.com\/hr\/wp-json\/wp\/v2\/product\/27783","targetHints":{"allow":["GET"]}}],"collection":[{"href":"https:\/\/modrastijena.com\/hr\/wp-json\/wp\/v2\/product"}],"about":[{"href":"https:\/\/modrastijena.com\/hr\/wp-json\/wp\/v2\/types\/product"}],"wp:featuredmedia":[{"embeddable":true,"href":"https:\/\/modrastijena.com\/hr\/wp-json\/"}],"wp:attachment":[{"href":"https:\/\/modrastijena.com\/hr\/wp-json\/wp\/v2\/media?parent=27783"}],"wp:term":[{"taxonomy":"product_brand","embeddable":true,"href":"https:\/\/modrastijena.com\/hr\/wp-json\/wp\/v2\/product_brand?post=27783"},{"taxonomy":"product_oblik","embeddable":true,"href":"https:\/\/modrastijena.com\/hr\/wp-json\/wp\/v2\/product_oblik?post=27783"},{"taxonomy":"product_cat","embeddable":true,"href":"https:\/\/modrastijena.com\/hr\/wp-json\/wp\/v2\/product_cat?post=27783"},{"taxonomy":"product_tag","embeddable":true,"href":"https:\/\/modrastijena.com\/hr\/wp-json\/wp\/v2\/product_tag?post=27783"}],"curies":[{"name":"wp","href":"https:\/\/api.w.org\/{rel}","templated":true}]}}