{"id":27772,"date":"2022-01-25T15:11:33","date_gmt":"2022-01-25T15:11:33","guid":{"rendered":"https:\/\/modrastijena.com\/hr\/proizvod\/opal-white-2\/"},"modified":"2024-10-04T07:17:11","modified_gmt":"2024-10-04T07:17:11","slug":"opal-white-2","status":"publish","type":"product","link":"https:\/\/modrastijena.com\/hr\/proizvod\/opal-white-2\/","title":{"rendered":"Opal White"},"content":{"rendered":"<p>Jedan od najljep\u0161ih vrsta prirodnog kamena je definitivno Opal White. rije\u010d je o iznimno elegantnom i sofisticiranom mramoru pogodnom za vrhunske arhitektonske gra\u0111evinske projekte. Njegov jedinstveni, plemeniti karakter i osje\u0107aj luksuza proizlaze iz njegovih blagih sitnih kristala kojima su plo\u010de pro\u017eete.<\/p>\n<p>Primjenjuje se u gra\u0111evinske i dekorativne svrhe, projekte komercijalnih i stambenih zgrada, unutarnje plo\u010de, podove i zidne obloge, kupaonice, izradu namje\u0161taja i sli\u010dno.<br \/>\nDostupan je u debljini od 1,8cm, 2cm i 3cm.<\/p>\n<p><b>Napomena:<\/b><br \/>\nKamen je prirodan materijal i svaka kamena plo\u010da je unikatna, stoga preporu\u010dujemo da vidite uzorak kamena u jednoj od na\u0161ih poslovnica. Fotografije ne moraju nu\u017eno u potpunosti odgovarati stvarnom izgledu proizvoda. Provjerite dostupnost u prodajnim salonima Modre Stijene.<\/p>\n","protected":false},"excerpt":{"rendered":"<p>Jedan od najljep\u0161ih vrsta prirodnog kamena je definitivno Opal White. rije\u010d je o iznimno elegantnom i sofisticiranom mramoru pogodnom za vrhunske arhitektonske gra\u0111evinske projekte. Njegov jedinstveni, plemeniti karakter i osje\u0107aj luksuza proizlaze iz njegovih blagih sitnih kristala kojima su plo\u010de pro\u017eete. Primjenjuje se u gra\u0111evinske i dekorativne svrhe, projekte komercijalnih i stambenih zgrada, unutarnje plo\u010de, [&hellip;]<\/p>\n","protected":false},"featured_media":100000026559,"template":"","meta":{"_acf_changed":false},"product_brand":[],"product_oblik":[],"product_cat":[22,44],"product_tag":[46,394,384,30,31,33,36,37,396,48,49,395,40],"class_list":{"0":"post-27772","1":"product","2":"type-product","3":"status-publish","4":"has-post-thumbnail","6":"product_cat-kamen","7":"product_cat-mramori","8":"product_tag-kamen","9":"product_tag-luksuz","10":"product_tag-novo","11":"product_tag-oblaganje-kamina","12":"product_tag-pod","13":"product_tag-prirodni-kamen","14":"product_tag-stepenice","15":"product_tag-stol","16":"product_tag-stol-za-blagovaonicu","17":"product_tag-stubiste","18":"product_tag-unutarnje-klupice","19":"product_tag-uredenje-interijera","20":"product_tag-zid","22":"first","23":"instock","24":"shipping-taxable","25":"product-type-simple"},"acf":[],"_links":{"self":[{"href":"https:\/\/modrastijena.com\/hr\/wp-json\/wp\/v2\/product\/27772","targetHints":{"allow":["GET"]}}],"collection":[{"href":"https:\/\/modrastijena.com\/hr\/wp-json\/wp\/v2\/product"}],"about":[{"href":"https:\/\/modrastijena.com\/hr\/wp-json\/wp\/v2\/types\/product"}],"wp:featuredmedia":[{"embeddable":true,"href":"https:\/\/modrastijena.com\/hr\/wp-json\/"}],"wp:attachment":[{"href":"https:\/\/modrastijena.com\/hr\/wp-json\/wp\/v2\/media?parent=27772"}],"wp:term":[{"taxonomy":"product_brand","embeddable":true,"href":"https:\/\/modrastijena.com\/hr\/wp-json\/wp\/v2\/product_brand?post=27772"},{"taxonomy":"product_oblik","embeddable":true,"href":"https:\/\/modrastijena.com\/hr\/wp-json\/wp\/v2\/product_oblik?post=27772"},{"taxonomy":"product_cat","embeddable":true,"href":"https:\/\/modrastijena.com\/hr\/wp-json\/wp\/v2\/product_cat?post=27772"},{"taxonomy":"product_tag","embeddable":true,"href":"https:\/\/modrastijena.com\/hr\/wp-json\/wp\/v2\/product_tag?post=27772"}],"curies":[{"name":"wp","href":"https:\/\/api.w.org\/{rel}","templated":true}]}}