{"id":27702,"date":"2022-04-20T09:03:03","date_gmt":"2022-04-20T09:03:03","guid":{"rendered":"https:\/\/modrastijena.com\/hr\/proizvod\/raffaella-idro-bordo-la-nordica\/"},"modified":"2025-09-15T11:02:27","modified_gmt":"2025-09-15T11:02:27","slug":"raffaella-idro-bordo-la-nordica","status":"publish","type":"product","link":"https:\/\/modrastijena.com\/hr\/proizvod\/raffaella-idro-bordo-la-nordica\/","title":{"rendered":"Raffaella Idro Bordo &#8211; pe\u0107 na pelet za centralno grijanje"},"content":{"rendered":"<p>&nbsp;<\/p>\n<p>Tehni\u010dki podaci:<\/p>\n<ul>\n<li>Dimenzije cm: 69&#215;119,7&#215;62,7<\/li>\n<li>Nominalna toplinska snaga kW: 5,3 &#8211; 18,8<\/li>\n<li>Globalna toplinska snaga kW: 5,5 &#8211; 20,1<\/li>\n<li>U\u010dinkovitost-iskoristivost %: 91<\/li>\n<li>Potro\u0161nja goriva(pelet) kg\/h: 1,2 &#8211; 4,2<\/li>\n<li>Kapacitet spremnika kg: 35<\/li>\n<li>Promjer dimnjaka cm: 8<\/li>\n<li>Potro\u0161nja elektri\u010dne energije W: 9 &#8211; 110<\/li>\n<li>Ukupna te\u017eina kg: 255<\/li>\n<li>Zagrijava m\u00b3: 540 (\u2248 193 m\u00b2)<\/li>\n<\/ul>\n<p>&nbsp;<\/p>\n<p>&nbsp;<\/p>\n<p>&nbsp;<\/p>\n","protected":false},"excerpt":{"rendered":"<p>&nbsp; Tehni\u010dki podaci: Dimenzije cm: 69&#215;119,7&#215;62,7 Nominalna toplinska snaga kW: 5,3 &#8211; 18,8 Globalna toplinska snaga kW: 5,5 &#8211; 20,1 U\u010dinkovitost-iskoristivost %: 91 Potro\u0161nja goriva(pelet) kg\/h: 1,2 &#8211; 4,2 Kapacitet spremnika kg: 35 Promjer dimnjaka cm: 8 Potro\u0161nja elektri\u010dne energije W: 9 &#8211; 110 Ukupna te\u017eina kg: 255 Zagrijava m\u00b3: 540 (\u2248 193 m\u00b2) &nbsp; [&hellip;]<\/p>\n","protected":false},"featured_media":10000001972,"template":"","meta":{"_acf_changed":false},"product_brand":[708],"product_oblik":[],"product_cat":[95,116],"product_tag":[100,113,407,117,118,341,108],"class_list":{"0":"post-27702","1":"product","2":"type-product","3":"status-publish","4":"has-post-thumbnail","6":"product_brand-la-nordica","7":"product_cat-kamini-i-peci","8":"product_cat-peci-na-pelet","9":"product_tag-grijanje","10":"product_tag-pec","11":"product_tag-pec-na-centralno","12":"product_tag-pec-na-pelet","13":"product_tag-pelet","14":"product_tag-talijanski-kamin","15":"product_tag-vatra","17":"first","18":"instock","19":"sale","20":"shipping-taxable","21":"purchasable","22":"product-type-simple"},"acf":[],"_links":{"self":[{"href":"https:\/\/modrastijena.com\/hr\/wp-json\/wp\/v2\/product\/27702","targetHints":{"allow":["GET"]}}],"collection":[{"href":"https:\/\/modrastijena.com\/hr\/wp-json\/wp\/v2\/product"}],"about":[{"href":"https:\/\/modrastijena.com\/hr\/wp-json\/wp\/v2\/types\/product"}],"wp:featuredmedia":[{"embeddable":true,"href":"https:\/\/modrastijena.com\/hr\/wp-json\/"}],"wp:attachment":[{"href":"https:\/\/modrastijena.com\/hr\/wp-json\/wp\/v2\/media?parent=27702"}],"wp:term":[{"taxonomy":"product_brand","embeddable":true,"href":"https:\/\/modrastijena.com\/hr\/wp-json\/wp\/v2\/product_brand?post=27702"},{"taxonomy":"product_oblik","embeddable":true,"href":"https:\/\/modrastijena.com\/hr\/wp-json\/wp\/v2\/product_oblik?post=27702"},{"taxonomy":"product_cat","embeddable":true,"href":"https:\/\/modrastijena.com\/hr\/wp-json\/wp\/v2\/product_cat?post=27702"},{"taxonomy":"product_tag","embeddable":true,"href":"https:\/\/modrastijena.com\/hr\/wp-json\/wp\/v2\/product_tag?post=27702"}],"curies":[{"name":"wp","href":"https:\/\/api.w.org\/{rel}","templated":true}]}}