{"id":27700,"date":"2022-04-29T09:17:00","date_gmt":"2022-04-29T09:17:00","guid":{"rendered":"https:\/\/modrastijena.com\/hr\/proizvod\/vanjski-stol-rectangle-t\/"},"modified":"2024-05-19T10:14:23","modified_gmt":"2024-05-19T10:14:23","slug":"vanjski-stol-rectangle-t","status":"publish","type":"product","link":"https:\/\/modrastijena.com\/hr\/proizvod\/vanjski-stol-rectangle-t\/","title":{"rendered":"Vanjski stol Rectangle T"},"content":{"rendered":"<p>U rasko\u0161noj interakciji jednostavne geometrije, \u017eeljene boje okvira i prirodnih ljepota dizajna kamena, ovi stolovi za terasu izraz su glamura i suvremenog stila.<\/p>\n<p>Elegantni stolovi \u010dije plo\u010de krasi prirodni kamen iz razli\u010ditih dijelova svijeta ili pak veliki formati keramike idealni za odr\u017eavanje u najmodernijim uzorcima. Izra\u0111uju se po Va\u0161oj mjeri, a dr\u017ei ih \u017eeljezno postolje koje je dodatno pocin\u010dano kako bi bilo otporno na vanjske vremenske uvjete. Stoga sve na\u0161e modele stolova mo\u017eete koristiti u dizajniranju interijera i eksterijera, naravno uz odabir odgovaraju\u0107e plo\u010de.<\/p>\n<p>Tehni\u010dke karakteristike koje biste trebali znati prilikom kupovine vanjskih stolova:<\/p>\n<ul>\n<li>kamene plo\u010de su debljine 2 ili 3 cm, preporu\u010dujemo granit<\/li>\n<li>osim kamena mo\u017eete odabrati i veliki format gres keramike debljine 1,2 cm ili 2 cm.<\/li>\n<li>\u010detiri su obrade zavr\u0161nih rubova plo\u010de: blago oborene ivice, polu \u201cC\u201d, puni \u201cC\u201d i pa\u010dji kljun<\/li>\n<li>\u017eeljezno postolje mo\u017ee biti u crnoj, sivoj, antracit, zlatnoj\u00a0 i bijeloj boji<\/li>\n<\/ul>\n<p>Za sve detaljnije informacije o izradi stolova po mjeri i cijeni obratite nam se putem e-maila\u00a0<a href=\"info@modrastijena.com\">info@modrastijena.com<\/a> ili posjetite jednu od na\u0161ih poslovnica u Mostaru, \u0160irokom Brijegu i Livnu.<\/p>\n<p>&nbsp;<\/p>\n<p>Fotografije ne moraju nu\u017eno u potpunosti odgovarati stvarnom izgledu proizvoda. Provjerite dostupnost u prodajnim salonima Modre Stijene.<\/p>\n","protected":false},"excerpt":{"rendered":"<p>U rasko\u0161noj interakciji jednostavne geometrije, \u017eeljene boje okvira i prirodnih ljepota dizajna kamena, ovi stolovi za terasu izraz su glamura i suvremenog stila. Elegantni stolovi \u010dije plo\u010de krasi prirodni kamen iz razli\u010ditih dijelova svijeta ili pak veliki formati keramike idealni za odr\u017eavanje u najmodernijim uzorcima. Izra\u0111uju se po Va\u0161oj mjeri, a dr\u017ei ih \u017eeljezno postolje [&hellip;]<\/p>\n","protected":false},"featured_media":10000001992,"template":"","meta":{"_acf_changed":false},"product_brand":[],"product_oblik":[],"product_cat":[62,408],"product_tag":[409,410,24,272,275,238,396,58,38,414,415,301,424,418,419,420],"class_list":{"0":"post-27700","1":"product","2":"type-product","3":"status-publish","4":"has-post-thumbnail","6":"product_cat-ostalo","7":"product_cat-vrtni-program","8":"product_tag-balkonski-namjestaj","9":"product_tag-bastenske-garniture","10":"product_tag-blagovaonski-stol","11":"product_tag-luksuzni-stolovi","12":"product_tag-moderni-stolovi","13":"product_tag-mramorni-stolovi","14":"product_tag-stol-za-blagovaonicu","15":"product_tag-terasa","16":"product_tag-trpezarijski-stol","17":"product_tag-vanjski-program","18":"product_tag-vanjski-stolovi","19":"product_tag-veliki-stol","20":"product_tag-vrtna-garnitura","21":"product_tag-vrtni-namjestaj","22":"product_tag-vrtni-program","23":"product_tag-vrtni-stol","25":"first","26":"instock","27":"shipping-taxable","28":"product-type-simple"},"acf":[],"_links":{"self":[{"href":"https:\/\/modrastijena.com\/hr\/wp-json\/wp\/v2\/product\/27700","targetHints":{"allow":["GET"]}}],"collection":[{"href":"https:\/\/modrastijena.com\/hr\/wp-json\/wp\/v2\/product"}],"about":[{"href":"https:\/\/modrastijena.com\/hr\/wp-json\/wp\/v2\/types\/product"}],"wp:featuredmedia":[{"embeddable":true,"href":"https:\/\/modrastijena.com\/hr\/wp-json\/"}],"wp:attachment":[{"href":"https:\/\/modrastijena.com\/hr\/wp-json\/wp\/v2\/media?parent=27700"}],"wp:term":[{"taxonomy":"product_brand","embeddable":true,"href":"https:\/\/modrastijena.com\/hr\/wp-json\/wp\/v2\/product_brand?post=27700"},{"taxonomy":"product_oblik","embeddable":true,"href":"https:\/\/modrastijena.com\/hr\/wp-json\/wp\/v2\/product_oblik?post=27700"},{"taxonomy":"product_cat","embeddable":true,"href":"https:\/\/modrastijena.com\/hr\/wp-json\/wp\/v2\/product_cat?post=27700"},{"taxonomy":"product_tag","embeddable":true,"href":"https:\/\/modrastijena.com\/hr\/wp-json\/wp\/v2\/product_tag?post=27700"}],"curies":[{"name":"wp","href":"https:\/\/api.w.org\/{rel}","templated":true}]}}