{"id":27697,"date":"2022-05-04T11:25:25","date_gmt":"2022-05-04T11:25:25","guid":{"rendered":"https:\/\/modrastijena.com\/hr\/proizvod\/kameni-slog-jadranski-slog\/"},"modified":"2026-04-02T11:59:54","modified_gmt":"2026-04-02T11:59:54","slug":"kameni-slog-jadranski-slog","status":"publish","type":"product","link":"https:\/\/modrastijena.com\/hr\/proizvod\/kameni-slog-jadranski-slog\/","title":{"rendered":"Jadranski slog"},"content":{"rendered":"<p>Kamen: travertin<\/p>\n<p>Obrada: sirovo<\/p>\n<p>Debljina: 2 cm i 3 cm<\/p>\n<p>Visina: 5 cm, 10 cm i 15 cm<\/p>\n<p>&nbsp;<\/p>\n<p>Ja\u010danjem ekolo\u0161ke svijesti i op\u0107eg trenda povratka prirodnom, u ure\u0111enju interijera i eksterijera dekorativni prirodni kamen je jedan od najtra\u017eenijih.<\/p>\n<p><b>Napomena:<\/b><\/p>\n<p>Kamen je prirodan materijal i svaka kamena plo\u010da je unikatna, stoga preporu\u010dujemo da vidite uzorak kamena u jednoj od na\u0161ih poslovnica. Fotografije ne moraju nu\u017eno u potpunosti odgovarati stvarnom izgledu proizvoda. Provjerite dostupnost u prodajnim salonima Modre Stijene.<\/p>\n","protected":false},"excerpt":{"rendered":"<p>Kamen: travertin Obrada: sirovo Debljina: 2 cm i 3 cm Visina: 5 cm, 10 cm i 15 cm &nbsp; Ja\u010danjem ekolo\u0161ke svijesti i op\u0107eg trenda povratka prirodnom, u ure\u0111enju interijera i eksterijera dekorativni prirodni kamen je jedan od najtra\u017eenijih. Napomena: Kamen je prirodan materijal i svaka kamena plo\u010da je unikatna, stoga preporu\u010dujemo da vidite uzorak [&hellip;]<\/p>\n","protected":false},"featured_media":10000002002,"template":"","meta":{"_acf_changed":false},"product_brand":[],"product_oblik":[],"product_cat":[22,268],"product_tag":[55,124,146,147,221,148,40],"class_list":{"0":"post-27697","1":"product","2":"type-product","3":"status-publish","4":"has-post-thumbnail","6":"product_cat-kamen","7":"product_cat-dekorativni-kamen","8":"product_tag-balkon","9":"product_tag-dekorativni-kamen","10":"product_tag-eksterijer","11":"product_tag-interijer","12":"product_tag-oblaganje-zida","13":"product_tag-travertin","14":"product_tag-zid","16":"first","17":"instock","18":"shipping-taxable","19":"product-type-simple"},"acf":[],"_links":{"self":[{"href":"https:\/\/modrastijena.com\/hr\/wp-json\/wp\/v2\/product\/27697","targetHints":{"allow":["GET"]}}],"collection":[{"href":"https:\/\/modrastijena.com\/hr\/wp-json\/wp\/v2\/product"}],"about":[{"href":"https:\/\/modrastijena.com\/hr\/wp-json\/wp\/v2\/types\/product"}],"wp:featuredmedia":[{"embeddable":true,"href":"https:\/\/modrastijena.com\/hr\/wp-json\/"}],"wp:attachment":[{"href":"https:\/\/modrastijena.com\/hr\/wp-json\/wp\/v2\/media?parent=27697"}],"wp:term":[{"taxonomy":"product_brand","embeddable":true,"href":"https:\/\/modrastijena.com\/hr\/wp-json\/wp\/v2\/product_brand?post=27697"},{"taxonomy":"product_oblik","embeddable":true,"href":"https:\/\/modrastijena.com\/hr\/wp-json\/wp\/v2\/product_oblik?post=27697"},{"taxonomy":"product_cat","embeddable":true,"href":"https:\/\/modrastijena.com\/hr\/wp-json\/wp\/v2\/product_cat?post=27697"},{"taxonomy":"product_tag","embeddable":true,"href":"https:\/\/modrastijena.com\/hr\/wp-json\/wp\/v2\/product_tag?post=27697"}],"curies":[{"name":"wp","href":"https:\/\/api.w.org\/{rel}","templated":true}]}}