{"id":27665,"date":"2022-05-18T11:18:40","date_gmt":"2022-05-18T11:18:40","guid":{"rendered":"https:\/\/modrastijena.com\/hr\/proizvod\/mont-bleu\/"},"modified":"2024-05-19T10:13:52","modified_gmt":"2024-05-19T10:13:52","slug":"mont-bleu","status":"publish","type":"product","link":"https:\/\/modrastijena.com\/hr\/proizvod\/mont-bleu\/","title":{"rendered":"Mont Blue"},"content":{"rendered":"<p>Granit Mont Bleu dostupan je u debljini 3 cm.<\/p>\n<p><b>Napomena:<\/b><br \/>\nKamen je prirodan materijal i svaka kamena plo\u010da je unikatna, stoga preporu\u010dujemo da vidite uzorak kamena u jednoj od na\u0161ih poslovnica. Fotografije ne moraju nu\u017eno u potpunosti odgovarati stvarnom izgledu proizvoda. Provjerite dostupnost u prodajnim salonima Modre Stijene.<\/p>\n","protected":false},"excerpt":{"rendered":"<p>Granit Mont Bleu dostupan je u debljini 3 cm. Napomena: Kamen je prirodan materijal i svaka kamena plo\u010da je unikatna, stoga preporu\u010dujemo da vidite uzorak kamena u jednoj od na\u0161ih poslovnica. Fotografije ne moraju nu\u017eno u potpunosti odgovarati stvarnom izgledu proizvoda. Provjerite dostupnost u prodajnim salonima Modre Stijene.<\/p>\n","protected":false},"featured_media":10000002072,"template":"","meta":{"_acf_changed":false},"product_brand":[],"product_oblik":[],"product_cat":[22,23],"product_tag":[25,46,394,30,31,33,36,37,396,48,49,395,40],"class_list":{"0":"post-27665","1":"product","2":"type-product","3":"status-publish","4":"has-post-thumbnail","6":"product_cat-kamen","7":"product_cat-graniti","8":"product_tag-granit","9":"product_tag-kamen","10":"product_tag-luksuz","11":"product_tag-oblaganje-kamina","12":"product_tag-pod","13":"product_tag-prirodni-kamen","14":"product_tag-stepenice","15":"product_tag-stol","16":"product_tag-stol-za-blagovaonicu","17":"product_tag-stubiste","18":"product_tag-unutarnje-klupice","19":"product_tag-uredenje-interijera","20":"product_tag-zid","22":"first","23":"instock","24":"shipping-taxable","25":"product-type-simple"},"acf":[],"_links":{"self":[{"href":"https:\/\/modrastijena.com\/hr\/wp-json\/wp\/v2\/product\/27665","targetHints":{"allow":["GET"]}}],"collection":[{"href":"https:\/\/modrastijena.com\/hr\/wp-json\/wp\/v2\/product"}],"about":[{"href":"https:\/\/modrastijena.com\/hr\/wp-json\/wp\/v2\/types\/product"}],"wp:featuredmedia":[{"embeddable":true,"href":"https:\/\/modrastijena.com\/hr\/wp-json\/"}],"wp:attachment":[{"href":"https:\/\/modrastijena.com\/hr\/wp-json\/wp\/v2\/media?parent=27665"}],"wp:term":[{"taxonomy":"product_brand","embeddable":true,"href":"https:\/\/modrastijena.com\/hr\/wp-json\/wp\/v2\/product_brand?post=27665"},{"taxonomy":"product_oblik","embeddable":true,"href":"https:\/\/modrastijena.com\/hr\/wp-json\/wp\/v2\/product_oblik?post=27665"},{"taxonomy":"product_cat","embeddable":true,"href":"https:\/\/modrastijena.com\/hr\/wp-json\/wp\/v2\/product_cat?post=27665"},{"taxonomy":"product_tag","embeddable":true,"href":"https:\/\/modrastijena.com\/hr\/wp-json\/wp\/v2\/product_tag?post=27665"}],"curies":[{"name":"wp","href":"https:\/\/api.w.org\/{rel}","templated":true}]}}