{"id":27519,"date":"2022-07-01T06:27:43","date_gmt":"2022-07-01T06:27:43","guid":{"rendered":"https:\/\/modrastijena.com\/hr\/proizvod\/hmn201-spess-rett-hard-40x120x2-cm\/"},"modified":"2024-05-19T10:12:39","modified_gmt":"2024-05-19T10:12:39","slug":"hmn201-spess-rett-hard-40x120x2-cm","status":"publish","type":"product","link":"https:\/\/modrastijena.com\/hr\/proizvod\/hmn201-spess-rett-hard-40x120x2-cm\/?paket_m2=0.48","title":{"rendered":"HMN201 Spess rett Hard 40x120x2 cm"},"content":{"rendered":"<p>Komada u paketu: 1<\/p>\n<p>Paket m<strong>\u00b2: 0,48<\/strong><\/p>\n<p>Te\u017eina paketa kg: 21,54<\/p>\n<p>Varijacija u boji: V3<\/p>\n<p>&nbsp;<\/p>\n<p>Cijene su izra\u017eene u konvertibilnim markama po m\u00b2. Kona\u010dna cijena se obra\u010dunava po koli\u010dini\/broju paketa koje naru\u010dujete.<\/p>\n","protected":false},"excerpt":{"rendered":"<p>Komada u paketu: 1 Paket m\u00b2: 0,48 Te\u017eina paketa kg: 21,54 Varijacija u boji: V3 &nbsp; Cijene su izra\u017eene u konvertibilnim markama po m\u00b2. Kona\u010dna cijena se obra\u010dunava po koli\u010dini\/broju paketa koje naru\u010dujete.<\/p>\n","protected":false},"featured_media":10000002273,"template":"","meta":{"_acf_changed":false},"product_brand":[749],"product_oblik":[],"product_cat":[54],"product_tag":[145,56,192,155,169,174,31,40],"class_list":{"0":"post-27519","1":"product","2":"type-product","3":"status-publish","4":"has-post-thumbnail","6":"product_brand-del-conca","7":"product_cat-keramika","8":"product_tag-dnevni-boravak","9":"product_tag-gres-keramika","10":"product_tag-hodnik","11":"product_tag-kuhinja","12":"product_tag-kupaonica","13":"product_tag-plocice","14":"product_tag-pod","15":"product_tag-zid","17":"first","18":"instock","19":"shipping-taxable","20":"purchasable","21":"product-type-simple"},"acf":[],"_links":{"self":[{"href":"https:\/\/modrastijena.com\/hr\/wp-json\/wp\/v2\/product\/27519","targetHints":{"allow":["GET"]}}],"collection":[{"href":"https:\/\/modrastijena.com\/hr\/wp-json\/wp\/v2\/product"}],"about":[{"href":"https:\/\/modrastijena.com\/hr\/wp-json\/wp\/v2\/types\/product"}],"wp:featuredmedia":[{"embeddable":true,"href":"https:\/\/modrastijena.com\/hr\/wp-json\/"}],"wp:attachment":[{"href":"https:\/\/modrastijena.com\/hr\/wp-json\/wp\/v2\/media?parent=27519"}],"wp:term":[{"taxonomy":"product_brand","embeddable":true,"href":"https:\/\/modrastijena.com\/hr\/wp-json\/wp\/v2\/product_brand?post=27519"},{"taxonomy":"product_oblik","embeddable":true,"href":"https:\/\/modrastijena.com\/hr\/wp-json\/wp\/v2\/product_oblik?post=27519"},{"taxonomy":"product_cat","embeddable":true,"href":"https:\/\/modrastijena.com\/hr\/wp-json\/wp\/v2\/product_cat?post=27519"},{"taxonomy":"product_tag","embeddable":true,"href":"https:\/\/modrastijena.com\/hr\/wp-json\/wp\/v2\/product_tag?post=27519"}],"curies":[{"name":"wp","href":"https:\/\/api.w.org\/{rel}","templated":true}]}}