{"id":27498,"date":"2022-07-06T13:44:36","date_gmt":"2022-07-06T13:44:36","guid":{"rendered":"https:\/\/modrastijena.com\/hr\/proizvod\/brusilica-za-mokro-poliranje-kamena\/"},"modified":"2024-10-24T10:11:41","modified_gmt":"2024-10-24T10:11:41","slug":"brusilica-za-mokro-poliranje-kamena","status":"publish","type":"product","link":"https:\/\/modrastijena.com\/hr\/proizvod\/brusilica-za-mokro-poliranje-kamena\/","title":{"rendered":"Brusilica za mokro poliranje kamena"},"content":{"rendered":"<p>Tehni\u010dke karakteristike:<\/p>\n<p>Potro\u0161nja snage: 900 W<\/p>\n<p>Broj obrtaja u slobodnom hodu: 2.000 &#8211; 4.000 min-1<\/p>\n<p>Brusni disk: (\u00d8)100 &#8211; 125 mm<\/p>\n<p>Buka: zvu\u010dni tlak85 dB(A)<\/p>\n<p>Buka: zvu\u010dna snaga96 dB(A)<\/p>\n<p>Buka: odstupanje (K)3 dB(A)<\/p>\n<p>Vibracije: poliranje5,0 m\/s\u00b2<\/p>\n<p>Vibracije: odstupanje (K)1,5 m\/s\u00b2<\/p>\n<p>Dimenzije (D x \u0160 x V)313 x 80 x126 mm<\/p>\n<p>Te\u017eina2,3 kg<\/p>\n","protected":false},"excerpt":{"rendered":"<p>Tehni\u010dke karakteristike: Potro\u0161nja snage: 900 W Broj obrtaja u slobodnom hodu: 2.000 &#8211; 4.000 min-1 Brusni disk: (\u00d8)100 &#8211; 125 mm Buka: zvu\u010dni tlak85 dB(A) Buka: zvu\u010dna snaga96 dB(A) Buka: odstupanje (K)3 dB(A) Vibracije: poliranje5,0 m\/s\u00b2 Vibracije: odstupanje (K)1,5 m\/s\u00b2 Dimenzije (D x \u0160 x V)313 x 80 x126 mm Te\u017eina2,3 kg<\/p>\n","protected":false},"featured_media":10000002319,"template":"","meta":{"_acf_changed":false},"product_brand":[],"product_oblik":[],"product_cat":[62,249],"product_tag":[471,472],"class_list":{"0":"post-27498","1":"product","2":"type-product","3":"status-publish","4":"has-post-thumbnail","6":"product_cat-ostalo","7":"product_cat-alati-za-kamen","8":"product_tag-mokro-poliranje-kamena","9":"product_tag-poliranje-kamena","11":"first","12":"instock","13":"shipping-taxable","14":"purchasable","15":"product-type-simple"},"acf":[],"_links":{"self":[{"href":"https:\/\/modrastijena.com\/hr\/wp-json\/wp\/v2\/product\/27498","targetHints":{"allow":["GET"]}}],"collection":[{"href":"https:\/\/modrastijena.com\/hr\/wp-json\/wp\/v2\/product"}],"about":[{"href":"https:\/\/modrastijena.com\/hr\/wp-json\/wp\/v2\/types\/product"}],"wp:featuredmedia":[{"embeddable":true,"href":"https:\/\/modrastijena.com\/hr\/wp-json\/"}],"wp:attachment":[{"href":"https:\/\/modrastijena.com\/hr\/wp-json\/wp\/v2\/media?parent=27498"}],"wp:term":[{"taxonomy":"product_brand","embeddable":true,"href":"https:\/\/modrastijena.com\/hr\/wp-json\/wp\/v2\/product_brand?post=27498"},{"taxonomy":"product_oblik","embeddable":true,"href":"https:\/\/modrastijena.com\/hr\/wp-json\/wp\/v2\/product_oblik?post=27498"},{"taxonomy":"product_cat","embeddable":true,"href":"https:\/\/modrastijena.com\/hr\/wp-json\/wp\/v2\/product_cat?post=27498"},{"taxonomy":"product_tag","embeddable":true,"href":"https:\/\/modrastijena.com\/hr\/wp-json\/wp\/v2\/product_tag?post=27498"}],"curies":[{"name":"wp","href":"https:\/\/api.w.org\/{rel}","templated":true}]}}