{"id":27464,"date":"2022-07-12T14:02:25","date_gmt":"2022-07-12T14:02:25","guid":{"rendered":"https:\/\/modrastijena.com\/hr\/proizvod\/flowtech-aged-bronze-40x80-cm-nat\/"},"modified":"2024-09-10T15:41:28","modified_gmt":"2024-09-10T15:41:28","slug":"flowtech-aged-bronze-40x80-cm-nat","status":"publish","type":"product","link":"https:\/\/modrastijena.com\/hr\/proizvod\/flowtech-aged-bronze-40x80-cm-nat\/?paket_m2=0.96","title":{"rendered":"Flowtech Aged Bronze 40&#215;80 cm, nat"},"content":{"rendered":"<p style=\"margin: 0cm\"><span lang=\"HR\">Komada u paketu: 3<\/span><\/p>\n<p style=\"margin: 0cm\"><span lang=\"HR\">Paket m<strong>\u00b2: 0,96<\/strong><\/span><\/p>\n<p style=\"margin: 0cm\"><span lang=\"HR\">Te\u017eina paketa kg: 22<\/span><\/p>\n","protected":false},"excerpt":{"rendered":"<p>retificirana, gres plo\u010dica, komercijalna klasa, talijanski proizvo\u0111a\u010d Floor Gres<\/p>\n","protected":false},"featured_media":10000002332,"template":"","meta":{"_acf_changed":false},"product_brand":[],"product_oblik":[],"product_cat":[54],"product_tag":[145,184,56,189,192,57,155,169,30,220,221,174,31,224,225,40],"class_list":{"0":"post-27464","1":"product","2":"type-product","3":"status-publish","4":"has-post-thumbnail","6":"product_cat-keramika","7":"product_tag-dnevni-boravak","8":"product_tag-gres","9":"product_tag-gres-keramika","10":"product_tag-gres-plocice","11":"product_tag-hodnik","12":"product_tag-keramika","13":"product_tag-kuhinja","14":"product_tag-kupaonica","15":"product_tag-oblaganje-kamina","16":"product_tag-oblaganje-poda","17":"product_tag-oblaganje-zida","18":"product_tag-plocice","19":"product_tag-pod","20":"product_tag-veliki-formati","21":"product_tag-veliki-formati-keramike","22":"product_tag-zid","24":"first","25":"outofstock","26":"shipping-taxable","27":"purchasable","28":"product-type-simple"},"acf":[],"_links":{"self":[{"href":"https:\/\/modrastijena.com\/hr\/wp-json\/wp\/v2\/product\/27464","targetHints":{"allow":["GET"]}}],"collection":[{"href":"https:\/\/modrastijena.com\/hr\/wp-json\/wp\/v2\/product"}],"about":[{"href":"https:\/\/modrastijena.com\/hr\/wp-json\/wp\/v2\/types\/product"}],"wp:featuredmedia":[{"embeddable":true,"href":"https:\/\/modrastijena.com\/hr\/wp-json\/"}],"wp:attachment":[{"href":"https:\/\/modrastijena.com\/hr\/wp-json\/wp\/v2\/media?parent=27464"}],"wp:term":[{"taxonomy":"product_brand","embeddable":true,"href":"https:\/\/modrastijena.com\/hr\/wp-json\/wp\/v2\/product_brand?post=27464"},{"taxonomy":"product_oblik","embeddable":true,"href":"https:\/\/modrastijena.com\/hr\/wp-json\/wp\/v2\/product_oblik?post=27464"},{"taxonomy":"product_cat","embeddable":true,"href":"https:\/\/modrastijena.com\/hr\/wp-json\/wp\/v2\/product_cat?post=27464"},{"taxonomy":"product_tag","embeddable":true,"href":"https:\/\/modrastijena.com\/hr\/wp-json\/wp\/v2\/product_tag?post=27464"}],"curies":[{"name":"wp","href":"https:\/\/api.w.org\/{rel}","templated":true}]}}