{"id":27447,"date":"2022-08-02T07:52:20","date_gmt":"2022-08-02T07:52:20","guid":{"rendered":"https:\/\/modrastijena.com\/hr\/proizvod\/fuga-keracolor-ppn\/"},"modified":"2025-01-31T14:36:26","modified_gmt":"2025-01-31T14:36:26","slug":"fuga-keracolor-ppn","status":"publish","type":"product","link":"https:\/\/modrastijena.com\/hr\/proizvod\/fuga-keracolor-ppn\/","title":{"rendered":"Fuga Keracolor PPN"},"content":{"rendered":"<p>Pucolanski, brzovezuju\u0107i mort sa visokom mehani\u010dkom \u010dvrsto\u0107om i vrlo niskom apsorpcijom, za fugiranje poplo\u010denih podova sa fugama od 5-30 mm, izlo\u017eenih visokom optere\u0107enju i intenzivnom prometu.<\/p>\n<p>TEHNI\u010cKI PODACI:<br \/>\nVrijeme primjene mje\u0161avine: 20 minuta.<br \/>\nSpremno za lagani pje\u0161a\u010dki promet: nakon\u00a06 sati.<br \/>\nSpremno za upotrebu: 3 dana za nisko do srednje optere\u0107enje 7 dana za intenzivni promet i te\u0161ko optere\u0107enje.<br \/>\nBoja: 113 cementno siva.<br \/>\nPrimjena: gumenim MAPEI gleterom ili rakelom.<br \/>\n\u010ci\u0161\u0107enje: MAPEI spu\u017evom ili Scotch Brite \u00ae filcom.<br \/>\nSkladi\u0161tenje: 12 mjeseci u originalnom zatvorenom pakiranju<br \/>\nPotro\u0161nja: ovisi o veli\u010dini \u0161irini fuga i veli\u010dini plo\u010da.<br \/>\nPakiranje: vre\u0107e od 25 kg.<\/p>\n","protected":false},"excerpt":{"rendered":"<p>Pucolanski, brzovezuju\u0107i mort sa visokom mehani\u010dkom \u010dvrsto\u0107om i vrlo niskom apsorpcijom, za fugiranje poplo\u010denih podova sa fugama od 5-30 mm, izlo\u017eenih visokom optere\u0107enju i intenzivnom prometu. TEHNI\u010cKI PODACI: Vrijeme primjene mje\u0161avine: 20 minuta. Spremno za lagani pje\u0161a\u010dki promet: nakon\u00a06 sati. Spremno za upotrebu: 3 dana za nisko do srednje optere\u0107enje 7 dana za intenzivni promet [&hellip;]<\/p>\n","protected":false},"featured_media":10000002383,"template":"","meta":{"_acf_changed":false},"product_brand":[727],"product_oblik":[],"product_cat":[62,63],"product_tag":[342,68],"class_list":{"0":"post-27447","1":"product","2":"type-product","3":"status-publish","4":"has-post-thumbnail","6":"product_brand-mapei","7":"product_cat-ostalo","8":"product_cat-materijali-za-polaganje","9":"product_tag-fuga","10":"product_tag-mapei","12":"first","13":"outofstock","14":"shipping-taxable","15":"purchasable","16":"product-type-simple"},"acf":[],"_links":{"self":[{"href":"https:\/\/modrastijena.com\/hr\/wp-json\/wp\/v2\/product\/27447","targetHints":{"allow":["GET"]}}],"collection":[{"href":"https:\/\/modrastijena.com\/hr\/wp-json\/wp\/v2\/product"}],"about":[{"href":"https:\/\/modrastijena.com\/hr\/wp-json\/wp\/v2\/types\/product"}],"wp:featuredmedia":[{"embeddable":true,"href":"https:\/\/modrastijena.com\/hr\/wp-json\/"}],"wp:attachment":[{"href":"https:\/\/modrastijena.com\/hr\/wp-json\/wp\/v2\/media?parent=27447"}],"wp:term":[{"taxonomy":"product_brand","embeddable":true,"href":"https:\/\/modrastijena.com\/hr\/wp-json\/wp\/v2\/product_brand?post=27447"},{"taxonomy":"product_oblik","embeddable":true,"href":"https:\/\/modrastijena.com\/hr\/wp-json\/wp\/v2\/product_oblik?post=27447"},{"taxonomy":"product_cat","embeddable":true,"href":"https:\/\/modrastijena.com\/hr\/wp-json\/wp\/v2\/product_cat?post=27447"},{"taxonomy":"product_tag","embeddable":true,"href":"https:\/\/modrastijena.com\/hr\/wp-json\/wp\/v2\/product_tag?post=27447"}],"curies":[{"name":"wp","href":"https:\/\/api.w.org\/{rel}","templated":true}]}}