{"id":27446,"date":"2022-08-02T09:07:44","date_gmt":"2022-08-02T09:07:44","guid":{"rendered":"https:\/\/modrastijena.com\/hr\/proizvod\/mapestone-tm-plus\/"},"modified":"2025-08-26T07:28:49","modified_gmt":"2025-08-26T07:28:49","slug":"mapestone-tm-plus","status":"publish","type":"product","link":"https:\/\/modrastijena.com\/hr\/proizvod\/mapestone-tm-plus\/","title":{"rendered":"Mapestone TM Plus 25 kg"},"content":{"rendered":"<p>Pobolj\u0161ano srednjeslojno cementno ljepilo s dodatkom trass cementa, s produljenim otvorenim vremenom, za polaganje kerami\u010dkih plo\u010dica i prirodnog kamena. Za debljine nano\u0161enja od 5 do 20 mm.<\/p>\n<p>TEHNI\u010cKI PODACI:<br \/>\nKlasifikacija: EN 12004, C2E.<br \/>\nOmjer mije\u0161anja: 6,4 l vode na vre\u0107u od 25 kg Mapestone TM Plus.<br \/>\nBoja: siva.<br \/>\nOtvoreno vrijeme: pribli\u017eno 3 sata.<br \/>\nProhodnost: nakon 24 sata<\/p>\n<p>Fugiranje: nakon 24 sata.<br \/>\nSkladi\u0161tenje: 12 mjeseci.<br \/>\nPotro\u0161nja: cca 15 kg\/m2 za 1 cm debljine.<\/p>\n","protected":false},"excerpt":{"rendered":"<p>Pobolj\u0161ano srednjeslojno cementno ljepilo s dodatkom trass cementa, s produljenim otvorenim vremenom, za polaganje kerami\u010dkih plo\u010dica i prirodnog kamena. Za debljine nano\u0161enja od 5 do 20 mm. TEHNI\u010cKI PODACI: Klasifikacija: EN 12004, C2E. Omjer mije\u0161anja: 6,4 l vode na vre\u0107u od 25 kg Mapestone TM Plus. Boja: siva. Otvoreno vrijeme: pribli\u017eno 3 sata. Prohodnost: nakon [&hellip;]<\/p>\n","protected":false},"featured_media":10000002385,"template":"","meta":{"_acf_changed":false},"product_brand":[],"product_oblik":[],"product_cat":[62,63],"product_tag":[65,68],"class_list":{"0":"post-27446","1":"product","2":"type-product","3":"status-publish","4":"has-post-thumbnail","6":"product_cat-ostalo","7":"product_cat-materijali-za-polaganje","8":"product_tag-ljepilo","9":"product_tag-mapei","11":"first","12":"instock","13":"shipping-taxable","14":"purchasable","15":"product-type-simple"},"acf":[],"_links":{"self":[{"href":"https:\/\/modrastijena.com\/hr\/wp-json\/wp\/v2\/product\/27446","targetHints":{"allow":["GET"]}}],"collection":[{"href":"https:\/\/modrastijena.com\/hr\/wp-json\/wp\/v2\/product"}],"about":[{"href":"https:\/\/modrastijena.com\/hr\/wp-json\/wp\/v2\/types\/product"}],"wp:featuredmedia":[{"embeddable":true,"href":"https:\/\/modrastijena.com\/hr\/wp-json\/"}],"wp:attachment":[{"href":"https:\/\/modrastijena.com\/hr\/wp-json\/wp\/v2\/media?parent=27446"}],"wp:term":[{"taxonomy":"product_brand","embeddable":true,"href":"https:\/\/modrastijena.com\/hr\/wp-json\/wp\/v2\/product_brand?post=27446"},{"taxonomy":"product_oblik","embeddable":true,"href":"https:\/\/modrastijena.com\/hr\/wp-json\/wp\/v2\/product_oblik?post=27446"},{"taxonomy":"product_cat","embeddable":true,"href":"https:\/\/modrastijena.com\/hr\/wp-json\/wp\/v2\/product_cat?post=27446"},{"taxonomy":"product_tag","embeddable":true,"href":"https:\/\/modrastijena.com\/hr\/wp-json\/wp\/v2\/product_tag?post=27446"}],"curies":[{"name":"wp","href":"https:\/\/api.w.org\/{rel}","templated":true}]}}