{"id":27365,"date":"2022-09-20T10:42:22","date_gmt":"2022-09-20T10:42:22","guid":{"rendered":"https:\/\/modrastijena.com\/hr\/proizvod\/idro-100-portellone-edilkamin\/"},"modified":"2025-09-15T10:34:38","modified_gmt":"2025-09-15T10:34:38","slug":"idro-100-portellone-edilkamin","status":"publish","type":"product","link":"https:\/\/modrastijena.com\/hr\/proizvod\/idro-100-portellone-edilkamin\/","title":{"rendered":"Idro 100 Portellone (EdilKamin)"},"content":{"rendered":"<p>Lo\u017ei\u0161te na vodu- lo\u017ei\u0161te koje toplinu u prostoriju \u0161alje putem centralnog grijanja, vodom; kotao za centralno grijanje, ravno staklo.<\/p>\n<p>Tehni\u010dki podaci:<\/p>\n<ul>\n<li>Dimenzija cm: 99x80x138,5<\/li>\n<li>Dimenzija lo\u017ei\u0161ta cm: 74x61x55<\/li>\n<li>Nominalna korisna snaga-toplina kW: 28,1<\/li>\n<li>Korisna snaga &#8211; vode kW: 17,4<\/li>\n<li>Efikasnost- u\u010dinkovitost %: 81,5<\/li>\n<li>Potro\u0161nja goriva kg\/h: 7,5<\/li>\n<li>Sadr\u017eaj vode l: 90<\/li>\n<li>Promjer dimnjaka cm: \u00d8 25<\/li>\n<li>Ukupna te\u017eina kg: 302<\/li>\n<li>Zagrijava m\u00b3: 730<\/li>\n<\/ul>\n","protected":false},"excerpt":{"rendered":"<p>Lo\u017ei\u0161te na vodu- lo\u017ei\u0161te koje toplinu u prostoriju \u0161alje putem centralnog grijanja, vodom; kotao za centralno grijanje, ravno staklo. Tehni\u010dki podaci: Dimenzija cm: 99x80x138,5 Dimenzija lo\u017ei\u0161ta cm: 74x61x55 Nominalna korisna snaga-toplina kW: 28,1 Korisna snaga &#8211; vode kW: 17,4 Efikasnost- u\u010dinkovitost %: 81,5 Potro\u0161nja goriva kg\/h: 7,5 Sadr\u017eaj vode l: 90 Promjer dimnjaka cm: \u00d8 [&hellip;]<\/p>\n","protected":false},"featured_media":10000002570,"template":"","meta":{"_acf_changed":false},"product_brand":[],"product_oblik":[],"product_cat":[95,339],"product_tag":[97,100,110,121,102,103,341,108],"class_list":{"0":"post-27365","1":"product","2":"type-product","3":"status-publish","4":"has-post-thumbnail","6":"product_cat-kamini-i-peci","7":"product_cat-kamini-za-centralno-grijanje","8":"product_tag-drva","9":"product_tag-grijanje","10":"product_tag-grijanje-kaminom","11":"product_tag-grijanje-na-vatru","12":"product_tag-kamin","13":"product_tag-kamin-na-drva","14":"product_tag-talijanski-kamin","15":"product_tag-vatra","17":"first","18":"instock","19":"shipping-taxable","20":"purchasable","21":"product-type-simple"},"acf":[],"_links":{"self":[{"href":"https:\/\/modrastijena.com\/hr\/wp-json\/wp\/v2\/product\/27365","targetHints":{"allow":["GET"]}}],"collection":[{"href":"https:\/\/modrastijena.com\/hr\/wp-json\/wp\/v2\/product"}],"about":[{"href":"https:\/\/modrastijena.com\/hr\/wp-json\/wp\/v2\/types\/product"}],"wp:featuredmedia":[{"embeddable":true,"href":"https:\/\/modrastijena.com\/hr\/wp-json\/"}],"wp:attachment":[{"href":"https:\/\/modrastijena.com\/hr\/wp-json\/wp\/v2\/media?parent=27365"}],"wp:term":[{"taxonomy":"product_brand","embeddable":true,"href":"https:\/\/modrastijena.com\/hr\/wp-json\/wp\/v2\/product_brand?post=27365"},{"taxonomy":"product_oblik","embeddable":true,"href":"https:\/\/modrastijena.com\/hr\/wp-json\/wp\/v2\/product_oblik?post=27365"},{"taxonomy":"product_cat","embeddable":true,"href":"https:\/\/modrastijena.com\/hr\/wp-json\/wp\/v2\/product_cat?post=27365"},{"taxonomy":"product_tag","embeddable":true,"href":"https:\/\/modrastijena.com\/hr\/wp-json\/wp\/v2\/product_tag?post=27365"}],"curies":[{"name":"wp","href":"https:\/\/api.w.org\/{rel}","templated":true}]}}