{"id":27361,"date":"2022-09-22T06:19:08","date_gmt":"2022-09-22T06:19:08","guid":{"rendered":"https:\/\/modrastijena.com\/hr\/proizvod\/moven-nordflam\/"},"modified":"2025-09-15T10:29:44","modified_gmt":"2025-09-15T10:29:44","slug":"moven-nordflam","status":"publish","type":"product","link":"https:\/\/modrastijena.com\/hr\/proizvod\/moven-nordflam\/","title":{"rendered":"Moven (Nordflam)"},"content":{"rendered":"<p>Tehni\u010dki podaci:<\/p>\n<ul>\n<li>Dimenzije cm: 96,3&#215;50,5&#215;34,5<\/li>\n<li>Nominalna toplinska snaga kW: 5<\/li>\n<li>U\u010dinkovitost-iskoristivost %: 79<\/li>\n<li>Promjer dimnjaka cm: 15<\/li>\n<li>Ukupna te\u017eina kg: 112<\/li>\n<li>Zagrijava m\u00b2: 50<\/li>\n<\/ul>\n","protected":false},"excerpt":{"rendered":"<p>Tehni\u010dki podaci: Dimenzije cm: 96,3&#215;50,5&#215;34,5 Nominalna toplinska snaga kW: 5 U\u010dinkovitost-iskoristivost %: 79 Promjer dimnjaka cm: 15 Ukupna te\u017eina kg: 112 Zagrijava m\u00b2: 50<\/p>\n","protected":false},"featured_media":10000002578,"template":"","meta":{"_acf_changed":false},"product_brand":[760],"product_oblik":[],"product_cat":[95,112],"product_tag":[97,98,100,101,113,114,115,523,108,109],"class_list":{"0":"post-27361","1":"product","2":"type-product","3":"status-publish","4":"has-post-thumbnail","6":"product_brand-nordflam","7":"product_cat-kamini-i-peci","8":"product_cat-peci-na-drva","9":"product_tag-drva","10":"product_tag-fire","11":"product_tag-grijanje","12":"product_tag-heating","13":"product_tag-pec","14":"product_tag-pec-na-drva","15":"product_tag-samostojeca-pec","16":"product_tag-stoves","17":"product_tag-vatra","18":"product_tag-wood","20":"first","21":"instock","22":"shipping-taxable","23":"purchasable","24":"product-type-simple"},"acf":[],"_links":{"self":[{"href":"https:\/\/modrastijena.com\/hr\/wp-json\/wp\/v2\/product\/27361","targetHints":{"allow":["GET"]}}],"collection":[{"href":"https:\/\/modrastijena.com\/hr\/wp-json\/wp\/v2\/product"}],"about":[{"href":"https:\/\/modrastijena.com\/hr\/wp-json\/wp\/v2\/types\/product"}],"wp:featuredmedia":[{"embeddable":true,"href":"https:\/\/modrastijena.com\/hr\/wp-json\/"}],"wp:attachment":[{"href":"https:\/\/modrastijena.com\/hr\/wp-json\/wp\/v2\/media?parent=27361"}],"wp:term":[{"taxonomy":"product_brand","embeddable":true,"href":"https:\/\/modrastijena.com\/hr\/wp-json\/wp\/v2\/product_brand?post=27361"},{"taxonomy":"product_oblik","embeddable":true,"href":"https:\/\/modrastijena.com\/hr\/wp-json\/wp\/v2\/product_oblik?post=27361"},{"taxonomy":"product_cat","embeddable":true,"href":"https:\/\/modrastijena.com\/hr\/wp-json\/wp\/v2\/product_cat?post=27361"},{"taxonomy":"product_tag","embeddable":true,"href":"https:\/\/modrastijena.com\/hr\/wp-json\/wp\/v2\/product_tag?post=27361"}],"curies":[{"name":"wp","href":"https:\/\/api.w.org\/{rel}","templated":true}]}}