{"id":27356,"date":"2022-10-05T08:14:24","date_gmt":"2022-10-05T08:14:24","guid":{"rendered":"https:\/\/modrastijena.com\/hr\/proizvod\/primer-g-5-kg\/"},"modified":"2025-08-14T09:01:39","modified_gmt":"2025-08-14T09:01:39","slug":"primer-g-5-kg","status":"publish","type":"product","link":"https:\/\/modrastijena.com\/hr\/proizvod\/primer-g-5-kg\/","title":{"rendered":"Primer G 5 kg"},"content":{"rendered":"<p>Mapei Primer G temeljni premaz na osnovi sinteti\u010dkih smola u vodenoj disperziji, s vrlo niskim sadr\u017eajem hlapljivih organskih spojeva (VOC). Nanesen na povr\u0161inu, su\u0161i se i stvara fleksibilan, kompaktan, sjajni film koji povr\u0161inski \u0161titi podlogu od prodora vlage, u\u010dvr\u0161\u0107uje njenu povr\u0161inu i pobolj\u0161ava prionjivost boje, ljepila za postavljanje tapeta i kerami\u010dkih plo\u010dica, te mortova i \u017ebuka.<\/p>\n<p>Podru\u010dje primjene:<br \/>\n\u2022 Obrada gipsanih povr\u0161ina prije polaganja kerami\u010dkih plo\u010dica<br \/>\n\u2022 Prianjaju\u0107i sloj kod izrade strojnih gipsanih \u017ebuka<br \/>\n\u2022 Pobolj\u0161anje \u010dvrsto\u0107e prianjanja izravnavaju\u0107ih masa i mortova na cementnim, gipsanim, asfaltnim, kerami\u010dkim i mramornim povr\u0161inama<br \/>\n\u2022 Reguliranje upijanja cementnih ili gipsanih povr\u0161ina<\/p>\n<p>Primjeri primjene:<br \/>\n\u2022 Na cementnim povr\u0161inama koje \u0107e se zagladiti samoizravnavaju\u0107om ili tiksotropnom masom<br \/>\n\u2022 Izme\u0111u izravnavaju\u0107ih slojeva, kad je prethodni sloj potpuno suh<br \/>\n\u2022 Na gipsanim \u017ebukama prije zagla\u0111ivanja s cementnim proizvodima<br \/>\n\u2022 Na anhidritnim povr\u0161inama prije nano\u0161enja proizvoda na osnovi cementa<br \/>\n\u2022 Na cementnim \u017ebukama prije zagla\u0111ivanja s proizvodima na gipsanoj osnovi<br \/>\n\u2022 Na gipsanim zidnim oblogama prije nano\u0161enja ljepila za tapete<br \/>\n\u2022 Prije polaganja kerami\u010dkih plo\u010dica s ljepilima na osnovi cementa, na: gipsane produ\u017ene \u017ebuke i strojno izra\u0111ene gipsane \u017ebuke, prefabricirane gipsane plo\u010de, vlaknasto-gipsane plo\u010de i anhidritne estrihe<br \/>\n\u2022 Obrada zidova od gips-kartonskih plo\u010da, iverice, vlaknasto-cementnih plo\u010da, plino-betona, \u017ebuka itd. prije bojanja ili nano\u0161enja tapeta<\/p>\n<p>Tehni\u010dki podaci:<br \/>\n\u2022 Konzistencija: teku\u0107a<br \/>\n\u2022 Boja: plava<br \/>\n\u2022 Omjer razrje\u0111ivanja: od 1:1 do 1:3 s vodom, ovisno o upijanju podloge<br \/>\n\u2022 Vrijeme su\u0161enja prije nano\u0161enja masa za izravnavanje ili ljepila: na betonu: 30 min; na povr\u0161inama od gipsa: 30-60 min<br \/>\n\u2022 Primjena: \u010detkom ili valjkom<br \/>\n\u2022 EMICODE: EC1 Plus &#8211; vrlo niska emisija<br \/>\n\u2022 Potro\u0161nja: 0,1-0,2 kg\/m2 ovisno o upotrebi<\/p>\n<p>Pakiranje: 5 kg<\/p>\n","protected":false},"excerpt":{"rendered":"<p>Mapei Primer G temeljni premaz na osnovi sinteti\u010dkih smola u vodenoj disperziji, s vrlo niskim sadr\u017eajem hlapljivih organskih spojeva (VOC). Nanesen na povr\u0161inu, su\u0161i se i stvara fleksibilan, kompaktan, sjajni film koji povr\u0161inski \u0161titi podlogu od prodora vlage, u\u010dvr\u0161\u0107uje njenu povr\u0161inu i pobolj\u0161ava prionjivost boje, ljepila za postavljanje tapeta i kerami\u010dkih plo\u010dica, te mortova i [&hellip;]<\/p>\n","protected":false},"featured_media":10000002595,"template":"","meta":{"_acf_changed":false},"product_brand":[727],"product_oblik":[],"product_cat":[62,83],"product_tag":[84],"class_list":{"0":"post-27356","1":"product","2":"type-product","3":"status-publish","4":"has-post-thumbnail","6":"product_brand-mapei","7":"product_cat-ostalo","8":"product_cat-materijali-za-pripremu","9":"product_tag-impregnacija","11":"first","12":"instock","13":"shipping-taxable","14":"purchasable","15":"product-type-simple"},"acf":[],"_links":{"self":[{"href":"https:\/\/modrastijena.com\/hr\/wp-json\/wp\/v2\/product\/27356","targetHints":{"allow":["GET"]}}],"collection":[{"href":"https:\/\/modrastijena.com\/hr\/wp-json\/wp\/v2\/product"}],"about":[{"href":"https:\/\/modrastijena.com\/hr\/wp-json\/wp\/v2\/types\/product"}],"wp:featuredmedia":[{"embeddable":true,"href":"https:\/\/modrastijena.com\/hr\/wp-json\/"}],"wp:attachment":[{"href":"https:\/\/modrastijena.com\/hr\/wp-json\/wp\/v2\/media?parent=27356"}],"wp:term":[{"taxonomy":"product_brand","embeddable":true,"href":"https:\/\/modrastijena.com\/hr\/wp-json\/wp\/v2\/product_brand?post=27356"},{"taxonomy":"product_oblik","embeddable":true,"href":"https:\/\/modrastijena.com\/hr\/wp-json\/wp\/v2\/product_oblik?post=27356"},{"taxonomy":"product_cat","embeddable":true,"href":"https:\/\/modrastijena.com\/hr\/wp-json\/wp\/v2\/product_cat?post=27356"},{"taxonomy":"product_tag","embeddable":true,"href":"https:\/\/modrastijena.com\/hr\/wp-json\/wp\/v2\/product_tag?post=27356"}],"curies":[{"name":"wp","href":"https:\/\/api.w.org\/{rel}","templated":true}]}}