{"id":27349,"date":"2022-10-06T12:59:17","date_gmt":"2022-10-06T12:59:17","guid":{"rendered":"https:\/\/modrastijena.com\/hr\/proizvod\/ultracare-keranet-crystal-1-kg\/"},"modified":"2025-08-26T13:33:23","modified_gmt":"2025-08-26T13:33:23","slug":"ultracare-keranet-crystal-1-kg","status":"publish","type":"product","link":"https:\/\/modrastijena.com\/hr\/proizvod\/ultracare-keranet-crystal-1-kg\/","title":{"rendered":"Ultracare Keranet Crystal 1 kg"},"content":{"rendered":"<p>Koncentrirano kiselo sredstvo u prahu za uklanjanje ostataka cementa. Idealno za \u010di\u0161\u0107enje nakon ugradnje i za uklanjanje soli i cvjetanja kamenca.<\/p>\n<p>PREDNOSTI:<\/p>\n<p>Unutarnji i vanjski podovi<br \/>\nVisok prinos<br \/>\nVisoke performanse<br \/>\nMokri usisiva\u010d<br \/>\nVrlo u\u010dinkovit u uklanjanju ostataka cementne \u017ebuke<br \/>\nPrikladno za sve materijale otporne na kiseline, posebno za ru\u010dno izra\u0111ene terakota plo\u010dice<\/p>\n<p>Dostupna pakiranja 1kg i 5kg.<\/p>\n","protected":false},"excerpt":{"rendered":"<p>Koncentrirano kiselo sredstvo u prahu za uklanjanje ostataka cementa. Idealno za \u010di\u0161\u0107enje nakon ugradnje i za uklanjanje soli i cvjetanja kamenca. PREDNOSTI: Unutarnji i vanjski podovi Visok prinos Visoke performanse Mokri usisiva\u010d Vrlo u\u010dinkovit u uklanjanju ostataka cementne \u017ebuke Prikladno za sve materijale otporne na kiseline, posebno za ru\u010dno izra\u0111ene terakota plo\u010dice Dostupna pakiranja 1kg [&hellip;]<\/p>\n","protected":false},"featured_media":10000002709,"template":"","meta":{"_acf_changed":false},"product_brand":[727],"product_oblik":[],"product_cat":[62,88],"product_tag":[90],"class_list":{"0":"post-27349","1":"product","2":"type-product","3":"status-publish","4":"has-post-thumbnail","6":"product_brand-mapei","7":"product_cat-ostalo","8":"product_cat-sredstva-za-odrzavanje","9":"product_tag-sredstvo-za-ciscenje","11":"first","12":"instock","13":"shipping-taxable","14":"purchasable","15":"product-type-simple"},"acf":[],"_links":{"self":[{"href":"https:\/\/modrastijena.com\/hr\/wp-json\/wp\/v2\/product\/27349","targetHints":{"allow":["GET"]}}],"collection":[{"href":"https:\/\/modrastijena.com\/hr\/wp-json\/wp\/v2\/product"}],"about":[{"href":"https:\/\/modrastijena.com\/hr\/wp-json\/wp\/v2\/types\/product"}],"wp:featuredmedia":[{"embeddable":true,"href":"https:\/\/modrastijena.com\/hr\/wp-json\/"}],"wp:attachment":[{"href":"https:\/\/modrastijena.com\/hr\/wp-json\/wp\/v2\/media?parent=27349"}],"wp:term":[{"taxonomy":"product_brand","embeddable":true,"href":"https:\/\/modrastijena.com\/hr\/wp-json\/wp\/v2\/product_brand?post=27349"},{"taxonomy":"product_oblik","embeddable":true,"href":"https:\/\/modrastijena.com\/hr\/wp-json\/wp\/v2\/product_oblik?post=27349"},{"taxonomy":"product_cat","embeddable":true,"href":"https:\/\/modrastijena.com\/hr\/wp-json\/wp\/v2\/product_cat?post=27349"},{"taxonomy":"product_tag","embeddable":true,"href":"https:\/\/modrastijena.com\/hr\/wp-json\/wp\/v2\/product_tag?post=27349"}],"curies":[{"name":"wp","href":"https:\/\/api.w.org\/{rel}","templated":true}]}}