{"id":27297,"date":"2022-11-30T12:59:36","date_gmt":"2022-11-30T12:59:36","guid":{"rendered":"https:\/\/modrastijena.com\/hr\/proizvod\/plato-black-eko-nordflam\/"},"modified":"2025-09-15T09:49:30","modified_gmt":"2025-09-15T09:49:30","slug":"plato-black-eko-nordflam","status":"publish","type":"product","link":"https:\/\/modrastijena.com\/hr\/proizvod\/plato-black-eko-nordflam\/","title":{"rendered":"Plato Black Eko (Nordflam)"},"content":{"rendered":"<p>Tehni\u010dki podaci:<\/p>\n<ul>\n<li>Dimenzije cm: 82,3&#215;48,3&#215;40,9<\/li>\n<li>Nominalna toplinska snaga kW: 6<\/li>\n<li>U\u010dinkovitost-iskoristivost %: 70<\/li>\n<li>Promjer dimnjaka cm: 12<\/li>\n<li>Ukupna te\u017eina kg: 66<\/li>\n<li>Zagrijava m\u00b2: 60<\/li>\n<\/ul>\n","protected":false},"excerpt":{"rendered":"<p>Tehni\u010dki podaci: Dimenzije cm: 82,3&#215;48,3&#215;40,9 Nominalna toplinska snaga kW: 6 U\u010dinkovitost-iskoristivost %: 70 Promjer dimnjaka cm: 12 Ukupna te\u017eina kg: 66 Zagrijava m\u00b2: 60<\/p>\n","protected":false},"featured_media":10000002673,"template":"","meta":{"_acf_changed":false},"product_brand":[760],"product_oblik":[],"product_cat":[95,112],"product_tag":[97,98,100,101,113,114,115,523,108,109],"class_list":{"0":"post-27297","1":"product","2":"type-product","3":"status-publish","4":"has-post-thumbnail","6":"product_brand-nordflam","7":"product_cat-kamini-i-peci","8":"product_cat-peci-na-drva","9":"product_tag-drva","10":"product_tag-fire","11":"product_tag-grijanje","12":"product_tag-heating","13":"product_tag-pec","14":"product_tag-pec-na-drva","15":"product_tag-samostojeca-pec","16":"product_tag-stoves","17":"product_tag-vatra","18":"product_tag-wood","20":"first","21":"instock","22":"shipping-taxable","23":"purchasable","24":"product-type-simple"},"acf":[],"_links":{"self":[{"href":"https:\/\/modrastijena.com\/hr\/wp-json\/wp\/v2\/product\/27297","targetHints":{"allow":["GET"]}}],"collection":[{"href":"https:\/\/modrastijena.com\/hr\/wp-json\/wp\/v2\/product"}],"about":[{"href":"https:\/\/modrastijena.com\/hr\/wp-json\/wp\/v2\/types\/product"}],"wp:featuredmedia":[{"embeddable":true,"href":"https:\/\/modrastijena.com\/hr\/wp-json\/"}],"wp:attachment":[{"href":"https:\/\/modrastijena.com\/hr\/wp-json\/wp\/v2\/media?parent=27297"}],"wp:term":[{"taxonomy":"product_brand","embeddable":true,"href":"https:\/\/modrastijena.com\/hr\/wp-json\/wp\/v2\/product_brand?post=27297"},{"taxonomy":"product_oblik","embeddable":true,"href":"https:\/\/modrastijena.com\/hr\/wp-json\/wp\/v2\/product_oblik?post=27297"},{"taxonomy":"product_cat","embeddable":true,"href":"https:\/\/modrastijena.com\/hr\/wp-json\/wp\/v2\/product_cat?post=27297"},{"taxonomy":"product_tag","embeddable":true,"href":"https:\/\/modrastijena.com\/hr\/wp-json\/wp\/v2\/product_tag?post=27297"}],"curies":[{"name":"wp","href":"https:\/\/api.w.org\/{rel}","templated":true}]}}