{"id":27285,"date":"2022-12-14T12:34:50","date_gmt":"2022-12-14T12:34:50","guid":{"rendered":"https:\/\/modrastijena.com\/hr\/proizvod\/impregnation-remover\/"},"modified":"2026-04-16T07:13:33","modified_gmt":"2026-04-16T07:13:33","slug":"impregnation-remover","status":"publish","type":"product","link":"https:\/\/modrastijena.com\/hr\/proizvod\/impregnation-remover\/","title":{"rendered":"Impregnation Remover"},"content":{"rendered":"<p>Uklanja mrlje od impregnacija kao i te\u0161ke ne\u010disto\u0107e (npr. ostatke lakova) na prirodnom kamenu, betonskom kamenu i klinkeru. Prikladno za horizontalne povr\u0161ine (npr. podovi i plo\u010de stolova) i vertikalne primjene (npr. fasade i zidne obloge) zbog konzistencije poput gela.<\/p>\n","protected":false},"excerpt":{"rendered":"<p>Uklanja mrlje od impregnacija kao i te\u0161ke ne\u010disto\u0107e (npr. ostatke lakova) na prirodnom kamenu, betonskom kamenu i klinkeru. Prikladno za horizontalne povr\u0161ine (npr. podovi i plo\u010de stolova) i vertikalne primjene (npr. fasade i zidne obloge) zbog konzistencije poput gela.<\/p>\n","protected":false},"featured_media":10000002704,"template":"","meta":{"_acf_changed":false},"product_brand":[725],"product_oblik":[],"product_cat":[62,88],"product_tag":[],"class_list":{"0":"post-27285","1":"product","2":"type-product","3":"status-publish","4":"has-post-thumbnail","6":"product_brand-akemi","7":"product_cat-ostalo","8":"product_cat-sredstva-za-odrzavanje","10":"first","11":"instock","12":"shipping-taxable","13":"purchasable","14":"product-type-simple"},"acf":[],"_links":{"self":[{"href":"https:\/\/modrastijena.com\/hr\/wp-json\/wp\/v2\/product\/27285","targetHints":{"allow":["GET"]}}],"collection":[{"href":"https:\/\/modrastijena.com\/hr\/wp-json\/wp\/v2\/product"}],"about":[{"href":"https:\/\/modrastijena.com\/hr\/wp-json\/wp\/v2\/types\/product"}],"wp:featuredmedia":[{"embeddable":true,"href":"https:\/\/modrastijena.com\/hr\/wp-json\/"}],"wp:attachment":[{"href":"https:\/\/modrastijena.com\/hr\/wp-json\/wp\/v2\/media?parent=27285"}],"wp:term":[{"taxonomy":"product_brand","embeddable":true,"href":"https:\/\/modrastijena.com\/hr\/wp-json\/wp\/v2\/product_brand?post=27285"},{"taxonomy":"product_oblik","embeddable":true,"href":"https:\/\/modrastijena.com\/hr\/wp-json\/wp\/v2\/product_oblik?post=27285"},{"taxonomy":"product_cat","embeddable":true,"href":"https:\/\/modrastijena.com\/hr\/wp-json\/wp\/v2\/product_cat?post=27285"},{"taxonomy":"product_tag","embeddable":true,"href":"https:\/\/modrastijena.com\/hr\/wp-json\/wp\/v2\/product_tag?post=27285"}],"curies":[{"name":"wp","href":"https:\/\/api.w.org\/{rel}","templated":true}]}}