{"id":27264,"date":"2023-01-18T13:38:01","date_gmt":"2023-01-18T13:38:01","guid":{"rendered":"https:\/\/modrastijena.com\/hr\/proizvod\/firebox-mc-90-44\/"},"modified":"2025-02-10T17:07:33","modified_gmt":"2025-02-10T17:07:33","slug":"firebox-mc-90-44","status":"publish","type":"product","link":"https:\/\/modrastijena.com\/hr\/proizvod\/firebox-mc-90-44\/","title":{"rendered":"Firebox MC 90\/44 (PIAZZETTA)"},"content":{"rendered":"<ul>\n<li>Dimenzije cm: 98,5x51x104<\/li>\n<li>Dimenzije stakla: 90,3&#215;44,5<\/li>\n<li>Nominalna toplinska snaga kW: 12,2<\/li>\n<li>U\u010dinkovitost-iskoristivost %: 79,3<\/li>\n<li>Potro\u0161nja kg\/h: 3,2<\/li>\n<li>Promjer dimnjaka cm: 20<\/li>\n<li>Dovod svje\u017eeg zraka cm: 12<\/li>\n<li>Ukupna te\u017eina kg: 205<\/li>\n<li>Zagrijava m\u00b3: 205-350<\/li>\n<li>Lo\u017ei\u0161te: Aluker<\/li>\n<\/ul>\n<p>&nbsp;<\/p>\n<p>Dodatna mogu\u0107nost:<\/p>\n<ul>\n<li>RO185 Multifuoco system kit &#8211; ventilator<\/li>\n<li>RO186 Ventilation Mantle kit &#8211; karter<\/li>\n<li>RO187 Legs kit H=38<\/li>\n<\/ul>\n","protected":false},"excerpt":{"rendered":"<p>Dimenzije cm: 98,5x51x104 Dimenzije stakla: 90,3&#215;44,5 Nominalna toplinska snaga kW: 12,2 U\u010dinkovitost-iskoristivost %: 79,3 Potro\u0161nja kg\/h: 3,2 Promjer dimnjaka cm: 20 Dovod svje\u017eeg zraka cm: 12 Ukupna te\u017eina kg: 205 Zagrijava m\u00b3: 205-350 Lo\u017ei\u0161te: Aluker &nbsp; Dodatna mogu\u0107nost: RO185 Multifuoco system kit &#8211; ventilator RO186 Ventilation Mantle kit &#8211; karter RO187 Legs kit H=38<\/p>\n","protected":false},"featured_media":10000002749,"template":"","meta":{"_acf_changed":false},"product_brand":[761],"product_oblik":[],"product_cat":[95,96],"product_tag":[97,98,99,100,101,102,103,104,106,107,108,109],"class_list":{"0":"post-27264","1":"product","2":"type-product","3":"status-publish","4":"has-post-thumbnail","6":"product_brand-piazzetta","7":"product_cat-kamini-i-peci","8":"product_cat-kamini","9":"product_tag-drva","10":"product_tag-fire","11":"product_tag-fireplaces","12":"product_tag-grijanje","13":"product_tag-heating","14":"product_tag-kamin","15":"product_tag-kamin-na-drva","16":"product_tag-made-in-italy","17":"product_tag-proizvedeno-u-italiji","18":"product_tag-ugradbeni-kamin","19":"product_tag-vatra","20":"product_tag-wood","22":"first","23":"instock","24":"shipping-taxable","25":"product-type-simple"},"acf":[],"_links":{"self":[{"href":"https:\/\/modrastijena.com\/hr\/wp-json\/wp\/v2\/product\/27264","targetHints":{"allow":["GET"]}}],"collection":[{"href":"https:\/\/modrastijena.com\/hr\/wp-json\/wp\/v2\/product"}],"about":[{"href":"https:\/\/modrastijena.com\/hr\/wp-json\/wp\/v2\/types\/product"}],"wp:featuredmedia":[{"embeddable":true,"href":"https:\/\/modrastijena.com\/hr\/wp-json\/"}],"wp:attachment":[{"href":"https:\/\/modrastijena.com\/hr\/wp-json\/wp\/v2\/media?parent=27264"}],"wp:term":[{"taxonomy":"product_brand","embeddable":true,"href":"https:\/\/modrastijena.com\/hr\/wp-json\/wp\/v2\/product_brand?post=27264"},{"taxonomy":"product_oblik","embeddable":true,"href":"https:\/\/modrastijena.com\/hr\/wp-json\/wp\/v2\/product_oblik?post=27264"},{"taxonomy":"product_cat","embeddable":true,"href":"https:\/\/modrastijena.com\/hr\/wp-json\/wp\/v2\/product_cat?post=27264"},{"taxonomy":"product_tag","embeddable":true,"href":"https:\/\/modrastijena.com\/hr\/wp-json\/wp\/v2\/product_tag?post=27264"}],"curies":[{"name":"wp","href":"https:\/\/api.w.org\/{rel}","templated":true}]}}