{"id":27089,"date":"2023-04-24T14:07:23","date_gmt":"2023-04-24T14:07:23","guid":{"rendered":"https:\/\/modrastijena.com\/hr\/proizvod\/traka-mapeband-bst-8x15-m-mapei\/"},"modified":"2024-08-01T10:41:46","modified_gmt":"2024-08-01T10:41:46","slug":"traka-mapeband-bst-8x15-m-mapei","status":"publish","type":"product","link":"https:\/\/modrastijena.com\/hr\/proizvod\/traka-mapeband-bst-8x15-m-mapei\/","title":{"rendered":"Traka Mapeband BST 8&#215;15 m, samoljepljiva (Mapei)"},"content":{"rendered":"<p>Cijena trake MAPEBAND iznosi 7 KM\/m &#8216;<\/p>\n<p style=\"background: white;margin: 0cm 0cm 12.5pt 0cm\"><span lang=\"HR\" style=\"font-size: 11.0pt;color: #535353\">Gumirana poliesterska traka, elementi za rubove i kutove, man\u0161ete za brtvljenje dilatacijskih spojeva Podru\u010dje primjene: Mapeband se primjenjuje na unutarnjim i vanjskim povr\u0161inama podloga za:<\/span><\/p>\n<ul>\n<li style=\"background: white none repeat scroll 0% 0%\"><span lang=\"HR\" style=\"font-size: 11.0pt;color: #535353\">brtvljenje rubova i kutova na spojevima zidova te zidova i podova svih vrsta uobi\u010dajenih podloga koje su obra\u0111ene Mapegum-om WP i\/ili Mapelastic-om;<\/span><\/li>\n<li style=\"background: white none repeat scroll 0% 0%\"><span lang=\"HR\" style=\"font-size: 11.0pt;color: #535353\">fleksibilno brtvljenje dilatacijskih spojeva na balkonima i terasama koje su obra\u0111ene Mapelastic-om;<\/span><\/li>\n<li style=\"background: white none repeat scroll 0% 0%\"><span lang=\"HR\" style=\"font-size: 11.0pt;color: #535353\">brtvljenje instalacijskih priklju\u010daka i odvoda u kupaonicama, tu\u0161 kabinama i kuhinjama u kombinaciji s Mapegum-om WPS i\/ili Mapelastic-om;<\/span><\/li>\n<li style=\"background: white none repeat scroll 0% 0%\"><span lang=\"HR\" style=\"font-size: 11.0pt;color: #535353\">brtvljenje dilatacijskih spojeva izme\u0111u prefabriciranih elemenata.<br \/>\n<\/span><\/li>\n<\/ul>\n<p><span lang=\"HR\" style=\"font-size: 11.0pt;color: #535353\">AMBALA\u017dA: traka &#8211; role 15 m<\/span><\/p>\n","protected":false},"excerpt":{"rendered":"<p>Cijena trake MAPEBAND iznosi 7 KM\/m &#8216; Gumirana poliesterska traka, elementi za rubove i kutove, man\u0161ete za brtvljenje dilatacijskih spojeva Podru\u010dje primjene: Mapeband se primjenjuje na unutarnjim i vanjskim povr\u0161inama podloga za: brtvljenje rubova i kutova na spojevima zidova te zidova i podova svih vrsta uobi\u010dajenih podloga koje su obra\u0111ene Mapegum-om WP i\/ili Mapelastic-om; fleksibilno [&hellip;]<\/p>\n","protected":false},"featured_media":10000002387,"template":"","meta":{"_acf_changed":false},"product_brand":[727],"product_oblik":[],"product_cat":[62,63],"product_tag":[],"class_list":{"0":"post-27089","1":"product","2":"type-product","3":"status-publish","4":"has-post-thumbnail","6":"product_brand-mapei","7":"product_cat-ostalo","8":"product_cat-materijali-za-polaganje","10":"first","11":"instock","12":"shipping-taxable","13":"purchasable","14":"product-type-simple"},"acf":[],"_links":{"self":[{"href":"https:\/\/modrastijena.com\/hr\/wp-json\/wp\/v2\/product\/27089","targetHints":{"allow":["GET"]}}],"collection":[{"href":"https:\/\/modrastijena.com\/hr\/wp-json\/wp\/v2\/product"}],"about":[{"href":"https:\/\/modrastijena.com\/hr\/wp-json\/wp\/v2\/types\/product"}],"wp:featuredmedia":[{"embeddable":true,"href":"https:\/\/modrastijena.com\/hr\/wp-json\/"}],"wp:attachment":[{"href":"https:\/\/modrastijena.com\/hr\/wp-json\/wp\/v2\/media?parent=27089"}],"wp:term":[{"taxonomy":"product_brand","embeddable":true,"href":"https:\/\/modrastijena.com\/hr\/wp-json\/wp\/v2\/product_brand?post=27089"},{"taxonomy":"product_oblik","embeddable":true,"href":"https:\/\/modrastijena.com\/hr\/wp-json\/wp\/v2\/product_oblik?post=27089"},{"taxonomy":"product_cat","embeddable":true,"href":"https:\/\/modrastijena.com\/hr\/wp-json\/wp\/v2\/product_cat?post=27089"},{"taxonomy":"product_tag","embeddable":true,"href":"https:\/\/modrastijena.com\/hr\/wp-json\/wp\/v2\/product_tag?post=27089"}],"curies":[{"name":"wp","href":"https:\/\/api.w.org\/{rel}","templated":true}]}}