{"id":27069,"date":"2023-05-03T10:43:29","date_gmt":"2023-05-03T10:43:29","guid":{"rendered":"https:\/\/modrastijena.com\/hr\/proizvod\/windo-120-nero-edilkamin\/"},"modified":"2024-08-01T07:48:20","modified_gmt":"2024-08-01T07:48:20","slug":"windo-120-nero-edilkamin","status":"publish","type":"product","link":"https:\/\/modrastijena.com\/hr\/proizvod\/windo-120-nero-edilkamin\/","title":{"rendered":"Windo 120 nero (EdilKamin)"},"content":{"rendered":"<p>Tehni\u010dki podaci:<\/p>\n<ul>\n<li>Dimenzije cm: 143x53x135<\/li>\n<li>Dimenzija lo\u017ei\u0161ta cm (W x D x H): 114x31x45<\/li>\n<li>Nominalna toplinska snaga kW: 19<\/li>\n<li>U\u010dinkovitost-iskoristivost %: 78<\/li>\n<li>Potro\u0161nja goriva(drvo) kg\/h: 5,3<\/li>\n<li>Promjer dimnjaka\u00a0 cm: 18<\/li>\n<li>Ukupna te\u017eina kg: 430<\/li>\n<li>Mogu\u0107nost zagrijavanja m\u00b3: 495<\/li>\n<\/ul>\n","protected":false},"excerpt":{"rendered":"<p>Tehni\u010dki podaci: Dimenzije cm: 143x53x135 Dimenzija lo\u017ei\u0161ta cm (W x D x H): 114x31x45 Nominalna toplinska snaga kW: 19 U\u010dinkovitost-iskoristivost %: 78 Potro\u0161nja goriva(drvo) kg\/h: 5,3 Promjer dimnjaka\u00a0 cm: 18 Ukupna te\u017eina kg: 430 Mogu\u0107nost zagrijavanja m\u00b3: 495<\/p>\n","protected":false},"featured_media":10000003023,"template":"","meta":{"_acf_changed":false},"product_brand":[709],"product_oblik":[],"product_cat":[95,96],"product_tag":[97,98,99,100,102,103,105,341,107,108],"class_list":{"0":"post-27069","1":"product","2":"type-product","3":"status-publish","4":"has-post-thumbnail","6":"product_brand-edilkamin","7":"product_cat-kamini-i-peci","8":"product_cat-kamini","9":"product_tag-drva","10":"product_tag-fire","11":"product_tag-fireplaces","12":"product_tag-grijanje","13":"product_tag-kamin","14":"product_tag-kamin-na-drva","15":"product_tag-modern-fireplaces","16":"product_tag-talijanski-kamin","17":"product_tag-ugradbeni-kamin","18":"product_tag-vatra","20":"first","21":"instock","22":"shipping-taxable","23":"purchasable","24":"product-type-simple"},"acf":[],"_links":{"self":[{"href":"https:\/\/modrastijena.com\/hr\/wp-json\/wp\/v2\/product\/27069","targetHints":{"allow":["GET"]}}],"collection":[{"href":"https:\/\/modrastijena.com\/hr\/wp-json\/wp\/v2\/product"}],"about":[{"href":"https:\/\/modrastijena.com\/hr\/wp-json\/wp\/v2\/types\/product"}],"wp:featuredmedia":[{"embeddable":true,"href":"https:\/\/modrastijena.com\/hr\/wp-json\/"}],"wp:attachment":[{"href":"https:\/\/modrastijena.com\/hr\/wp-json\/wp\/v2\/media?parent=27069"}],"wp:term":[{"taxonomy":"product_brand","embeddable":true,"href":"https:\/\/modrastijena.com\/hr\/wp-json\/wp\/v2\/product_brand?post=27069"},{"taxonomy":"product_oblik","embeddable":true,"href":"https:\/\/modrastijena.com\/hr\/wp-json\/wp\/v2\/product_oblik?post=27069"},{"taxonomy":"product_cat","embeddable":true,"href":"https:\/\/modrastijena.com\/hr\/wp-json\/wp\/v2\/product_cat?post=27069"},{"taxonomy":"product_tag","embeddable":true,"href":"https:\/\/modrastijena.com\/hr\/wp-json\/wp\/v2\/product_tag?post=27069"}],"curies":[{"name":"wp","href":"https:\/\/api.w.org\/{rel}","templated":true}]}}