{"id":27032,"date":"2023-05-18T10:42:46","date_gmt":"2023-05-18T10:42:46","guid":{"rendered":"https:\/\/modrastijena.com\/hr\/proizvod\/industrial-moka-60x60-cm-nat\/"},"modified":"2025-08-08T13:58:37","modified_gmt":"2025-08-08T13:58:37","slug":"industrial-moka-60x60-cm-nat","status":"publish","type":"product","link":"https:\/\/modrastijena.com\/hr\/proizvod\/industrial-moka-60x60-cm-nat\/?paket_m2=1.08","title":{"rendered":"Industrial Moka Nat 60&#215;120 cm"},"content":{"rendered":"<p style=\"margin: 0cm;margin-bottom: .0001pt\">Komada u paketu: 2<\/p>\n<p style=\"margin: 0cm;margin-bottom: .0001pt\">Paket m\u00b2: 1,44<\/p>\n<p style=\"margin: 0cm;margin-bottom: .0001pt\">Te\u017eina paketa kg: 32,40<\/p>\n<p>Cijene su izra\u017eene u konvertibilnim markama po m\u00b2. Kona\u010dna cijena se obra\u010dunava po koli\u010dini\/broju paketa koje naru\u010dujete.<\/p>\n","protected":false},"excerpt":{"rendered":"<p>retificirana, komercijalna klasa, talijanska keramika Florim<\/p>\n","protected":false},"featured_media":100000028216,"template":"","meta":{"_acf_changed":false},"product_brand":[710],"product_oblik":[],"product_cat":[54],"product_tag":[260,261,262,184,56,189,178,179,266,371],"class_list":{"0":"post-27032","1":"product","2":"type-product","3":"status-publish","4":"has-post-thumbnail","6":"product_brand-florim","7":"product_cat-keramika","8":"product_tag-ceramics","9":"product_tag-floor","10":"product_tag-flooring","11":"product_tag-gres","12":"product_tag-gres-keramika","13":"product_tag-gres-plocice","14":"product_tag-podna-keramika","15":"product_tag-podne-plocice","16":"product_tag-tiles","17":"product_tag-unutarnja-keramika","19":"first","20":"instock","21":"shipping-taxable","22":"purchasable","23":"product-type-simple"},"acf":[],"_links":{"self":[{"href":"https:\/\/modrastijena.com\/hr\/wp-json\/wp\/v2\/product\/27032","targetHints":{"allow":["GET"]}}],"collection":[{"href":"https:\/\/modrastijena.com\/hr\/wp-json\/wp\/v2\/product"}],"about":[{"href":"https:\/\/modrastijena.com\/hr\/wp-json\/wp\/v2\/types\/product"}],"wp:featuredmedia":[{"embeddable":true,"href":"https:\/\/modrastijena.com\/hr\/wp-json\/"}],"wp:attachment":[{"href":"https:\/\/modrastijena.com\/hr\/wp-json\/wp\/v2\/media?parent=27032"}],"wp:term":[{"taxonomy":"product_brand","embeddable":true,"href":"https:\/\/modrastijena.com\/hr\/wp-json\/wp\/v2\/product_brand?post=27032"},{"taxonomy":"product_oblik","embeddable":true,"href":"https:\/\/modrastijena.com\/hr\/wp-json\/wp\/v2\/product_oblik?post=27032"},{"taxonomy":"product_cat","embeddable":true,"href":"https:\/\/modrastijena.com\/hr\/wp-json\/wp\/v2\/product_cat?post=27032"},{"taxonomy":"product_tag","embeddable":true,"href":"https:\/\/modrastijena.com\/hr\/wp-json\/wp\/v2\/product_tag?post=27032"}],"curies":[{"name":"wp","href":"https:\/\/api.w.org\/{rel}","templated":true}]}}