{"id":27031,"date":"2023-05-18T11:00:33","date_gmt":"2023-05-18T11:00:33","guid":{"rendered":"https:\/\/modrastijena.com\/hr\/proizvod\/industrial-sage-60x120-cm-nat\/"},"modified":"2024-05-19T10:08:55","modified_gmt":"2024-05-19T10:08:55","slug":"industrial-sage-60x120-cm-nat","status":"publish","type":"product","link":"https:\/\/modrastijena.com\/hr\/proizvod\/industrial-sage-60x120-cm-nat\/?paket_m2=1.44","title":{"rendered":"Industrial Sage Nat 60\u00d7120 cm"},"content":{"rendered":"<p style=\"margin: 0cm;margin-bottom: .0001pt\">Komada u paketu: 2<\/p>\n<p style=\"margin: 0cm;margin-bottom: .0001pt\">Paket m\u00b2: 1,44<\/p>\n<p style=\"margin: 0cm;margin-bottom: .0001pt\">Te\u017eina paketa: 32,40 kg<\/p>\n<p>&nbsp;<\/p>\n<p><strong>Napomena:\u00a0\u00a0\u00a0\u00a0\u00a0\u00a0\u00a0\u00a0 <\/strong><\/p>\n<p>Cijene su izra\u017eene u konvertibilnim markama po m\u00b2. Kona\u010dna cijena se obra\u010dunava po koli\u010dini\/broju paketa koje naru\u010dujete.<\/p>\n<p>Provjerite dostupnost u prodajnim salonima Modre Stijene.<\/p>\n<p>Fotografije ne moraju nu\u017eno u potpunosti odgovarati stvarnom izgledu proizvoda.<\/p>\n","protected":false},"excerpt":{"rendered":"<p>retificirana, gres plo\u010dica, komercijalna klasa, talijanski proizvo\u0111a\u010d Florim<\/p>\n","protected":false},"featured_media":10000003131,"template":"","meta":{"_acf_changed":false},"product_brand":[710],"product_oblik":[],"product_cat":[54],"product_tag":[313,260,145,261,262,56,189,277,192,57,559,314,155,169,284,174,31,58,266,40],"class_list":{"0":"post-27031","1":"product","2":"type-product","3":"status-publish","4":"has-post-thumbnail","6":"product_brand-florim","7":"product_cat-keramika","8":"product_tag-bathroom","9":"product_tag-ceramics","10":"product_tag-dnevni-boravak","11":"product_tag-floor","12":"product_tag-flooring","13":"product_tag-gres-keramika","14":"product_tag-gres-plocice","15":"product_tag-hallway","16":"product_tag-hodnik","17":"product_tag-keramika","18":"product_tag-keramika-za-kupatilo","19":"product_tag-kitchen","20":"product_tag-kuhinja","21":"product_tag-kupaonica","22":"product_tag-living-room","23":"product_tag-plocice","24":"product_tag-pod","25":"product_tag-terasa","26":"product_tag-tiles","27":"product_tag-zid","29":"first","30":"instock","31":"shipping-taxable","32":"purchasable","33":"product-type-simple"},"acf":[],"_links":{"self":[{"href":"https:\/\/modrastijena.com\/hr\/wp-json\/wp\/v2\/product\/27031","targetHints":{"allow":["GET"]}}],"collection":[{"href":"https:\/\/modrastijena.com\/hr\/wp-json\/wp\/v2\/product"}],"about":[{"href":"https:\/\/modrastijena.com\/hr\/wp-json\/wp\/v2\/types\/product"}],"wp:featuredmedia":[{"embeddable":true,"href":"https:\/\/modrastijena.com\/hr\/wp-json\/"}],"wp:attachment":[{"href":"https:\/\/modrastijena.com\/hr\/wp-json\/wp\/v2\/media?parent=27031"}],"wp:term":[{"taxonomy":"product_brand","embeddable":true,"href":"https:\/\/modrastijena.com\/hr\/wp-json\/wp\/v2\/product_brand?post=27031"},{"taxonomy":"product_oblik","embeddable":true,"href":"https:\/\/modrastijena.com\/hr\/wp-json\/wp\/v2\/product_oblik?post=27031"},{"taxonomy":"product_cat","embeddable":true,"href":"https:\/\/modrastijena.com\/hr\/wp-json\/wp\/v2\/product_cat?post=27031"},{"taxonomy":"product_tag","embeddable":true,"href":"https:\/\/modrastijena.com\/hr\/wp-json\/wp\/v2\/product_tag?post=27031"}],"curies":[{"name":"wp","href":"https:\/\/api.w.org\/{rel}","templated":true}]}}