{"id":27018,"date":"2023-05-19T12:32:24","date_gmt":"2023-05-19T12:32:24","guid":{"rendered":"https:\/\/modrastijena.com\/hr\/proizvod\/airtech-stocholm-greige-30x60-cm-str\/"},"modified":"2024-09-07T08:35:49","modified_gmt":"2024-09-07T08:35:49","slug":"airtech-stocholm-greige-30x60-cm-str","status":"publish","type":"product","link":"https:\/\/modrastijena.com\/hr\/proizvod\/airtech-stocholm-greige-30x60-cm-str\/?paket_m2=1.08","title":{"rendered":"Airtech Stocholm Greige STR 30&#215;60 cm"},"content":{"rendered":"<p style=\"margin: 0cm\"><span lang=\"HR\">Komada u paketu: 6<\/span><\/p>\n<p style=\"margin: 0cm\"><span lang=\"HR\">Paket m\u00b2: 1,08<\/span><\/p>\n<p style=\"margin: 0cm\"><span lang=\"HR\">Te\u017eina paketa: 24,20 kg<\/span><\/p>\n<p>&nbsp;<\/p>\n<p>Cijene su izra\u017eene u konvertibilnim markama po m\u00b2. Kona\u010dna cijena se obra\u010dunava po koli\u010dini\/broju paketa koje naru\u010dujete.<\/p>\n","protected":false},"excerpt":{"rendered":"<p>gres plo\u010dica, laserski rezana, komercijalna klasa, talijanski proizvo\u0111a\u010d Florim<\/p>\n","protected":false},"featured_media":10000003120,"template":"","meta":{"_acf_changed":false},"product_brand":[710],"product_oblik":[],"product_cat":[54],"product_tag":[260,146,261,184,56,189,57,220,466,31,58,540,266,206,338],"class_list":{"0":"post-27018","1":"product","2":"type-product","3":"status-publish","4":"has-post-thumbnail","6":"product_brand-florim","7":"product_cat-keramika","8":"product_tag-ceramics","9":"product_tag-eksterijer","10":"product_tag-floor","11":"product_tag-gres","12":"product_tag-gres-keramika","13":"product_tag-gres-plocice","14":"product_tag-keramika","15":"product_tag-oblaganje-poda","16":"product_tag-outdoor","17":"product_tag-pod","18":"product_tag-terasa","19":"product_tag-terrace","20":"product_tag-tiles","21":"product_tag-vanjska-keramika","22":"product_tag-vanjske-plocice","24":"first","25":"outofstock","26":"shipping-taxable","27":"purchasable","28":"product-type-simple"},"acf":[],"_links":{"self":[{"href":"https:\/\/modrastijena.com\/hr\/wp-json\/wp\/v2\/product\/27018","targetHints":{"allow":["GET"]}}],"collection":[{"href":"https:\/\/modrastijena.com\/hr\/wp-json\/wp\/v2\/product"}],"about":[{"href":"https:\/\/modrastijena.com\/hr\/wp-json\/wp\/v2\/types\/product"}],"wp:featuredmedia":[{"embeddable":true,"href":"https:\/\/modrastijena.com\/hr\/wp-json\/"}],"wp:attachment":[{"href":"https:\/\/modrastijena.com\/hr\/wp-json\/wp\/v2\/media?parent=27018"}],"wp:term":[{"taxonomy":"product_brand","embeddable":true,"href":"https:\/\/modrastijena.com\/hr\/wp-json\/wp\/v2\/product_brand?post=27018"},{"taxonomy":"product_oblik","embeddable":true,"href":"https:\/\/modrastijena.com\/hr\/wp-json\/wp\/v2\/product_oblik?post=27018"},{"taxonomy":"product_cat","embeddable":true,"href":"https:\/\/modrastijena.com\/hr\/wp-json\/wp\/v2\/product_cat?post=27018"},{"taxonomy":"product_tag","embeddable":true,"href":"https:\/\/modrastijena.com\/hr\/wp-json\/wp\/v2\/product_tag?post=27018"}],"curies":[{"name":"wp","href":"https:\/\/api.w.org\/{rel}","templated":true}]}}