{"id":27012,"date":"2023-05-31T07:40:44","date_gmt":"2023-05-31T07:40:44","guid":{"rendered":"https:\/\/modrastijena.com\/hr\/proizvod\/travertin-romano-silver\/"},"modified":"2024-09-23T15:02:49","modified_gmt":"2024-09-23T15:02:49","slug":"travertin-romano-silver","status":"publish","type":"product","link":"https:\/\/modrastijena.com\/hr\/proizvod\/travertin-romano-silver\/","title":{"rendered":"Travertin Romano Silver"},"content":{"rendered":"<p><span class=\"OYPEnA font-feature-liga-off font-feature-clig-off font-feature-calt-off text-decoration-none text-strikethrough-none\">Potje\u010de iz nekoliko dijelova svijeta, uklju\u010duju\u0107i i Italiju, gdje su nalazi\u0161ta travertina bogata povije\u0161\u0107u i zna\u010dajem. Formirao se kroz tisu\u0107e godina procesom talo\u017eenja minerala iz termalnih voda, stvaraju\u0107i prepoznatljive slojeve i teksture. Koristio se u poznatim gra\u0111evinama poput rimskog Koloseuma, Trga sv. Petra u Vatikanu, te Fontane di Trevi, \u0161to isti\u010de njegovu dugotrajnu povijest i trajnu privla\u010dnost u arhitekturi. <\/span>Travertin Romano Silver je kompaktni vapnenac u be\u017e boji s nagla\u0161enim sivim linijama. Povr\u0161ina sadr\u017ei male pore koje se mogu, ali i ne moraju ispuniti, ovisno o zahtjevu. Njegova suvremena kombinacija sive i be\u017e boje omogu\u0107uje \u0161irok spektar primjene u razli\u010ditim dizajnerskim projektima, od radnih plo\u010da do zidnih panela, blagovaonskih stolova i namje\u0161taja.<\/p>\n<p>Dostupan je u debljini 2cm i 3 cm.<\/p>\n<p><b>Napomena:<\/b><br \/>\nKamen je prirodan materijal i svaka kamena plo\u010da je unikatna, stoga preporu\u010dujemo da vidite uzorak kamena u jednoj od na\u0161ih poslovnica. Fotografije ne moraju nu\u017eno u potpunosti odgovarati stvarnom izgledu proizvoda. Provjerite dostupnost u prodajnim salonima Modre Stijene.<\/p>\n","protected":false},"excerpt":{"rendered":"<p>Potje\u010de iz nekoliko dijelova svijeta, uklju\u010duju\u0107i i Italiju, gdje su nalazi\u0161ta travertina bogata povije\u0161\u0107u i zna\u010dajem. Formirao se kroz tisu\u0107e godina procesom talo\u017eenja minerala iz termalnih voda, stvaraju\u0107i prepoznatljive slojeve i teksture. Koristio se u poznatim gra\u0111evinama poput rimskog Koloseuma, Trga sv. Petra u Vatikanu, te Fontane di Trevi, \u0161to isti\u010de njegovu dugotrajnu povijest i [&hellip;]<\/p>\n","protected":false},"featured_media":10000003173,"template":"","meta":{"_acf_changed":false},"product_brand":[],"product_oblik":[],"product_cat":[22,144],"product_tag":[542,46,27,394,134,384,33,37,48,126,148,395],"class_list":{"0":"post-27012","1":"product","2":"type-product","3":"status-publish","4":"has-post-thumbnail","6":"product_cat-kamen","7":"product_cat-travertini","8":"product_tag-interior","9":"product_tag-kamen","10":"product_tag-kameni-stol","11":"product_tag-luksuz","12":"product_tag-natural-stone","13":"product_tag-novo","14":"product_tag-prirodni-kamen","15":"product_tag-stol","16":"product_tag-stubiste","17":"product_tag-talijanski-kamen","18":"product_tag-travertin","19":"product_tag-uredenje-interijera","21":"first","22":"instock","23":"shipping-taxable","24":"product-type-simple"},"acf":[],"_links":{"self":[{"href":"https:\/\/modrastijena.com\/hr\/wp-json\/wp\/v2\/product\/27012","targetHints":{"allow":["GET"]}}],"collection":[{"href":"https:\/\/modrastijena.com\/hr\/wp-json\/wp\/v2\/product"}],"about":[{"href":"https:\/\/modrastijena.com\/hr\/wp-json\/wp\/v2\/types\/product"}],"wp:featuredmedia":[{"embeddable":true,"href":"https:\/\/modrastijena.com\/hr\/wp-json\/"}],"wp:attachment":[{"href":"https:\/\/modrastijena.com\/hr\/wp-json\/wp\/v2\/media?parent=27012"}],"wp:term":[{"taxonomy":"product_brand","embeddable":true,"href":"https:\/\/modrastijena.com\/hr\/wp-json\/wp\/v2\/product_brand?post=27012"},{"taxonomy":"product_oblik","embeddable":true,"href":"https:\/\/modrastijena.com\/hr\/wp-json\/wp\/v2\/product_oblik?post=27012"},{"taxonomy":"product_cat","embeddable":true,"href":"https:\/\/modrastijena.com\/hr\/wp-json\/wp\/v2\/product_cat?post=27012"},{"taxonomy":"product_tag","embeddable":true,"href":"https:\/\/modrastijena.com\/hr\/wp-json\/wp\/v2\/product_tag?post=27012"}],"curies":[{"name":"wp","href":"https:\/\/api.w.org\/{rel}","templated":true}]}}