{"id":27010,"date":"2023-05-31T08:24:36","date_gmt":"2023-05-31T08:24:36","guid":{"rendered":"https:\/\/modrastijena.com\/hr\/proizvod\/onyx-beige\/"},"modified":"2024-08-28T12:34:11","modified_gmt":"2024-08-28T12:34:11","slug":"onyx-beige","status":"publish","type":"product","link":"https:\/\/modrastijena.com\/hr\/proizvod\/onyx-beige\/","title":{"rendered":"Onyx Beige"},"content":{"rendered":"<p>Poludragi kamen koji je predstavnik luksuza, kako u interijerima, tako i u eksterijerima. Razli\u010ditih je boja, transparentan je i jako je cijenjen materijal za oblaganje ili izradu dekorativnih predmeta. Prilikom izrade namje\u0161taja, ispod oniksa ugra\u0111uje se svjetlost koja prodire kroz poludragi kamen i tako cijeli interijer \u010dini jedinstvenim.<\/p>\n<p><b>Napomena:<\/b><br \/>\nKamen je prirodan materijal i svaka kamena plo\u010da je unikatna, stoga preporu\u010dujemo da vidite uzorak kamena u jednoj od na\u0161ih poslovnica. Fotografije ne moraju nu\u017eno u potpunosti odgovarati stvarnom izgledu proizvoda. Provjerite dostupnost u prodajnim salonima Modre Stijene.<\/p>\n","protected":false},"excerpt":{"rendered":"<p>Poludragi kamen koji je predstavnik luksuza, kako u interijerima, tako i u eksterijerima. Razli\u010ditih je boja, transparentan je i jako je cijenjen materijal za oblaganje ili izradu dekorativnih predmeta. Prilikom izrade namje\u0161taja, ispod oniksa ugra\u0111uje se svjetlost koja prodire kroz poludragi kamen i tako cijeli interijer \u010dini jedinstvenim. Napomena: Kamen je prirodan materijal i svaka [&hellip;]<\/p>\n","protected":false},"featured_media":10000003179,"template":"","meta":{"_acf_changed":false},"product_brand":[],"product_oblik":[],"product_cat":[22,560],"product_tag":[124,522,147,542,46,561,563,384,562,33,395],"class_list":{"0":"post-27010","1":"product","2":"type-product","3":"status-publish","4":"has-post-thumbnail","6":"product_cat-kamen","7":"product_cat-onyx","8":"product_tag-dekorativni-kamen","9":"product_tag-home-design","10":"product_tag-interijer","11":"product_tag-interior","12":"product_tag-kamen","13":"product_tag-moderan-dizajn","14":"product_tag-modern-design","15":"product_tag-novo","16":"product_tag-poludragi-kamen","17":"product_tag-prirodni-kamen","18":"product_tag-uredenje-interijera","20":"first","21":"instock","22":"shipping-taxable","23":"product-type-simple"},"acf":[],"_links":{"self":[{"href":"https:\/\/modrastijena.com\/hr\/wp-json\/wp\/v2\/product\/27010","targetHints":{"allow":["GET"]}}],"collection":[{"href":"https:\/\/modrastijena.com\/hr\/wp-json\/wp\/v2\/product"}],"about":[{"href":"https:\/\/modrastijena.com\/hr\/wp-json\/wp\/v2\/types\/product"}],"wp:featuredmedia":[{"embeddable":true,"href":"https:\/\/modrastijena.com\/hr\/wp-json\/"}],"wp:attachment":[{"href":"https:\/\/modrastijena.com\/hr\/wp-json\/wp\/v2\/media?parent=27010"}],"wp:term":[{"taxonomy":"product_brand","embeddable":true,"href":"https:\/\/modrastijena.com\/hr\/wp-json\/wp\/v2\/product_brand?post=27010"},{"taxonomy":"product_oblik","embeddable":true,"href":"https:\/\/modrastijena.com\/hr\/wp-json\/wp\/v2\/product_oblik?post=27010"},{"taxonomy":"product_cat","embeddable":true,"href":"https:\/\/modrastijena.com\/hr\/wp-json\/wp\/v2\/product_cat?post=27010"},{"taxonomy":"product_tag","embeddable":true,"href":"https:\/\/modrastijena.com\/hr\/wp-json\/wp\/v2\/product_tag?post=27010"}],"curies":[{"name":"wp","href":"https:\/\/api.w.org\/{rel}","templated":true}]}}