{"id":27005,"date":"2025-05-04T14:00:09","date_gmt":"2025-05-04T14:00:09","guid":{"rendered":"https:\/\/modrastijena.com\/hr\/proizvod\/acquatondo-29-prismatic-edilkamin\/"},"modified":"2025-09-15T09:46:43","modified_gmt":"2025-09-15T09:46:43","slug":"acquatondo-29-prismatic-edilkamin","status":"publish","type":"product","link":"https:\/\/modrastijena.com\/hr\/proizvod\/acquatondo-29-prismatic-edilkamin\/","title":{"rendered":"Acquatondo 29 Prismatic (Edilkamin)"},"content":{"rendered":"<p>Tehni\u010dki podaci:<\/p>\n<ul>\n<li>Dimenzija cm: 99x78x138,5<\/li>\n<li>Dimenzija lo\u017ei\u0161ta cm: 74x55x50<\/li>\n<li>Max snaga &#8211; toplina kW: 28,1<\/li>\n<li>Korisna snaga &#8211; vode kW: 17,4<\/li>\n<li>Efikasnost &#8211; u\u010dinkovitost %: 81,5<\/li>\n<li>Potro\u0161nja goriva kg\/h: 7,5<\/li>\n<li>Sadr\u017eaj vode l: 90<\/li>\n<li>Promjer dimnjaka cm: 25<\/li>\n<li>Vanjski zrak cm: 12,5<\/li>\n<li>Ukupna te\u017eina kg: 302\/311<\/li>\n<li>Zagrijava m\u00b3: 730<\/li>\n<\/ul>\n","protected":false},"excerpt":{"rendered":"<p>Tehni\u010dki podaci: Dimenzija cm: 99x78x138,5 Dimenzija lo\u017ei\u0161ta cm: 74x55x50 Max snaga &#8211; toplina kW: 28,1 Korisna snaga &#8211; vode kW: 17,4 Efikasnost &#8211; u\u010dinkovitost %: 81,5 Potro\u0161nja goriva kg\/h: 7,5 Sadr\u017eaj vode l: 90 Promjer dimnjaka cm: 25 Vanjski zrak cm: 12,5 Ukupna te\u017eina kg: 302\/311 Zagrijava m\u00b3: 730<\/p>\n","protected":false},"featured_media":10000003192,"template":"","meta":{"_acf_changed":false},"product_brand":[709],"product_oblik":[],"product_cat":[95,96,339],"product_tag":[566,564,100,102,561,105,567,108],"class_list":{"0":"post-27005","1":"product","2":"type-product","3":"status-publish","4":"has-post-thumbnail","6":"product_brand-edilkamin","7":"product_cat-kamini-i-peci","8":"product_cat-kamini","9":"product_cat-kamini-za-centralno-grijanje","10":"product_tag-centralno-grijanje","11":"product_tag-fireplace","12":"product_tag-grijanje","13":"product_tag-kamin","14":"product_tag-moderan-dizajn","15":"product_tag-modern-fireplaces","16":"product_tag-talijanska-kvaliteta","17":"product_tag-vatra","19":"first","20":"instock","21":"shipping-taxable","22":"purchasable","23":"product-type-simple"},"acf":[],"_links":{"self":[{"href":"https:\/\/modrastijena.com\/hr\/wp-json\/wp\/v2\/product\/27005","targetHints":{"allow":["GET"]}}],"collection":[{"href":"https:\/\/modrastijena.com\/hr\/wp-json\/wp\/v2\/product"}],"about":[{"href":"https:\/\/modrastijena.com\/hr\/wp-json\/wp\/v2\/types\/product"}],"wp:featuredmedia":[{"embeddable":true,"href":"https:\/\/modrastijena.com\/hr\/wp-json\/"}],"wp:attachment":[{"href":"https:\/\/modrastijena.com\/hr\/wp-json\/wp\/v2\/media?parent=27005"}],"wp:term":[{"taxonomy":"product_brand","embeddable":true,"href":"https:\/\/modrastijena.com\/hr\/wp-json\/wp\/v2\/product_brand?post=27005"},{"taxonomy":"product_oblik","embeddable":true,"href":"https:\/\/modrastijena.com\/hr\/wp-json\/wp\/v2\/product_oblik?post=27005"},{"taxonomy":"product_cat","embeddable":true,"href":"https:\/\/modrastijena.com\/hr\/wp-json\/wp\/v2\/product_cat?post=27005"},{"taxonomy":"product_tag","embeddable":true,"href":"https:\/\/modrastijena.com\/hr\/wp-json\/wp\/v2\/product_tag?post=27005"}],"curies":[{"name":"wp","href":"https:\/\/api.w.org\/{rel}","templated":true}]}}