{"id":27004,"date":"2023-07-05T06:41:44","date_gmt":"2023-07-05T06:41:44","guid":{"rendered":"https:\/\/modrastijena.com\/hr\/proizvod\/windo3-85-edilkamin\/"},"modified":"2024-08-01T07:46:03","modified_gmt":"2024-08-01T07:46:03","slug":"windo3-85-edilkamin","status":"publish","type":"product","link":"https:\/\/modrastijena.com\/hr\/proizvod\/windo3-85-edilkamin\/","title":{"rendered":"Windo 3 85 (Edilkamin)"},"content":{"rendered":"<p>Kamin na drva. Staklo s tri strane<\/p>\n<p>Tehni\u010dki podaci:<\/p>\n<ul>\n<li>Dimenzije cm: 92x63x150<\/li>\n<li>Dimenzija lo\u017ei\u0161ta cm: 69x36x43<\/li>\n<li>Nominalna toplinska snaga kW: 13,2<\/li>\n<li>U\u010dinkovitost-iskoristivost %: 84,6<\/li>\n<li>Potro\u0161nja goriva(drvo) kg\/h: 3,4<\/li>\n<li>Promjer dimnjaka\u00a0 cm: 20<\/li>\n<li>Ukupna te\u017eina kg: 350<\/li>\n<li>Mogu\u0107nost zagrijavanja m\u00b3: 345<\/li>\n<\/ul>\n","protected":false},"excerpt":{"rendered":"<p>Kamin na drva. Staklo s tri strane Tehni\u010dki podaci: Dimenzije cm: 92x63x150 Dimenzija lo\u017ei\u0161ta cm: 69x36x43 Nominalna toplinska snaga kW: 13,2 U\u010dinkovitost-iskoristivost %: 84,6 Potro\u0161nja goriva(drvo) kg\/h: 3,4 Promjer dimnjaka\u00a0 cm: 20 Ukupna te\u017eina kg: 350 Mogu\u0107nost zagrijavanja m\u00b3: 345<\/p>\n","protected":false},"featured_media":10000003194,"template":"","meta":{"_acf_changed":false},"product_brand":[709],"product_oblik":[],"product_cat":[95,96],"product_tag":[568,564,100,102,561,105,567,569,108],"class_list":{"0":"post-27004","1":"product","2":"type-product","3":"status-publish","4":"has-post-thumbnail","6":"product_brand-edilkamin","7":"product_cat-kamini-i-peci","8":"product_cat-kamini","9":"product_tag-dom","10":"product_tag-fireplace","11":"product_tag-grijanje","12":"product_tag-kamin","13":"product_tag-moderan-dizajn","14":"product_tag-modern-fireplaces","15":"product_tag-talijanska-kvaliteta","16":"product_tag-talijanski-brand","17":"product_tag-vatra","19":"first","20":"instock","21":"shipping-taxable","22":"purchasable","23":"product-type-simple"},"acf":[],"_links":{"self":[{"href":"https:\/\/modrastijena.com\/hr\/wp-json\/wp\/v2\/product\/27004","targetHints":{"allow":["GET"]}}],"collection":[{"href":"https:\/\/modrastijena.com\/hr\/wp-json\/wp\/v2\/product"}],"about":[{"href":"https:\/\/modrastijena.com\/hr\/wp-json\/wp\/v2\/types\/product"}],"wp:featuredmedia":[{"embeddable":true,"href":"https:\/\/modrastijena.com\/hr\/wp-json\/"}],"wp:attachment":[{"href":"https:\/\/modrastijena.com\/hr\/wp-json\/wp\/v2\/media?parent=27004"}],"wp:term":[{"taxonomy":"product_brand","embeddable":true,"href":"https:\/\/modrastijena.com\/hr\/wp-json\/wp\/v2\/product_brand?post=27004"},{"taxonomy":"product_oblik","embeddable":true,"href":"https:\/\/modrastijena.com\/hr\/wp-json\/wp\/v2\/product_oblik?post=27004"},{"taxonomy":"product_cat","embeddable":true,"href":"https:\/\/modrastijena.com\/hr\/wp-json\/wp\/v2\/product_cat?post=27004"},{"taxonomy":"product_tag","embeddable":true,"href":"https:\/\/modrastijena.com\/hr\/wp-json\/wp\/v2\/product_tag?post=27004"}],"curies":[{"name":"wp","href":"https:\/\/api.w.org\/{rel}","templated":true}]}}