{"id":26998,"date":"2023-07-05T11:29:51","date_gmt":"2023-07-05T11:29:51","guid":{"rendered":"https:\/\/modrastijena.com\/hr\/proizvod\/firek-1-edilkamin\/"},"modified":"2024-08-01T07:32:22","modified_gmt":"2024-08-01T07:32:22","slug":"firek-1-edilkamin","status":"publish","type":"product","link":"https:\/\/modrastijena.com\/hr\/proizvod\/firek-1-edilkamin\/","title":{"rendered":"Firek 1 (Edilkamin)"},"content":{"rendered":"<p>Tehni\u010dki podaci:<\/p>\n<ul>\n<li>Dimenzije cm: 93\u00d763,5\u00d7155<\/li>\n<li>Dimenzija lo\u017ei\u0161ta cm: 75x48x50<\/li>\n<li>Nominalna toplinska snaga kW: 15,2<\/li>\n<li>U\u010dinkovitost \u2013 iskoristivost %: 78<\/li>\n<li>Potro\u0161nja goriva(drvo) kg\/h: 4,2<\/li>\n<li>Promjer dimnjaka \u00d8 cm: 20<\/li>\n<li>Ukupna te\u017eina kg: 251<\/li>\n<li>Mogu\u0107nost zagrijavanja m\u00b3: 395<\/li>\n<li>Ekodizajn<\/li>\n<\/ul>\n","protected":false},"excerpt":{"rendered":"<p>Tehni\u010dki podaci: Dimenzije cm: 93\u00d763,5\u00d7155 Dimenzija lo\u017ei\u0161ta cm: 75x48x50 Nominalna toplinska snaga kW: 15,2 U\u010dinkovitost \u2013 iskoristivost %: 78 Potro\u0161nja goriva(drvo) kg\/h: 4,2 Promjer dimnjaka \u00d8 cm: 20 Ukupna te\u017eina kg: 251 Mogu\u0107nost zagrijavanja m\u00b3: 395 Ekodizajn<\/p>\n","protected":false},"featured_media":1000000440,"template":"","meta":{"_acf_changed":false},"product_brand":[709],"product_oblik":[],"product_cat":[95,96],"product_tag":[100,565,101,102,573,561,341,108],"class_list":{"0":"post-26998","1":"product","2":"type-product","3":"status-publish","4":"has-post-thumbnail","6":"product_brand-edilkamin","7":"product_cat-kamini-i-peci","8":"product_cat-kamini","9":"product_tag-grijanje","10":"product_tag-grijanje-na-kamin","11":"product_tag-heating","12":"product_tag-kamin","13":"product_tag-kvaliteta","14":"product_tag-moderan-dizajn","15":"product_tag-talijanski-kamin","16":"product_tag-vatra","18":"first","19":"instock","20":"shipping-taxable","21":"purchasable","22":"product-type-simple"},"acf":[],"_links":{"self":[{"href":"https:\/\/modrastijena.com\/hr\/wp-json\/wp\/v2\/product\/26998","targetHints":{"allow":["GET"]}}],"collection":[{"href":"https:\/\/modrastijena.com\/hr\/wp-json\/wp\/v2\/product"}],"about":[{"href":"https:\/\/modrastijena.com\/hr\/wp-json\/wp\/v2\/types\/product"}],"wp:featuredmedia":[{"embeddable":true,"href":"https:\/\/modrastijena.com\/hr\/wp-json\/"}],"wp:attachment":[{"href":"https:\/\/modrastijena.com\/hr\/wp-json\/wp\/v2\/media?parent=26998"}],"wp:term":[{"taxonomy":"product_brand","embeddable":true,"href":"https:\/\/modrastijena.com\/hr\/wp-json\/wp\/v2\/product_brand?post=26998"},{"taxonomy":"product_oblik","embeddable":true,"href":"https:\/\/modrastijena.com\/hr\/wp-json\/wp\/v2\/product_oblik?post=26998"},{"taxonomy":"product_cat","embeddable":true,"href":"https:\/\/modrastijena.com\/hr\/wp-json\/wp\/v2\/product_cat?post=26998"},{"taxonomy":"product_tag","embeddable":true,"href":"https:\/\/modrastijena.com\/hr\/wp-json\/wp\/v2\/product_tag?post=26998"}],"curies":[{"name":"wp","href":"https:\/\/api.w.org\/{rel}","templated":true}]}}